{"id":29453,"date":"2025-10-27T14:40:54","date_gmt":"2025-10-27T13:40:54","guid":{"rendered":"https:\/\/defendgear.ch\/?page_id=29453"},"modified":"2025-11-16T02:54:57","modified_gmt":"2025-11-16T01:54:57","slug":"tactical_club","status":"publish","type":"page","link":"https:\/\/defendgear.ch\/fr\/tactical_club\/","title":{"rendered":"CLUB TACTIQUE DEFENDGEAR"},"content":{"rendered":"<div data-elementor-type=\"wp-page\" data-elementor-id=\"29453\" class=\"elementor elementor-29453\">\n\t\t\t\t<div class=\"wd-negative-gap elementor-element elementor-element-95f20c3 e-flex e-con-boxed wpr-particle-no wpr-jarallax-no wpr-parallax-no wpr-sticky-section-no e-con e-parent\" data-id=\"95f20c3\" data-element_type=\"container\" data-e-type=\"container\">\n\t\t\t\t\t<div class=\"e-con-inner\">\n\t\t<div class=\"elementor-element elementor-element-4a41280 e-con-full e-flex wpr-particle-no wpr-jarallax-no wpr-parallax-no wpr-sticky-section-no e-con e-child\" data-id=\"4a41280\" data-element_type=\"container\" data-e-type=\"container\">\n\t\t\t\t<div class=\"elementor-element elementor-element-00a862a color-scheme-inherit text-left elementor-widget elementor-widget-text-editor\" data-id=\"00a862a\" data-element_type=\"widget\" data-e-type=\"widget\" data-widget_type=\"text-editor.default\">\n\t\t\t\t\t\t\t\t\t<h2 style=\"text-align: center;\">Demande d'adh\u00e9sion - Rejoignez l'\u00e9lite tactique<\/h2><p>Tu veux faire plus que parler - tu veux agir, t'entra\u00eener et faire partie de l'\u00e9lite. En tant que membre du <span style=\"color: #ff0000;\"><strong>DEFENDGEAR Tactical Club<\/strong><\/span> tu t'entra\u00eenes avec des forces engag\u00e9es de la s\u00e9curit\u00e9, de la police et de la milice. Pour <span style=\"color: #ff0000;\"><strong>80 CHF par mois<\/strong><\/span> tu auras acc\u00e8s \u00e0 nos entra\u00eenements mensuels : exercices de combat au dojo, exercices \u00e0 sec avec des armes et tirs tactiques au stand de tir. Les gilets de protection et l'utilisation des fusils sont inclus ; tu apportes toi-m\u00eame tes munitions ou tu peux les acheter sur place. L'adh\u00e9sion peut \u00eatre r\u00e9sili\u00e9e chaque mois - pas de dur\u00e9e minimale.<\/p>\t\t\t\t\t\t\t\t<\/div>\n\t\t\t\t<\/div>\n\t\t<div class=\"elementor-element elementor-element-13555b3 e-con-full e-flex wpr-particle-no wpr-jarallax-no wpr-parallax-no wpr-sticky-section-no e-con e-child\" data-id=\"13555b3\" data-element_type=\"container\" data-e-type=\"container\">\n\t\t\t\t<div class=\"elementor-element elementor-element-968f9ef elementor-widget elementor-widget-video\" data-id=\"968f9ef\" data-element_type=\"widget\" data-e-type=\"widget\" data-settings=\"{&quot;video_type&quot;:&quot;hosted&quot;,&quot;controls&quot;:&quot;yes&quot;}\" data-widget_type=\"video.default\">\n\t\t\t\t\t\t\t<div class=\"e-hosted-video elementor-wrapper elementor-open-inline\">\n\t\t\t\t\t<video class=\"elementor-video\" src=\"http:\/\/defendgear.ch\/wp-content\/uploads\/2025\/11\/2_Glarus_FHD_LowQ.mp4\" controls=\"\" preload=\"metadata\" controlslist=\"nodownload\" poster=\"https:\/\/defendgear.ch\/wp-content\/uploads\/2025\/11\/DSZ2312-scaled.jpg\"><\/video>\n\t\t\t\t<\/div>\n\t\t\t\t\t\t<\/div>\n\t\t\t\t<\/div>\n\t\t\t\t\t<\/div>\n\t\t\t\t<\/div>\n\t\t<div class=\"elementor-element elementor-element-b386583 e-con-full e-flex wpr-particle-no wpr-jarallax-no wpr-parallax-no wpr-sticky-section-no e-con e-parent\" data-id=\"b386583\" data-element_type=\"container\" data-e-type=\"container\">\n\t\t\t\t<div class=\"elementor-element elementor-element-18751f8 color-scheme-inherit text-left elementor-widget elementor-widget-text-editor\" data-id=\"18751f8\" data-element_type=\"widget\" data-e-type=\"widget\" data-widget_type=\"text-editor.default\">\n\t\t\t\t\t\t\t\t\t<h3>Condition importante (\u00e0 noter)<\/h3><p>Afin de garantir le s\u00e9rieux et la s\u00e9curit\u00e9 du club, nous avons besoin, lors de l'inscription, de l'une des pi\u00e8ces justificatives suivantes - veuillez en joindre une copie : Extrait actuel du casier judiciaire (datant de moins de 3 mois) OU Permis d'acquisition d'armes ou permis de port d'armes valable (datant de moins de 2 ans) En outre, nous avons besoin d'une pi\u00e8ce d'identit\u00e9 valable (carte d'identit\u00e9, passeport ou livret pour \u00e9trangers). FORTIVEX GmbH examine chaque demande individuellement et se r\u00e9serve le droit de refuser des candidatures ou de r\u00e9silier des affiliations existantes sans avoir \u00e0 se justifier.<\/p><h3>S\u00e9curit\u00e9 et comportement<\/h3><p>Participation \u00e0 vos propres risques ; assurance personnelle recommand\u00e9e. L'alcool, les drogues et un comportement peu s\u00fbr entra\u00eenent l'exclusion imm\u00e9diate. Toutes les instructions des instructeurs sont contraignantes. Le club s'engage \u00e0 respecter les normes de s\u00e9curit\u00e9 les plus strictes.<\/p><h3>Protection des donn\u00e9es &amp; m\u00e9dias<\/h3><p>En participant, tu acceptes que des photos et des vid\u00e9os prises pendant les formations soient utilis\u00e9es par DEFENDGEAR \u00e0 des fins de marketing. Il est possible de s'y opposer par \u00e9crit. Toutes les donn\u00e9es personnelles sont trait\u00e9es de mani\u00e8re confidentielle conform\u00e9ment \u00e0 la loi suisse sur la protection des donn\u00e9es (LPD).<\/p>\t\t\t\t\t\t\t\t<\/div>\n\t\t\t\t<\/div>\n\t\t<div class=\"elementor-element elementor-element-44b0422 e-con-full wd-section-stretch e-flex wpr-particle-no wpr-jarallax-no wpr-parallax-no wpr-sticky-section-no e-con e-parent\" data-id=\"44b0422\" data-element_type=\"container\" data-e-type=\"container\" data-settings=\"{&quot;background_background&quot;:&quot;classic&quot;}\">\n\t\t\t\t<div class=\"elementor-element elementor-element-6000f2a elementor-view-default elementor-position-block-start elementor-mobile-position-block-start elementor-widget elementor-widget-icon-box\" data-id=\"6000f2a\" data-element_type=\"widget\" data-e-type=\"widget\" data-widget_type=\"icon-box.default\">\n\t\t\t\t\t\t\t<div class=\"elementor-icon-box-wrapper\">\n\n\t\t\t\t\t\t<div class=\"elementor-icon-box-icon\">\n\t\t\t\t<span  class=\"elementor-icon\">\n\t\t\t\t<svg aria-hidden=\"true\" class=\"e-font-icon-svg e-fas-percent\" viewbox=\"0 0 448 512\" xmlns=\"http:\/\/www.w3.org\/2000\/svg\"><path d=\"M112 224c61.9 0 112-50.1 112-112S173.9 0 112 0 0 50.1 0 112s50.1 112 112 112zm0-160c26.5 0 48 21.5 48 48s-21.5 48-48 48-48-21.5-48-48 21.5-48 48-48zm224 224c-61.9 0-112 50.1-112 112s50.1 112 112 112 112-50.1 112-112-50.1-112-112-112zm0 160c-26.5 0-48-21.5-48-48s21.5-48 48-48 48 21.5 48 48-21.5 48-48 48zM392.3.2l31.6-.1c19.4-.1 30.9 21.8 19.7 37.8L77.4 501.6a23.95 23.95 0 0 1-19.6 10.2l-33.4.1c-19.5 0-30.9-21.9-19.7-37.8l368-463.7C377.2 4 384.5.2 392.3.2z\"><\/path><\/svg>\t\t\t\t<\/span>\n\t\t\t<\/div>\n\t\t\t\n\t\t\t\t\t\t<div class=\"elementor-icon-box-content\">\n\n\t\t\t\t\t\t\t\t\t<h3 class=\"elementor-icon-box-title\">\n\t\t\t\t\t\t<span  >\n\t\t\t\t\t\t\t10% R\u00e9duction\t\t\t\t\t\t<\/span>\n\t\t\t\t\t<\/h3>\n\t\t\t\t\n\t\t\t\t\t\t\t\t\t<p class=\"elementor-icon-box-description\">\n\t\t\t\t\t\tChaque membre du club b\u00e9n\u00e9ficie d'une r\u00e9duction sur tous les produits de la boutique en ligne.\t\t\t\t\t<\/p>\n\t\t\t\t\n\t\t\t<\/div>\n\t\t\t\n\t\t<\/div>\n\t\t\t\t\t\t<\/div>\n\t\t\t\t<div class=\"elementor-element elementor-element-938d4a4 elementor-widget__width-auto elementor-widget elementor-widget-heading\" data-id=\"938d4a4\" data-element_type=\"widget\" data-e-type=\"widget\" data-widget_type=\"heading.default\">\n\t\t\t\t\t<h2 class=\"elementor-heading-title elementor-size-default\">Pour rejoindre le DEFENDGEAR TACTICAL CLUB, remplis le formulaire de contact.<\/h2>\t\t\t\t<\/div>\n\t\t\t\t<\/div>\n\t\t<div class=\"elementor-element elementor-element-5699169 e-flex e-con-boxed wpr-particle-no wpr-jarallax-no wpr-parallax-no wpr-sticky-section-no e-con e-parent\" data-id=\"5699169\" data-element_type=\"container\" data-e-type=\"container\">\n\t\t\t\t\t<div class=\"e-con-inner\">\n\t\t\t\t<div class=\"elementor-element elementor-element-052d7ca elementor-widget elementor-widget-shortcode\" data-id=\"052d7ca\" data-element_type=\"widget\" data-e-type=\"widget\" data-widget_type=\"shortcode.default\">\n\t\t\t\t\t\t\t<div class=\"elementor-shortcode\"><div class=\"forminator-ui forminator-custom-form forminator-custom-form-29476 forminator-design--material  forminator_ajax\" data-forminator-render=\"0\" data-form=\"forminator-module-29476\" data-uid=\"69d8114f2882b\"><br\/><\/div><form\n\t\t\t\tid=\"forminator-module-29476\"\n\t\t\t\tclass=\"forminator-ui forminator-custom-form forminator-custom-form-29476 forminator-design--material  forminator_ajax\"\n\t\t\t\tmethod=\"post\"\n\t\t\t\tdata-forminator-render=\"0\"\n\t\t\t\tdata-form-id=\"29476\"\n\t\t\t\tenctype=\"multipart\/form-data\" data-color-option=\"default\" data-design=\"material\" data-grid=\"open\" style=\"display: none;\"\n\t\t\t\tdata-uid=\"69d8114f2882b\" action=\"\"\n\t\t\t><div role=\"alert\" aria-live=\"polite\" class=\"forminator-response-message forminator-error\" aria-hidden=\"true\"><\/div><div class=\"forminator-row\"><div id=\"name-1\" class=\"forminator-field-name forminator-col forminator-col-6\"><div class=\"forminator-field\"><label for=\"forminator-field-name-1_69d8114f2882b\" id=\"forminator-field-name-1_69d8114f2882b-label\" class=\"forminator-label\">Nom, pr\u00e9nom <span class=\"forminator-required\">*<\/span><\/label><input type=\"text\" name=\"name-1\" value=\"\" placeholder=\"\" id=\"forminator-field-name-1_69d8114f2882b\" class=\"forminator-input forminator-name--field\" aria-required=\"true\" autocomplete=\"name\" \/><\/div><\/div><div id=\"date-1\" class=\"forminator-field-date forminator-col forminator-col-6\"><div class=\"forminator-field\"><label for=\"forminator-field-date-1-picker_69d8114f2882b\" id=\"forminator-field-date-1-picker_69d8114f2882b-label\" class=\"forminator-label\">Date de naissance <span class=\"forminator-required\">*<\/span><\/label><div class=\"forminator-input-with-icon\"><span class=\"forminator-icon-calendar\" aria-hidden=\"true\"><\/span><input autocomplete=\"off\" type=\"text\" size=\"1\" name=\"date-1\" value=\"\" placeholder=\"Choisir la date\" id=\"forminator-field-date-1-picker_69d8114f2882b\" class=\"forminator-input forminator-datepicker\" data-required=\"1\" data-format=\"mm\/dd\/yy\" data-restrict-type=\"\" data-restrict=\"\" data-start-year=\"1926\" data-end-year=\"2126\" data-past-dates=\"enable\" data-start-of-week=\"1\" data-start-date=\"\" data-end-date=\"\" data-start-field=\"\" data-end-field=\"\" data-start-offset=\"\" data-end-offset=\"\" data-disable-date=\"\" data-disable-range=\"\" \/><\/div><\/div><\/div><\/div><div class=\"forminator-row\"><div id=\"text-1\" class=\"forminator-field-text forminator-col forminator-col-6\"><div class=\"forminator-field\"><label for=\"forminator-field-text-1_69d8114f2882b\" id=\"forminator-field-text-1_69d8114f2882b-label\" class=\"forminator-label\">Adresse <span class=\"forminator-required\">*<\/span><\/label><input type=\"text\" name=\"text-1\" value=\"\" placeholder=\"\" id=\"forminator-field-text-1_69d8114f2882b\" class=\"forminator-input forminator-name--field\" data-required=\"1\" \/><\/div><\/div><div id=\"text-2\" class=\"forminator-field-text forminator-col forminator-col-6\"><div class=\"forminator-field\"><label for=\"forminator-field-text-2_69d8114f2882b\" id=\"forminator-field-text-2_69d8114f2882b-label\" class=\"forminator-label\">Code postal \/ Lieu <span class=\"forminator-required\">*<\/span><\/label><input type=\"text\" name=\"text-2\" value=\"\" placeholder=\"\" id=\"forminator-field-text-2_69d8114f2882b\" class=\"forminator-input forminator-name--field\" data-required=\"1\" \/><\/div><\/div><\/div><div class=\"forminator-row\"><div id=\"phone-1\" class=\"forminator-field-phone forminator-col forminator-col-6\"><div class=\"forminator-field\"><label for=\"forminator-field-phone-1_69d8114f2882b\" id=\"forminator-field-phone-1_69d8114f2882b-label\" class=\"forminator-label\">Num\u00e9ro de t\u00e9l\u00e9phone <span class=\"forminator-required\">*<\/span><\/label><input type=\"text\" name=\"phone-1\" value=\"\" placeholder=\"\" id=\"forminator-field-phone-1_69d8114f2882b\" class=\"forminator-input forminator-field--phone\" data-required=\"1\" aria-required=\"true\" autocomplete=\"off\" \/><\/div><\/div><div id=\"email-1\" class=\"forminator-field-email forminator-col forminator-col-6\"><div class=\"forminator-field\"><label for=\"forminator-field-email-1_69d8114f2882b\" id=\"forminator-field-email-1_69d8114f2882b-label\" class=\"forminator-label\">Adresse \u00e9lectronique <span class=\"forminator-required\">*<\/span><\/label><input type=\"email\" name=\"email-1\" value=\"\" placeholder=\"\" id=\"forminator-field-email-1_69d8114f2882b\" class=\"forminator-input forminator-email--field\" data-required=\"true\" aria-required=\"true\" autocomplete=\"email\" \/><\/div><\/div><\/div><div class=\"forminator-row\"><div id=\"html-1\" class=\"forminator-field-html forminator-col forminator-col-6\"><div class=\"forminator-field forminator-merge-tags\" data-field=\"html-1\"><p><strong>Extrait de casier judiciaire (datant de moins de 3 mois) ou permis d'acquisition d'armes \/ permis de port d'armes (datant de moins de 2 ans)<\/strong><\/p><\/div><\/div><div id=\"upload-1\" class=\"forminator-field-upload forminator-col forminator-col-6\"><div class=\"forminator-field\"><label for=\"forminator-field-upload-1_69d8114f2882b\" id=\"forminator-field-upload-1_69d8114f2882b-label\" class=\"forminator-label\">T\u00e9l\u00e9charger le fichier <span class=\"forminator-required\">*<\/span><\/label><div class=\"forminator-file-upload\" data-element=\"upload-1_69d8114f2882b\"><input type=\"file\" name=\"upload-1\" id=\"forminator-field-upload-1_69d8114f2882b\" class=\"forminator-input-file-required do-validate\" accept=\".avif,.heif,.heics,.heifs,.svgz,.woff,.woff2,.ttf,.eot,.jpg,.jpeg,.jpe,.png,.pdf\" tabindex=\"-1\"><button id=\"forminator-field-upload-1_69d8114f2882b_button\" class=\"forminator-button forminator-button-upload\" data-id=\"forminator-field-upload-1_69d8114f2882b\">Choisissez un fichier<\/button><span data-empty-text=\"Aucun fichier s\u00e9lectionn\u00e9\">Aucun fichier s\u00e9lectionn\u00e9<\/span><button class=\"forminator-button-delete\" style=\"display: none;\"><i class=\"forminator-icon-close\" aria-hidden=\"true\"><\/i><span class=\"forminator-screen-reader-only\">Supprimer le fichier t\u00e9l\u00e9vers\u00e9<\/span><\/button><\/div><\/div><\/div><\/div><div class=\"forminator-row\"><div id=\"html-2\" class=\"forminator-field-html forminator-col forminator-col-6\"><div class=\"forminator-field forminator-merge-tags\" data-field=\"html-2\"><p><strong>Pi\u00e8ce d'identit\u00e9 \/ carte d'identit\u00e9 \/ passeport \/ livret pour \u00e9trangers en cours de validit\u00e9<\/strong><\/p><\/div><\/div><div id=\"upload-2\" class=\"forminator-field-upload forminator-col forminator-col-6\"><div class=\"forminator-field\"><label for=\"forminator-field-upload-2_69d8114f2882b\" id=\"forminator-field-upload-2_69d8114f2882b-label\" class=\"forminator-label\">T\u00e9l\u00e9charger le fichier <span class=\"forminator-required\">*<\/span><\/label><div class=\"forminator-file-upload\" data-element=\"upload-2_69d8114f2882b\"><input type=\"file\" name=\"upload-2\" id=\"forminator-field-upload-2_69d8114f2882b\" class=\"forminator-input-file-required do-validate\" accept=\".avif,.heif,.heics,.heifs,.svgz,.woff,.woff2,.ttf,.eot,.png,.jpg,.jpeg,.jpe,.pdf\" tabindex=\"-1\"><button id=\"forminator-field-upload-2_69d8114f2882b_button\" class=\"forminator-button forminator-button-upload\" data-id=\"forminator-field-upload-2_69d8114f2882b\">Choisissez un fichier<\/button><span data-empty-text=\"Aucun fichier s\u00e9lectionn\u00e9\">Aucun fichier s\u00e9lectionn\u00e9<\/span><button class=\"forminator-button-delete\" style=\"display: none;\"><i class=\"forminator-icon-close\" aria-hidden=\"true\"><\/i><span class=\"forminator-screen-reader-only\">Supprimer le fichier t\u00e9l\u00e9vers\u00e9<\/span><\/button><\/div><\/div><\/div><\/div><div class=\"forminator-row\"><div id=\"html-3\" class=\"forminator-field-html forminator-col forminator-col-12\"><div class=\"forminator-field forminator-merge-tags\" data-field=\"html-3\"><p><strong>Remarque :<\/strong> Veuillez ne joindre qu'un seul des deux premiers justificatifs - Extrait de casier judiciaire OU<br>Permis d'acquisition d'armes\/permis de port d'armes.<\/p><\/div><\/div><\/div><div class=\"forminator-row\"><div id=\"consent-1\" class=\"forminator-field-consent forminator-col forminator-col-12\"><div class=\"forminator-field\"><div class=\"forminator-checkbox__wrapper\"><label id=\"forminator-field-consent-1_69d8114f2882b__label\" class=\"forminator-checkbox forminator-consent\" aria-labelledby=\"forminator-field-consent-1_69d8114f2882b-label\"><input type=\"checkbox\" name=\"consent-1\" id=\"forminator-field-consent-1_69d8114f2882b\" value=\"checked\" aria-labelledby=\"forminator-field-consent-1_69d8114f2882b-label\" aria-describedby=\"forminator-field-consent-1_69d8114f2882b__description\" data-required=\"true\" aria-required=\"true\" \/><span class=\"forminator-checkbox-box\" aria-hidden=\"true\"><\/span><\/label><div id=\"forminator-field-consent-1_69d8114f2882b__description\" class=\"forminator-checkbox__label forminator-consent__label\"><p>Oui, je suis d'accord avec la <a href=\"https:\/\/defendgear.ch\/fr\/protection-des-donnees\/\">D\u00e9claration de confidentialit\u00e9<\/a> et le <a href=\"https:\/\/defendgear.ch\/fr\/conditions-generales\/\">Conditions g\u00e9n\u00e9rales de vente<\/a> et j'accepte l'utilisation de la photo.<\/p><\/div><\/div><\/div><\/div><\/div><input type=\"hidden\" name=\"referer_url\" value=\"\" \/><div class=\"forminator-row forminator-row-last\"><div class=\"forminator-col\"><div class=\"forminator-field\"><button class=\"forminator-button forminator-button-submit\"><span>Envoyer la demande d'adh\u00e9sion<\/span><span aria-hidden=\"true\"><\/span><\/button><\/div><\/div><\/div><input type=\"hidden\" id=\"forminator_nonce\" name=\"forminator_nonce\" value=\"460da588d8\" \/><input type=\"hidden\" name=\"_wp_http_referer\" value=\"\/fr\/wp-json\/wp\/v2\/pages\/29453\" \/><input type=\"hidden\" name=\"form_id\" value=\"29476\"><input type=\"hidden\" name=\"page_id\" value=\"29453\"><input type=\"hidden\" name=\"form_type\" value=\"default\"><input type=\"hidden\" name=\"current_url\" value=\"https:\/\/defendgear.ch\/fr\/tactical_club\/\"><input type=\"hidden\" name=\"render_id\" value=\"0\"><input type=\"hidden\" name=\"action\" value=\"forminator_submit_form_custom-forms\"><input type=\"hidden\" name=\"trp-form-language\" value=\"fr\"\/><\/form><\/div>\n\t\t\t\t\t\t<\/div>\n\t\t\t\t<div class=\"elementor-element elementor-element-e872fa1 color-scheme-inherit text-left elementor-widget elementor-widget-text-editor\" data-id=\"e872fa1\" data-element_type=\"widget\" data-e-type=\"widget\" data-widget_type=\"text-editor.default\">\n\t\t\t\t\t\t\t\t\t<p><strong>FORTIVEX GmbH<\/strong><\/p><p>24, rue du Feu<\/p><p>8952 Schlieren<\/p><p><a href=\"mailto:office@defendgear.ch\">office@defendgear.ch<\/a><\/p>\t\t\t\t\t\t\t\t<\/div>\n\t\t\t\t\t<\/div>\n\t\t\t\t<\/div>\n\t\t<div class=\"wd-negative-gap elementor-element elementor-element-c98a48c e-flex e-con-boxed wpr-particle-no wpr-jarallax-no wpr-parallax-no wpr-sticky-section-no e-con e-parent\" data-id=\"c98a48c\" data-element_type=\"container\" data-e-type=\"container\">\n\t\t\t\t\t<div class=\"e-con-inner\">\n\t\t\t\t\t<\/div>\n\t\t\t\t<\/div>\n\t\t\t\t<\/div>","protected":false},"excerpt":{"rendered":"<p>Mitgliedsantrag \u2013 Werde Teil der taktischen Elite Du willst mehr als nur reden \u2014 du willst handeln, trainieren und zur<\/p>","protected":false},"author":1,"featured_media":0,"parent":0,"menu_order":0,"comment_status":"closed","ping_status":"closed","template":"","meta":{"footnotes":""},"class_list":["post-29453","page","type-page","status-publish","hentry"],"_links":{"self":[{"href":"https:\/\/defendgear.ch\/fr\/wp-json\/wp\/v2\/pages\/29453","targetHints":{"allow":["GET"]}}],"collection":[{"href":"https:\/\/defendgear.ch\/fr\/wp-json\/wp\/v2\/pages"}],"about":[{"href":"https:\/\/defendgear.ch\/fr\/wp-json\/wp\/v2\/types\/page"}],"author":[{"embeddable":true,"href":"https:\/\/defendgear.ch\/fr\/wp-json\/wp\/v2\/users\/1"}],"replies":[{"embeddable":true,"href":"https:\/\/defendgear.ch\/fr\/wp-json\/wp\/v2\/comments?post=29453"}],"version-history":[{"count":10,"href":"https:\/\/defendgear.ch\/fr\/wp-json\/wp\/v2\/pages\/29453\/revisions"}],"predecessor-version":[{"id":30430,"href":"https:\/\/defendgear.ch\/fr\/wp-json\/wp\/v2\/pages\/29453\/revisions\/30430"}],"wp:attachment":[{"href":"https:\/\/defendgear.ch\/fr\/wp-json\/wp\/v2\/media?parent=29453"}],"curies":[{"name":"wp","href":"https:\/\/api.w.org\/{rel}","templated":true}]}}