{"id":29381,"date":"2025-10-27T10:44:19","date_gmt":"2025-10-27T09:44:19","guid":{"rendered":"https:\/\/defendgear.ch\/?post_type=product&#038;p=29381"},"modified":"2026-03-30T11:58:58","modified_gmt":"2026-03-30T09:58:58","slug":"ceinture-tactique-security-nylon-noir","status":"publish","type":"product","link":"https:\/\/defendgear.ch\/fr\/ceinture-tactique-security-nylon-noir\/","title":{"rendered":"Ceinture tactique SECURITY, nylon NOIR"},"content":{"rendered":"<h2>Ceinture de service tactique - robuste, s\u00fbre et pr\u00eate \u00e0 l'emploi<\/h2>\n<p>Cette ceinture de service tactique a \u00e9t\u00e9 fabriqu\u00e9e selon les normes militaires et se distingue par une stabilit\u00e9 maximale et une grande r\u00e9sistance. Gr\u00e2ce \u00e0 son mat\u00e9riau en nylon solide, elle est id\u00e9ale pour porter des holsters, des sacs de chargeurs ou de l'\u00e9quipement - sans qu'elle ne s'affaisse ou ne glisse.<\/p>\n<p>La boucle en plastique r\u00e9sistant est en outre prot\u00e9g\u00e9e contre une ouverture accidentelle, ce qui te permet de te concentrer pleinement sur ta mission ou ton intervention. Gr\u00e2ce \u00e0 la fermeture velcro (crochet sur le dessus, \u201emousse\u201c \u00e0 l'int\u00e9rieur), la ceinture s'ajuste facilement et en toute s\u00e9curit\u00e9.<\/p>\n<h3>D\u00e9tails techniques :<\/h3>\n<ul>\n<li>Mat\u00e9riau : nylon tr\u00e8s r\u00e9sistant avec boucle en plastique robuste<\/li>\n<li>Longueur r\u00e9glable : jusqu'\u00e0 110 cm<\/li>\n<li>largeur : 5,5 cm<\/li>\n<li>syst\u00e8me velcro : face sup\u00e9rieure avec crochet, face int\u00e9rieure avec du velours (\u201emousse\u201c)<\/li>\n<li>Maintien s\u00fbr des \u00e9tuis, des sacs et des accessoires<\/li>\n<\/ul>\n<h3>Id\u00e9al pour :<\/h3>\n<ul>\n<li>Tir sportif &amp; Airsoft<\/li>\n<li>S\u00e9curit\u00e9 &amp; forces d'intervention<\/li>\n<li>Activit\u00e9s de plein air<\/li>\n<li>Le quotidien avec un style tactique<\/li>\n<\/ul>\n<p>Robuste, fiable et fonctionnelle - la ceinture parfaite pour tous ceux qui attachent de l'importance \u00e0 la qualit\u00e9 et \u00e0 la disponibilit\u00e9.<\/p>","protected":false},"excerpt":{"rendered":"<p>Taktischer Dienstg\u00fcrtel \u2013 robust, sicher und einsatzbereit Dieser taktische Dienstg\u00fcrtel wurde nach milit\u00e4rischem Standard gefertigt und \u00fcberzeugt durch maximale Stabilit\u00e4t<\/p>","protected":false},"featured_media":29382,"comment_status":"open","ping_status":"closed","template":"","meta":[],"product_brand":[108],"product_cat":[86],"product_tag":[],"class_list":{"0":"post-29381","1":"product","2":"type-product","3":"status-publish","4":"has-post-thumbnail","6":"product_brand-mfh","7":"product_cat-guertel","9":"first","10":"instock","11":"taxable","12":"shipping-taxable","13":"purchasable","14":"product-type-simple"},"_links":{"self":[{"href":"https:\/\/defendgear.ch\/fr\/wp-json\/wp\/v2\/product\/29381","targetHints":{"allow":["GET"]}}],"collection":[{"href":"https:\/\/defendgear.ch\/fr\/wp-json\/wp\/v2\/product"}],"about":[{"href":"https:\/\/defendgear.ch\/fr\/wp-json\/wp\/v2\/types\/product"}],"replies":[{"embeddable":true,"href":"https:\/\/defendgear.ch\/fr\/wp-json\/wp\/v2\/comments?post=29381"}],"version-history":[{"count":1,"href":"https:\/\/defendgear.ch\/fr\/wp-json\/wp\/v2\/product\/29381\/revisions"}],"predecessor-version":[{"id":29383,"href":"https:\/\/defendgear.ch\/fr\/wp-json\/wp\/v2\/product\/29381\/revisions\/29383"}],"wp:featuredmedia":[{"embeddable":true,"href":"https:\/\/defendgear.ch\/fr\/wp-json\/wp\/v2\/media\/29382"}],"wp:attachment":[{"href":"https:\/\/defendgear.ch\/fr\/wp-json\/wp\/v2\/media?parent=29381"}],"wp:term":[{"taxonomy":"product_brand","embeddable":true,"href":"https:\/\/defendgear.ch\/fr\/wp-json\/wp\/v2\/product_brand?post=29381"},{"taxonomy":"product_cat","embeddable":true,"href":"https:\/\/defendgear.ch\/fr\/wp-json\/wp\/v2\/product_cat?post=29381"},{"taxonomy":"product_tag","embeddable":true,"href":"https:\/\/defendgear.ch\/fr\/wp-json\/wp\/v2\/product_tag?post=29381"}],"curies":[{"name":"wp","href":"https:\/\/api.w.org\/{rel}","templated":true}]}}