{"id":29404,"date":"2025-10-27T11:20:07","date_gmt":"2025-10-27T10:20:07","guid":{"rendered":"https:\/\/defendgear.ch\/?post_type=product&#038;p=29404"},"modified":"2026-02-04T12:22:16","modified_gmt":"2026-02-04T11:22:16","slug":"alissos-set-de-ceinture-avec-accessoires-coyote","status":"publish","type":"product","link":"https:\/\/defendgear.ch\/fr\/alissos-set-de-ceinture-avec-accessoires-coyote\/","title":{"rendered":"ALISSOS Set de ceinture avec accessoires COYOTE"},"content":{"rendered":"<p>La ceinture Pentagon\u00ae ALISSOS est un syst\u00e8me de ceinture tactique et de plein air polyvalent qui combine parfaitement fonctionnalit\u00e9, confort et design bien pens\u00e9.<\/p>\n<p>Avec plusieurs poches modulables et des mat\u00e9riaux de haute qualit\u00e9, cette ceinture est id\u00e9ale pour la randonn\u00e9e, le tir sportif, les aventures en plein air ou l'utilisation tactique.<\/p>\n<p>L'ensemble comprend une poche avant, une poche arri\u00e8re, une poche pour la bouteille et une poche rembourr\u00e9e pour les lunettes, afin que ton \u00e9quipement soit toujours organis\u00e9 et \u00e0 port\u00e9e de main. Gr\u00e2ce \u00e0 sa longueur r\u00e9glable jusqu'\u00e0 5XL et \u00e0 sa doublure int\u00e9rieure qui \u00e9vacue la transpiration, la ceinture ALISSOS offre un confort maximal m\u00eame lors de longues interventions.<\/p>\n<h2>\u00c9quipements et avantages :<\/h2>\n<ul>\n<li>Poche frontale universelle : avec boucle \u00e9troite, poche secondaire zipp\u00e9e et compartiment principal avec organiseur<\/li>\n<li>Poche arri\u00e8re spacieuse : deux compartiments int\u00e9rieurs + la\u00e7age \u00e9lastique pour l'\u00e9quipement suppl\u00e9mentaire<\/li>\n<li>Poche pour bouteille amovible : avec cordon de serrage (convient aux bouteilles jusqu'\u00e0 19 cm de hauteur)<\/li>\n<li>Poche rembourr\u00e9e pour lunettes\/\u00e9lectronique : avec doublure douce en polaire pour prot\u00e9ger les appareils sensibles<\/li>\n<li>R\u00e9glable jusqu'\u00e0 5XL - s'adapte \u00e0 toutes les morphologies<\/li>\n<li>Doublure respirante et \u00e9vacuant la transpiration pour un confort optimal<\/li>\n<li>Mat\u00e9riaux de haute qualit\u00e9 : fermetures \u00e0 glissi\u00e8re YKK\u00ae &amp; boucles Duraflex\u00ae UTX<\/li>\n<li>Polyester ripstop 210T robuste - r\u00e9sistant et durable<\/li>\n<\/ul>\n<h2>Donn\u00e9es techniques :<\/h2>\n<ul>\n<li>Mat\u00e9riau : 210T polyester ripstop<\/li>\n<li>poche avant : 17 \u00d7 14,3 cm<\/li>\n<li>poche arri\u00e8re : 18 \u00d7 14,3 cm<\/li>\n<li>porte-bouteilles : 19 \u00d7 12 cm<\/li>\n<li>poche pour lunettes : 18 \u00d7 9 cm<\/li>\n<li>Couleur : Coyote<\/li>\n<\/ul>\n<h2>Id\u00e9al pour :<\/h2>\n<ul>\n<li>Excursions en plein air et randonn\u00e9es<\/li>\n<li>Tir sportif &amp; Airsoft<\/li>\n<li>Op\u00e9rations tactiques &amp; s\u00e9curit\u00e9<\/li>\n<li>Vie quotidienne &amp; loisirs<\/li>\n<\/ul>\n<p>La ceinture Pentagon\u00ae ALISSOS est la combinaison parfaite de fonctionnalit\u00e9, de confort et de style tactique - id\u00e9ale pour ceux qui souhaitent transporter leur \u00e9quipement efficacement et en toute s\u00e9curit\u00e9.<\/p>","protected":false},"excerpt":{"rendered":"<p>Der Pentagon\u00ae ALISSOS G\u00fcrtel ist ein vielseitiges Taktik- und Outdoor-G\u00fcrtelsystem, das Funktionalit\u00e4t, Komfort und durchdachtes Design perfekt kombiniert. Mit mehreren<\/p>","protected":false},"featured_media":29405,"comment_status":"open","ping_status":"closed","template":"","meta":[],"product_brand":[112],"product_cat":[86],"product_tag":[],"class_list":{"0":"post-29404","1":"product","2":"type-product","3":"status-publish","4":"has-post-thumbnail","6":"product_brand-pentagon","7":"product_cat-guertel","9":"first","10":"outofstock","11":"taxable","12":"shipping-taxable","13":"purchasable","14":"product-type-simple"},"_links":{"self":[{"href":"https:\/\/defendgear.ch\/fr\/wp-json\/wp\/v2\/product\/29404","targetHints":{"allow":["GET"]}}],"collection":[{"href":"https:\/\/defendgear.ch\/fr\/wp-json\/wp\/v2\/product"}],"about":[{"href":"https:\/\/defendgear.ch\/fr\/wp-json\/wp\/v2\/types\/product"}],"replies":[{"embeddable":true,"href":"https:\/\/defendgear.ch\/fr\/wp-json\/wp\/v2\/comments?post=29404"}],"version-history":[{"count":1,"href":"https:\/\/defendgear.ch\/fr\/wp-json\/wp\/v2\/product\/29404\/revisions"}],"predecessor-version":[{"id":29406,"href":"https:\/\/defendgear.ch\/fr\/wp-json\/wp\/v2\/product\/29404\/revisions\/29406"}],"wp:featuredmedia":[{"embeddable":true,"href":"https:\/\/defendgear.ch\/fr\/wp-json\/wp\/v2\/media\/29405"}],"wp:attachment":[{"href":"https:\/\/defendgear.ch\/fr\/wp-json\/wp\/v2\/media?parent=29404"}],"wp:term":[{"taxonomy":"product_brand","embeddable":true,"href":"https:\/\/defendgear.ch\/fr\/wp-json\/wp\/v2\/product_brand?post=29404"},{"taxonomy":"product_cat","embeddable":true,"href":"https:\/\/defendgear.ch\/fr\/wp-json\/wp\/v2\/product_cat?post=29404"},{"taxonomy":"product_tag","embeddable":true,"href":"https:\/\/defendgear.ch\/fr\/wp-json\/wp\/v2\/product_tag?post=29404"}],"curies":[{"name":"wp","href":"https:\/\/api.w.org\/{rel}","templated":true}]}}