{"id":29409,"date":"2025-10-27T11:25:20","date_gmt":"2025-10-27T10:25:20","guid":{"rendered":"https:\/\/defendgear.ch\/?post_type=product&#038;p=29409"},"modified":"2026-03-22T16:33:41","modified_gmt":"2026-03-22T15:33:41","slug":"alissos-set-de-ceinture-avec-accessoires-noir","status":"publish","type":"product","link":"https:\/\/defendgear.ch\/fr\/alissos-set-de-ceinture-avec-accessoires-noir\/","title":{"rendered":"ALISSOS Set de ceinture avec accessoires - Noir"},"content":{"rendered":"<p>La ceinture Pentagon\u00ae ALISSOS est un ensemble de ceintures tactiques qui combine parfaitement fonctionnalit\u00e9, confort et organisation.<\/p>\n<p>Avec plusieurs poches intelligemment plac\u00e9es, il t'offre tout ce dont tu as besoin en route - que ce soit pour l'aventure en plein air, le tir sportif ou l'utilisation quotidienne.<\/p>\n<p>Le kit comprend une poche avant, une poche arri\u00e8re, une poche pour bouteille ainsi qu'une poche rembourr\u00e9e pour les lunettes ou l'\u00e9lectronique.<\/p>\n<p>Tous les sacs sont \u00e9quip\u00e9s de fermetures \u00e9clair YKK\u00ae de haute qualit\u00e9 et de boucles Duraflex\u00ae UTX\u00ae, ce qui garantit une durabilit\u00e9 maximale.<\/p>\n<p>Gr\u00e2ce \u00e0 sa longueur r\u00e9glable jusqu'\u00e0 5XL et \u00e0 sa doublure int\u00e9rieure qui \u00e9vacue la transpiration, la ceinture reste confortable et s\u00fbre m\u00eame lors d'utilisations prolong\u00e9es.<\/p>\n<h2>\u00c9quipements et avantages :<\/h2>\n<ul>\n<li>Poche frontale universelle : avec boucle pour fixer l'\u00e9quipement, poche secondaire zipp\u00e9e et compartiment principal avec organiseur<\/li>\n<li>Poche arri\u00e8re spacieuse : deux compartiments plus un lacet \u00e9lastique pour fixer l'\u00e9quipement<\/li>\n<li>Poche \u00e0 bouteilles amovible : avec cordon de serrage et stoppeur - convient aux bouteilles jusqu'\u00e0 19 cm de hauteur<\/li>\n<li>Poche souple pour lunettes\/\u00e9lectronique : avec doublure en polaire pour prot\u00e9ger les appareils sensibles<\/li>\n<li>R\u00e9glable jusqu'\u00e0 5XL - flexibilit\u00e9 maximale pour toutes les tailles<\/li>\n<li>Doublure respirante et \u00e9vacuant la transpiration pour un confort \u00e9lev\u00e9<\/li>\n<li>Composants de haute qualit\u00e9 : Fermetures \u00e0 glissi\u00e8re YKK\u00ae &amp; boucles Duraflex\u00ae UTX<\/li>\n<li>Mat\u00e9riau r\u00e9sistant : 210T polyester ripstop<\/li>\n<\/ul>\n<h2>Donn\u00e9es techniques :<\/h2>\n<ul>\n<li>Mat\u00e9riau : 210T polyester ripstop<\/li>\n<li>poche avant : 17 \u00d7 14,3 cm<\/li>\n<li>poche arri\u00e8re : 18 \u00d7 14,3 cm<\/li>\n<li>porte-bouteilles : 19 \u00d7 12 cm<\/li>\n<li>poche pour lunettes : 18 \u00d7 9 cm<\/li>\n<li>Couleur : Noir<\/li>\n<\/ul>\n<h2>Id\u00e9al pour :<\/h2>\n<ul>\n<li>Plein air &amp; Bushcraft<\/li>\n<li>Tir sportif &amp; Airsoft<\/li>\n<li>Service de s\u00e9curit\u00e9 ou d'intervention<\/li>\n<li>Vie quotidienne &amp; loisirs<\/li>\n<\/ul>\n<p>La ceinture ALISSOS de Pentagon\u00ae en noir est le compagnon id\u00e9al pour tous ceux qui recherchent organisation, robustesse et confort dans un syst\u00e8me pratique - parfait pour chaque mission, entra\u00eenement et aventure.<\/p>","protected":false},"excerpt":{"rendered":"<p>Der Pentagon\u00ae ALISSOS G\u00fcrtel ist ein taktisches G\u00fcrtelset, das Funktionalit\u00e4t, Komfort und Organisation perfekt kombiniert. Mit mehreren clever platzierten Taschen<\/p>","protected":false},"featured_media":29411,"comment_status":"open","ping_status":"closed","template":"","meta":[],"product_brand":[],"product_cat":[86],"product_tag":[],"class_list":{"0":"post-29409","1":"product","2":"type-product","3":"status-publish","4":"has-post-thumbnail","6":"product_cat-guertel","8":"first","9":"outofstock","10":"taxable","11":"shipping-taxable","12":"purchasable","13":"product-type-simple"},"_links":{"self":[{"href":"https:\/\/defendgear.ch\/fr\/wp-json\/wp\/v2\/product\/29409","targetHints":{"allow":["GET"]}}],"collection":[{"href":"https:\/\/defendgear.ch\/fr\/wp-json\/wp\/v2\/product"}],"about":[{"href":"https:\/\/defendgear.ch\/fr\/wp-json\/wp\/v2\/types\/product"}],"replies":[{"embeddable":true,"href":"https:\/\/defendgear.ch\/fr\/wp-json\/wp\/v2\/comments?post=29409"}],"version-history":[{"count":2,"href":"https:\/\/defendgear.ch\/fr\/wp-json\/wp\/v2\/product\/29409\/revisions"}],"predecessor-version":[{"id":30255,"href":"https:\/\/defendgear.ch\/fr\/wp-json\/wp\/v2\/product\/29409\/revisions\/30255"}],"wp:featuredmedia":[{"embeddable":true,"href":"https:\/\/defendgear.ch\/fr\/wp-json\/wp\/v2\/media\/29411"}],"wp:attachment":[{"href":"https:\/\/defendgear.ch\/fr\/wp-json\/wp\/v2\/media?parent=29409"}],"wp:term":[{"taxonomy":"product_brand","embeddable":true,"href":"https:\/\/defendgear.ch\/fr\/wp-json\/wp\/v2\/product_brand?post=29409"},{"taxonomy":"product_cat","embeddable":true,"href":"https:\/\/defendgear.ch\/fr\/wp-json\/wp\/v2\/product_cat?post=29409"},{"taxonomy":"product_tag","embeddable":true,"href":"https:\/\/defendgear.ch\/fr\/wp-json\/wp\/v2\/product_tag?post=29409"}],"curies":[{"name":"wp","href":"https:\/\/api.w.org\/{rel}","templated":true}]}}