{"id":29521,"date":"2025-11-04T12:50:08","date_gmt":"2025-11-04T11:50:08","guid":{"rendered":"https:\/\/defendgear.ch\/?post_type=product&#038;p=29521"},"modified":"2026-03-30T11:57:49","modified_gmt":"2026-03-30T09:57:49","slug":"defcon-5-gilet-tonnerre-carrier-od-vert","status":"publish","type":"product","link":"https:\/\/defendgear.ch\/fr\/defcon-5-gilet-tonnerre-carrier-od-vert\/","title":{"rendered":"Defcon 5 Thunder Vest Carrier, OD vert"},"content":{"rendered":"<p>Le Defcon 5 Thunder Vest Carrier est un porte-plaques de nouvelle g\u00e9n\u00e9ration, con\u00e7u pour une fonctionnalit\u00e9, une stabilit\u00e9 et un confort d'utilisation maximum.<\/p>\n<p>Fabriqu\u00e9 en polyester 900D haute r\u00e9sistance avec des coutures renforc\u00e9es, ce gilet offre une r\u00e9sistance et une durabilit\u00e9 extr\u00eames, m\u00eame en cas de forte sollicitation.<\/p>\n<p>Le syst\u00e8me de rembourrage int\u00e9rieur sur la poitrine, le dos et les \u00e9paules assure un confort optimal et une excellente respirabilit\u00e9, m\u00eame lors de longues interventions ou dans des conditions chaudes.<\/p>\n<p>La taille est r\u00e9glable individuellement - des fermetures velcro sur les \u00e9paules et un cordon \u00e9lastique \u00e0 l'arri\u00e8re permettent d'ajuster le gilet rapidement et en toute s\u00e9curit\u00e9.<\/p>\n<p>Des plaques balistiques peuvent \u00eatre ins\u00e9r\u00e9es dans les poches int\u00e9gr\u00e9es (non fournies).<\/p>\n<p>La face avant est \u00e9quip\u00e9e d'un panneau MOLLE amovible avec un clip Duraflex et une fermeture velcro. Cela te permet de fixer individuellement plusieurs poches tactiques ou panneaux modulaires et de choisir le setup le plus appropri\u00e9 en fonction de la situation d'utilisation.<\/p>\n<p><strong>Caract\u00e9ristiques :<\/strong><\/p>\n<ul>\n<li>Mat\u00e9riau : polyester 900D - extr\u00eamement robuste et r\u00e9sistant \u00e0 l'usure<\/li>\n<li>Coutures renforc\u00e9es pour une durabilit\u00e9 maximale<\/li>\n<li>Rembourrage int\u00e9rieur : poitrine, dos, \u00e9paules - confortable &amp; respirant<\/li>\n<li>R\u00e9glage de la taille : Velcro sur les \u00e9paules &amp; syst\u00e8me de serrage \u00e9lastique dans le dos<\/li>\n<li>Compatible avec les plaques balistiques (non incluses)<\/li>\n<li>Panneau MOLLE amovible avec clip Duraflex &amp; Velcro<\/li>\n<li>Mise \u00e0 niveau modulaire - diff\u00e9rents panneaux peuvent \u00eatre combin\u00e9s<\/li>\n<li>poids : 1,0 kg<\/li>\n<li>Couleur : vert OD<\/li>\n<\/ul>\n<p><strong>Avantages :<\/strong><\/p>\n<ul>\n<li>Support de plaque de haute qualit\u00e9 pour une utilisation professionnelle<\/li>\n<li>Ergonomique &amp; personnalisable<\/li>\n<li>Grand confort de port gr\u00e2ce \u00e0 un rembourrage respirant<\/li>\n<li>Syst\u00e8me MOLLE pour une extension modulaire<\/li>\n<li>Id\u00e9al pour l'airsoft, la s\u00e9curit\u00e9\/les autorit\u00e9s, le tir sportif &amp; l'entra\u00eenement tactique<\/li>\n<\/ul>\n<div id=\"gtx-trans\" style=\"position: absolute;left: -9px;top: 47.8px\">\n<div class=\"gtx-trans-icon\"><\/div>\n<\/div>","protected":false},"excerpt":{"rendered":"<p>Der Defcon 5 Thunder Vest Carrier ist ein Plattentr\u00e4ger der neuen Generation, entwickelt f\u00fcr maximale Funktionalit\u00e4t, Stabilit\u00e4t und Komfort im<\/p>","protected":false},"featured_media":29522,"comment_status":"open","ping_status":"closed","template":"","meta":[],"product_brand":[114],"product_cat":[75],"product_tag":[],"class_list":{"0":"post-29521","1":"product","2":"type-product","3":"status-publish","4":"has-post-thumbnail","6":"product_brand-defcon","7":"product_cat-schutz","9":"first","10":"outofstock","11":"taxable","12":"shipping-taxable","13":"purchasable","14":"product-type-simple"},"_links":{"self":[{"href":"https:\/\/defendgear.ch\/fr\/wp-json\/wp\/v2\/product\/29521","targetHints":{"allow":["GET"]}}],"collection":[{"href":"https:\/\/defendgear.ch\/fr\/wp-json\/wp\/v2\/product"}],"about":[{"href":"https:\/\/defendgear.ch\/fr\/wp-json\/wp\/v2\/types\/product"}],"replies":[{"embeddable":true,"href":"https:\/\/defendgear.ch\/fr\/wp-json\/wp\/v2\/comments?post=29521"}],"version-history":[{"count":7,"href":"https:\/\/defendgear.ch\/fr\/wp-json\/wp\/v2\/product\/29521\/revisions"}],"predecessor-version":[{"id":29977,"href":"https:\/\/defendgear.ch\/fr\/wp-json\/wp\/v2\/product\/29521\/revisions\/29977"}],"wp:featuredmedia":[{"embeddable":true,"href":"https:\/\/defendgear.ch\/fr\/wp-json\/wp\/v2\/media\/29522"}],"wp:attachment":[{"href":"https:\/\/defendgear.ch\/fr\/wp-json\/wp\/v2\/media?parent=29521"}],"wp:term":[{"taxonomy":"product_brand","embeddable":true,"href":"https:\/\/defendgear.ch\/fr\/wp-json\/wp\/v2\/product_brand?post=29521"},{"taxonomy":"product_cat","embeddable":true,"href":"https:\/\/defendgear.ch\/fr\/wp-json\/wp\/v2\/product_cat?post=29521"},{"taxonomy":"product_tag","embeddable":true,"href":"https:\/\/defendgear.ch\/fr\/wp-json\/wp\/v2\/product_tag?post=29521"}],"curies":[{"name":"wp","href":"https:\/\/api.w.org\/{rel}","templated":true}]}}