{"id":29526,"date":"2025-11-04T18:00:56","date_gmt":"2025-11-04T17:00:56","guid":{"rendered":"https:\/\/defendgear.ch\/?post_type=product&#038;p=29526"},"modified":"2026-03-30T11:57:40","modified_gmt":"2026-03-30T09:57:40","slug":"black-rifle-coffe-drink-espresso-with-cream-325-ml","status":"publish","type":"product","link":"https:\/\/defendgear.ch\/fr\/black-rifle-coffe-drink-espresso-with-cream-325-ml\/","title":{"rendered":"Black Rifle Coffee - Pr\u00eat \u00e0 boire Espresso \u00e0 la cr\u00e8me (325 ml)"},"content":{"rendered":"<p>Le l\u00e9gendaire Black Rifle Coffee d\u00e9sormais pr\u00eat \u00e0 boire - pour tous ceux qui ne veulent pas renoncer \u00e0 la v\u00e9ritable puissance de la caf\u00e9ine, m\u00eame en d\u00e9placement.<\/p>\n<p>Cette canette en aluminium de 325 ml contient un espresso cors\u00e9 avec de la cr\u00e8me, parfaitement \u00e9quilibr\u00e9 entre un go\u00fbt intense et une texture cr\u00e9meuse.<\/p>\n<p>Fabriqu\u00e9e \u00e0 partir de caf\u00e9 colombien infus\u00e9 et affin\u00e9e avec du lait \u00e9cr\u00e9m\u00e9, cette boisson fournit imm\u00e9diatement de l'\u00e9nergie - id\u00e9ale pour les longues missions, les entra\u00eenements de tir, les \u00e9quipes de nuit ou les activit\u00e9s de plein air.<\/p>\n<p><strong>Caract\u00e9ristiques :<\/strong><\/p>\n<ul>\n<li>Contenu : bo\u00eete en aluminium de 325 ml<\/li>\n<li>Go\u00fbt : Espresso avec cr\u00e8me<\/li>\n<li>Origine : caf\u00e9 d'infusion colombien<\/li>\n<li>Sans gluten<\/li>\n<li>Avec du lait (contient du lactose)<\/li>\n<\/ul>\n<p><strong>Ingr\u00e9dients :<\/strong><\/p>\n<p>Caf\u00e9 infus\u00e9 colombien (eau filtr\u00e9e, caf\u00e9), lait \u00e9cr\u00e9m\u00e9, lait \u00e9cr\u00e9m\u00e9 ultrafiltr\u00e9, sucre, maltodextrine, fibre de racine de chicor\u00e9e, gel de cellulose, cacao (trait\u00e9 avec des alcalis), hydroxyde de sodium, ar\u00f4me naturel et artificiel, gomme de cellulose, caf\u00e9ine anhydre, carragh\u00e9nane, acide ascorbique, vitamine E (dl-alpha-tocoph\u00e9ryl), vitamine A palmitate.<\/p>\n<p>Contient du lait - sans gluten.<\/p>\n<p><strong>Avantages :<\/strong><\/p>\n<ul>\n<li>Imm\u00e9diatement pr\u00eat \u00e0 boire - pas de pr\u00e9paration n\u00e9cessaire<\/li>\n<li>Go\u00fbt puissant d'espresso avec une cr\u00e8me douce<\/li>\n<li>\u00c9nergie &amp; concentration quand \u00e7a compte<\/li>\n<li>Id\u00e9al pour l'utilisation, l'entra\u00eenement, le travail ou les d\u00e9placements<\/li>\n<\/ul>","protected":false},"excerpt":{"rendered":"<p>Der legend\u00e4re Black Rifle Coffee jetzt ready to drink \u2013 f\u00fcr alle, die auch unterwegs nicht auf echten Koffein-Power verzichten<\/p>","protected":false},"featured_media":29533,"comment_status":"open","ping_status":"closed","template":"","meta":[],"product_brand":[115],"product_cat":[120],"product_tag":[],"class_list":{"0":"post-29526","1":"product","2":"type-product","3":"status-publish","4":"has-post-thumbnail","6":"product_brand-black-rifle-coffee","7":"product_cat-lebensmittel","9":"first","10":"outofstock","11":"taxable","12":"shipping-taxable","13":"purchasable","14":"product-type-simple"},"_links":{"self":[{"href":"https:\/\/defendgear.ch\/fr\/wp-json\/wp\/v2\/product\/29526","targetHints":{"allow":["GET"]}}],"collection":[{"href":"https:\/\/defendgear.ch\/fr\/wp-json\/wp\/v2\/product"}],"about":[{"href":"https:\/\/defendgear.ch\/fr\/wp-json\/wp\/v2\/types\/product"}],"replies":[{"embeddable":true,"href":"https:\/\/defendgear.ch\/fr\/wp-json\/wp\/v2\/comments?post=29526"}],"version-history":[{"count":4,"href":"https:\/\/defendgear.ch\/fr\/wp-json\/wp\/v2\/product\/29526\/revisions"}],"predecessor-version":[{"id":29976,"href":"https:\/\/defendgear.ch\/fr\/wp-json\/wp\/v2\/product\/29526\/revisions\/29976"}],"wp:featuredmedia":[{"embeddable":true,"href":"https:\/\/defendgear.ch\/fr\/wp-json\/wp\/v2\/media\/29533"}],"wp:attachment":[{"href":"https:\/\/defendgear.ch\/fr\/wp-json\/wp\/v2\/media?parent=29526"}],"wp:term":[{"taxonomy":"product_brand","embeddable":true,"href":"https:\/\/defendgear.ch\/fr\/wp-json\/wp\/v2\/product_brand?post=29526"},{"taxonomy":"product_cat","embeddable":true,"href":"https:\/\/defendgear.ch\/fr\/wp-json\/wp\/v2\/product_cat?post=29526"},{"taxonomy":"product_tag","embeddable":true,"href":"https:\/\/defendgear.ch\/fr\/wp-json\/wp\/v2\/product_tag?post=29526"}],"curies":[{"name":"wp","href":"https:\/\/api.w.org\/{rel}","templated":true}]}}