{"id":29540,"date":"2025-11-05T11:30:32","date_gmt":"2025-11-05T10:30:32","guid":{"rendered":"https:\/\/defendgear.ch\/?post_type=product&#038;p=29540"},"modified":"2026-03-30T11:00:13","modified_gmt":"2026-03-30T09:00:13","slug":"tactical-foodpack-boeuf-jerky-teriyaki","status":"publish","type":"product","link":"https:\/\/defendgear.ch\/fr\/tactical-foodpack-boeuf-jerky-teriyaki\/","title":{"rendered":"Tactical Foodpack - Beef Jerky Teriyaki"},"content":{"rendered":"<p>Une \u00e9nergie qui r\u00e9siste \u00e0 l'aventure. Le Tactical Foodpack Beef Jerky Teriyaki est un snack prot\u00e9in\u00e9 classique et portable - con\u00e7u pour les missions, les aventures en plein air, le tir sportif, les r\u00e9serves de secours ou les longues missions.<\/p>\n<p>Des Vikings aux forces d'intervention modernes, Beef Jerky est synonyme de force et d'endurance \u00e0 l'\u00e9tat pur.<\/p>\n<p>Pour cette variante, des morceaux maigres de b\u0153uf de qualit\u00e9 sup\u00e9rieure sont soigneusement assaisonn\u00e9s, marin\u00e9s et lentement s\u00e9ch\u00e9s afin de d\u00e9velopper tout leur ar\u00f4me.<\/p>\n<p>La fine note de teriyaki avec l'ananas, la sauce soja et le miel assure un go\u00fbt \u00e9quilibr\u00e9 entre l'\u00e9pic\u00e9, le doux et le fum\u00e9.<\/p>\n<h4>Caract\u00e9ristiques et avantages :<\/h4>\n<ul>\n<li>B\u0153uf premium (68,7%) - des prot\u00e9ines de haute qualit\u00e9 pour une \u00e9nergie durable<\/li>\n<li>Go\u00fbt naturel, pas d'ar\u00f4mes artificiels<\/li>\n<li>L\u00e9ger et de longue dur\u00e9e (au moins 3 ans) - id\u00e9al pour les interventions, les voyages ou les rations d'urgence<\/li>\n<li>Teneur \u00e9lev\u00e9e en prot\u00e9ines (18,2 g par portion)<\/li>\n<li>Faible teneur en graisses et en sucre<\/li>\n<li>Facile \u00e0 transporter, pas besoin de cuisiner<\/li>\n<li>Parfait pour les sacs \u00e0 dos d'intervention, les sacs d'urgence ou les kits de plein air<\/li>\n<\/ul>\n<h4>Ingr\u00e9dients :<\/h4>\n<p>Dessus de b\u0153uf (68,7%), ananas en bo\u00eete (ananas, eau, sucre, correcteur d'acidit\u00e9 acide citrique), sauce soja (eau, f\u00e8ves de soja, sel, vinaigre de spiritueux), pommes, sucre roux, miel, \u00e9pices, vinaigre de pomme, ar\u00f4me de fum\u00e9e.<\/p>\n<p>Peut contenir de petites quantit\u00e9s de lactose et de gluten.<\/p>\n<h4>Valeurs nutritives :<\/h4>\n<ul>\n<li>\u00c9nergie par portion : 475 kJ \/ 112 kcal<\/li>\n<li>\u00c9nergie pour 100 g : 1188 kJ \/ 281 kcal<\/li>\n<li>Mati\u00e8res grasses par portion : 1,3 g<\/li>\n<li>Mati\u00e8re grasse par 100 g : 3,2 g<\/li>\n<li>Graisses satur\u00e9es par portion : 0,5 g<\/li>\n<li>Graisses satur\u00e9es pour 100 g : 1,3 g<\/li>\n<li>Glucides par portion : 7 g<\/li>\n<li>Glucides pour 100 g : 17,4 g<\/li>\n<li>Sucre par portion : 4,6 g<\/li>\n<li>Sucre par 100 g : 11,5 g<\/li>\n<li>Prot\u00e9ines par portion : 18,2 g<\/li>\n<li>Prot\u00e9ines pour 100 g : 45,6 g<\/li>\n<li>Sel par portion : 1,6 g<\/li>\n<li>Sel pour 100 g : 4,1 g<\/li>\n<\/ul>\n<h4>Donn\u00e9es techniques :<\/h4>\n<ul>\n<li>Dur\u00e9e de conservation minimale : 3 ans<\/li>\n<li>Poids : l\u00e9ger et compact - id\u00e9al pour les d\u00e9placements<\/li>\n<\/ul>","protected":false},"excerpt":{"rendered":"<p>Energie, die Abenteuer \u00fcberdauert. Das Tactical Foodpack Beef Jerky Teriyaki ist ein klassischer, tragbarer Protein-Snack \u2013 entwickelt f\u00fcr Eins\u00e4tze, Outdoor-Abenteuer,<\/p>","protected":false},"featured_media":29543,"comment_status":"open","ping_status":"closed","template":"","meta":[],"product_brand":[],"product_cat":[120],"product_tag":[],"class_list":{"0":"post-29540","1":"product","2":"type-product","3":"status-publish","4":"has-post-thumbnail","6":"product_cat-lebensmittel","8":"first","9":"outofstock","10":"taxable","11":"shipping-taxable","12":"purchasable","13":"product-type-simple"},"_links":{"self":[{"href":"https:\/\/defendgear.ch\/fr\/wp-json\/wp\/v2\/product\/29540","targetHints":{"allow":["GET"]}}],"collection":[{"href":"https:\/\/defendgear.ch\/fr\/wp-json\/wp\/v2\/product"}],"about":[{"href":"https:\/\/defendgear.ch\/fr\/wp-json\/wp\/v2\/types\/product"}],"replies":[{"embeddable":true,"href":"https:\/\/defendgear.ch\/fr\/wp-json\/wp\/v2\/comments?post=29540"}],"version-history":[{"count":1,"href":"https:\/\/defendgear.ch\/fr\/wp-json\/wp\/v2\/product\/29540\/revisions"}],"predecessor-version":[{"id":29544,"href":"https:\/\/defendgear.ch\/fr\/wp-json\/wp\/v2\/product\/29540\/revisions\/29544"}],"wp:featuredmedia":[{"embeddable":true,"href":"https:\/\/defendgear.ch\/fr\/wp-json\/wp\/v2\/media\/29543"}],"wp:attachment":[{"href":"https:\/\/defendgear.ch\/fr\/wp-json\/wp\/v2\/media?parent=29540"}],"wp:term":[{"taxonomy":"product_brand","embeddable":true,"href":"https:\/\/defendgear.ch\/fr\/wp-json\/wp\/v2\/product_brand?post=29540"},{"taxonomy":"product_cat","embeddable":true,"href":"https:\/\/defendgear.ch\/fr\/wp-json\/wp\/v2\/product_cat?post=29540"},{"taxonomy":"product_tag","embeddable":true,"href":"https:\/\/defendgear.ch\/fr\/wp-json\/wp\/v2\/product_tag?post=29540"}],"curies":[{"name":"wp","href":"https:\/\/api.w.org\/{rel}","templated":true}]}}