{"id":29545,"date":"2025-11-05T11:40:08","date_gmt":"2025-11-05T10:40:08","guid":{"rendered":"https:\/\/defendgear.ch\/?post_type=product&#038;p=29545"},"modified":"2026-03-30T11:57:22","modified_gmt":"2026-03-30T09:57:22","slug":"tactical-foodpack-turkey-jerky-miel-et-moutarde","status":"publish","type":"product","link":"https:\/\/defendgear.ch\/fr\/tactical-foodpack-turkey-jerky-miel-et-moutarde\/","title":{"rendered":"Tactical Foodpack - Turkey Jerky miel et moutarde"},"content":{"rendered":"<p>Une \u00e9nergie qui ne te laisse pas tomber. Le Tactical Foodpack Turkey Jerky Honey and Mustard est un snack l\u00e9ger et riche en prot\u00e9ines, sp\u00e9cialement con\u00e7u pour les interventions, les activit\u00e9s de plein air, le tir sportif, les provisions de secours et les missions de longue dur\u00e9e.<\/p>\n<p>De la viande de dinde maigre, marin\u00e9e avec du miel et de la moutarde, il en r\u00e9sulte un ar\u00f4me \u00e9quilibr\u00e9 de notes douces, \u00e9pic\u00e9es et savoureuses - parfait pour les d\u00e9placements, lorsque la performance compte.<\/p>\n<p>Gr\u00e2ce \u00e0 un s\u00e9chage en douceur, tout le potentiel gustatif et la teneur \u00e9lev\u00e9e en prot\u00e9ines sont pr\u00e9serv\u00e9s.<\/p>\n<p>Le jerky est l\u00e9ger, se conserve longtemps et se range facilement dans n'importe quel \u00e9quipement d'intervention ou de plein air.<\/p>\n<h4>Caract\u00e9ristiques et avantages :<\/h4>\n<ul>\n<li>Viande de dinde de qualit\u00e9 sup\u00e9rieure - pauvre en graisse, riche en prot\u00e9ines et source d'\u00e9nergie<\/li>\n<li>Go\u00fbt : miel &amp; moutarde - \u00e9quilibr\u00e9 entre le doux et l'\u00e9pic\u00e9<\/li>\n<li>Pas d'ar\u00f4mes artificiels ni de conservateurs<\/li>\n<li>L\u00e9ger et durable (au moins 3 ans) - parfait pour les interventions, les voyages ou les rations d'urgence<\/li>\n<li>Teneur \u00e9lev\u00e9e en prot\u00e9ines - soutient le d\u00e9veloppement musculaire et la performance<\/li>\n<li>Facile \u00e0 transporter, pas besoin de cuisiner<\/li>\n<li>Id\u00e9al pour le sac \u00e0 dos d'intervention, le sac d'urgence ou le kit de plein air<\/li>\n<\/ul>\n<h4>Ingr\u00e9dients :<\/h4>\n<p>Viande de dinde, sucre, miel, moutarde, sauce de soja (eau, f\u00e8ves de soja, sel, vinaigre de spiritueux), vinaigre de cidre, \u00e9pices, ar\u00f4me de fum\u00e9e, acide citrique.<\/p>\n<p>Peut contenir de petites quantit\u00e9s de lactose et de gluten.<\/p>\n<h4>Valeurs nutritives :<\/h4>\n<ul>\n<li>\u00c9nergie par portion : env. 480 kJ \/ 114 kcal<\/li>\n<li>\u00c9nergie pour 100 g : env. 1200 kJ \/ 285 kcal<\/li>\n<li>Mati\u00e8re grasse par portion : env. 1,4 g<\/li>\n<li>Mati\u00e8re grasse pour 100 g : env. 3,5 g<\/li>\n<li>Graisses satur\u00e9es par portion : env. 0,4 g<\/li>\n<li>Graisses satur\u00e9es pour 100 g : env. 1,0 g<\/li>\n<li>Glucides par portion : env. 7,5 g<\/li>\n<li>Glucides pour 100 g : env. 18,5 g<\/li>\n<li>Sucre par portion : env. 5,0 g<\/li>\n<li>Sucre pour 100 g : env. 12,0 g<\/li>\n<li>Prot\u00e9ines par portion : env. 18,0 g<\/li>\n<li>Prot\u00e9ines pour 100 g : env. 45,0 g<\/li>\n<li>Sel par portion : env. 1,5 g<\/li>\n<li>Sel pour 100 g : env. 3,8 g<\/li>\n<\/ul>\n<h4>Donn\u00e9es techniques :<\/h4>\n<ul>\n<li>Dur\u00e9e de conservation minimale : 3 ans<\/li>\n<li>Poids : l\u00e9ger et compact - id\u00e9al pour les d\u00e9placements<\/li>\n<\/ul>","protected":false},"excerpt":{"rendered":"<p>Energie, die dich nicht im Stich l\u00e4sst. Das Tactical Foodpack Turkey Jerky Honey and Mustard ist ein leichter, proteinreicher Snack,<\/p>","protected":false},"featured_media":29546,"comment_status":"open","ping_status":"closed","template":"","meta":[],"product_brand":[121],"product_cat":[120],"product_tag":[],"class_list":{"0":"post-29545","1":"product","2":"type-product","3":"status-publish","4":"has-post-thumbnail","6":"product_brand-tactical-foodrack","7":"product_cat-lebensmittel","9":"first","10":"outofstock","11":"taxable","12":"shipping-taxable","13":"purchasable","14":"product-type-simple"},"_links":{"self":[{"href":"https:\/\/defendgear.ch\/fr\/wp-json\/wp\/v2\/product\/29545","targetHints":{"allow":["GET"]}}],"collection":[{"href":"https:\/\/defendgear.ch\/fr\/wp-json\/wp\/v2\/product"}],"about":[{"href":"https:\/\/defendgear.ch\/fr\/wp-json\/wp\/v2\/types\/product"}],"replies":[{"embeddable":true,"href":"https:\/\/defendgear.ch\/fr\/wp-json\/wp\/v2\/comments?post=29545"}],"version-history":[{"count":1,"href":"https:\/\/defendgear.ch\/fr\/wp-json\/wp\/v2\/product\/29545\/revisions"}],"predecessor-version":[{"id":29547,"href":"https:\/\/defendgear.ch\/fr\/wp-json\/wp\/v2\/product\/29545\/revisions\/29547"}],"wp:featuredmedia":[{"embeddable":true,"href":"https:\/\/defendgear.ch\/fr\/wp-json\/wp\/v2\/media\/29546"}],"wp:attachment":[{"href":"https:\/\/defendgear.ch\/fr\/wp-json\/wp\/v2\/media?parent=29545"}],"wp:term":[{"taxonomy":"product_brand","embeddable":true,"href":"https:\/\/defendgear.ch\/fr\/wp-json\/wp\/v2\/product_brand?post=29545"},{"taxonomy":"product_cat","embeddable":true,"href":"https:\/\/defendgear.ch\/fr\/wp-json\/wp\/v2\/product_cat?post=29545"},{"taxonomy":"product_tag","embeddable":true,"href":"https:\/\/defendgear.ch\/fr\/wp-json\/wp\/v2\/product_tag?post=29545"}],"curies":[{"name":"wp","href":"https:\/\/api.w.org\/{rel}","templated":true}]}}