{"id":29561,"date":"2025-11-06T18:13:54","date_gmt":"2025-11-06T17:13:54","guid":{"rendered":"https:\/\/defendgear.ch\/?post_type=product&#038;p=29561"},"modified":"2026-03-04T12:13:45","modified_gmt":"2026-03-04T11:13:45","slug":"pepper-box-gigant-400-ml-jet-de-liquide-professionnel","status":"publish","type":"product","link":"https:\/\/defendgear.ch\/fr\/pepper-box-gigant-400-ml-jet-de-liquide-professionnel\/","title":{"rendered":"Gigant 400 ml Professional - Jet (Non inflammable)"},"content":{"rendered":"<p data-path-to-node=\"1\">Le Gigant 400 ml Professional (Jet) est un spray puissant de grande capacit\u00e9 pour la d\u00e9fense contre les animaux. Il a \u00e9t\u00e9 con\u00e7u pour une utilisation professionnelle, lorsque la port\u00e9e et la pr\u00e9cision maximales sont requises. \u00c9quip\u00e9 d'un jet liquide balistique (jet), l'appareil atteint une port\u00e9e d'environ 5 \u00e0 6 m et permet une approche s\u00fbre et pr\u00e9cise, m\u00eame \u00e0 distance. Malgr\u00e9 la grande port\u00e9e, la manipulation est optimis\u00e9e pour une utilisation \u00e0 une main gr\u00e2ce au design ergonomique de la poign\u00e9e. Le mod\u00e8le est ininflammable et convient donc \u00e0 une utilisation dans des environnements sensibles.<\/p>\n<p data-path-to-node=\"2\">La s\u00e9curit\u00e9 de couvercle \u00e0 ressort Flip-Top de haute qualit\u00e9 emp\u00eache de mani\u00e8re fiable tout d\u00e9clenchement involontaire : Il suffit de soulever le couvercle avec le pouce pour actionner le bouton et il se referme ensuite automatiquement.<\/p>\n<p data-path-to-node=\"3\"><b>Particuli\u00e8rement adapt\u00e9 pour<\/b> Services de s\u00e9curit\u00e9 (protection de biens), forestiers, gardes-chasse et utilisateurs professionnels pour la d\u00e9fense contre les animaux sauvages.<\/p>\n<p data-path-to-node=\"4\"><b>Br\u00e8ve description<\/b> Spray professionnel puissant pour la d\u00e9fense contre les animaux avec une contenance de 400 ml, un jet liquide balistique (jet), une port\u00e9e de 5-6 m et une s\u00e9curit\u00e9 fiable du couvercle \u00e0 ressort. Non inflammable - optimis\u00e9 pour les applications professionnelles.<\/p>\n<p data-path-to-node=\"5\"><b>Avantages du produit<\/b><\/p>\n<ul data-path-to-node=\"6\">\n<li>\n<p data-path-to-node=\"6,0,0\">Port\u00e9e maximale : jet liquide balistique (jet) - environ 5-6 m<\/p>\n<\/li>\n<li>\n<p data-path-to-node=\"6,1,0\">Grande capacit\u00e9 : 400 ml de contenu pour une utilisation prolong\u00e9e<\/p>\n<\/li>\n<li>\n<p data-path-to-node=\"6,2,0\">Utilisation \u00e0 une main : nouveau design de la poign\u00e9e pour une utilisation rapide et contr\u00f4l\u00e9e<\/p>\n<\/li>\n<li>\n<p data-path-to-node=\"6,3,0\">S\u00e9curit\u00e9 du couvercle \u00e0 ressort (flip-top) : Emp\u00eache le d\u00e9clenchement involontaire<\/p>\n<\/li>\n<li>\n<p data-path-to-node=\"6,4,0\">Ininflammable : utilisation s\u00fbre m\u00eame dans des environnements sensibles<\/p>\n<\/li>\n<li>\n<p data-path-to-node=\"6,5,0\">Performance professionnelle : Con\u00e7u pour la protection des objets et la d\u00e9fense contre les animaux<\/p>\n<\/li>\n<\/ul>\n<p data-path-to-node=\"7\"><b>Donn\u00e9es techniques<\/b><\/p>\n<ul data-path-to-node=\"8\">\n<li>\n<p data-path-to-node=\"8,0,0\">Mod\u00e8le : Gigant Professional - Jet (jet liquide)<\/p>\n<\/li>\n<li>\n<p data-path-to-node=\"8,1,0\">Contenu : 400 ml<\/p>\n<\/li>\n<li>\n<p data-path-to-node=\"8,2,0\">Comportement de la pulv\u00e9risation : jet liquide balistique (jet)<\/p>\n<\/li>\n<li>\n<p data-path-to-node=\"8,3,0\">port\u00e9e : 5-6 m\u00e8tres<\/p>\n<\/li>\n<li>\n<p data-path-to-node=\"8,4,0\">S\u00e9curit\u00e9 : couvercle \u00e0 ressort flip-top (s\u00e9curit\u00e9 du couvercle \u00e0 ressort)<\/p>\n<\/li>\n<li>\n<p data-path-to-node=\"8,5,0\">Caract\u00e9ristiques : Ininflammable, poign\u00e9e ergonomique, optimis\u00e9 pour une utilisation \u00e0 une main<\/p>\n<\/li>\n<\/ul>\n<p data-path-to-node=\"9\"><b>S\u00e9curit\u00e9 &amp; informations l\u00e9gales<\/b><\/p>\n<ul data-path-to-node=\"10\">\n<li>\n<p data-path-to-node=\"10,0,0\">Vente comme spray r\u00e9pulsif pour animaux<\/p>\n<\/li>\n<li>\n<p data-path-to-node=\"10,1,0\">Distribution uniquement aux personnes \u00e2g\u00e9es de 18 ans ou plus (t\u00e9l\u00e9chargement de l'ID requis)<\/p>\n<\/li>\n<li>\n<p data-path-to-node=\"10,2,0\">Destin\u00e9 uniquement \u00e0 la d\u00e9fense des animaux (autoris\u00e9 contre les humains uniquement dans les situations de l\u00e9gitime d\u00e9fense)<\/p>\n<\/li>\n<li>\n<p data-path-to-node=\"10,3,0\">Lire les instructions d'utilisation et de s\u00e9curit\u00e9 avant utilisation<\/p>\n<\/li>\n<li>\n<p data-path-to-node=\"10,4,0\">Ne pas vaporiser dans des espaces ferm\u00e9s (\u00e9viter les effets collat\u00e9raux)<\/p>\n<\/li>\n<li>\n<p data-path-to-node=\"10,5,0\">En cas de contact avec les yeux ou les voies respiratoires : rincer imm\u00e9diatement et abondamment \u00e0 l'eau et consulter un m\u00e9decin.<\/p>\n<\/li>\n<li>\n<p data-path-to-node=\"10,6,0\">Conserver dans un endroit frais et sec, hors de port\u00e9e des enfants.<\/p>\n<\/li>\n<\/ul>","protected":false},"excerpt":{"rendered":"<p>Das Gigant 400 ml Professional (Jet) ist ein leistungsstarkes Grossraum-Spray zur Tierabwehr, das f\u00fcr den professionellen Einsatz konzipiert wurde, wenn<\/p>","protected":false},"featured_media":30249,"comment_status":"open","ping_status":"closed","template":"","meta":[],"product_brand":[122],"product_cat":[75],"product_tag":[],"class_list":{"0":"post-29561","1":"product","2":"type-product","3":"status-publish","4":"has-post-thumbnail","6":"product_brand-pepper-box","7":"product_cat-schutz","9":"first","10":"outofstock","11":"sale","12":"taxable","13":"shipping-taxable","14":"purchasable","15":"product-type-simple"},"_links":{"self":[{"href":"https:\/\/defendgear.ch\/fr\/wp-json\/wp\/v2\/product\/29561","targetHints":{"allow":["GET"]}}],"collection":[{"href":"https:\/\/defendgear.ch\/fr\/wp-json\/wp\/v2\/product"}],"about":[{"href":"https:\/\/defendgear.ch\/fr\/wp-json\/wp\/v2\/types\/product"}],"replies":[{"embeddable":true,"href":"https:\/\/defendgear.ch\/fr\/wp-json\/wp\/v2\/comments?post=29561"}],"version-history":[{"count":4,"href":"https:\/\/defendgear.ch\/fr\/wp-json\/wp\/v2\/product\/29561\/revisions"}],"predecessor-version":[{"id":30864,"href":"https:\/\/defendgear.ch\/fr\/wp-json\/wp\/v2\/product\/29561\/revisions\/30864"}],"wp:featuredmedia":[{"embeddable":true,"href":"https:\/\/defendgear.ch\/fr\/wp-json\/wp\/v2\/media\/30249"}],"wp:attachment":[{"href":"https:\/\/defendgear.ch\/fr\/wp-json\/wp\/v2\/media?parent=29561"}],"wp:term":[{"taxonomy":"product_brand","embeddable":true,"href":"https:\/\/defendgear.ch\/fr\/wp-json\/wp\/v2\/product_brand?post=29561"},{"taxonomy":"product_cat","embeddable":true,"href":"https:\/\/defendgear.ch\/fr\/wp-json\/wp\/v2\/product_cat?post=29561"},{"taxonomy":"product_tag","embeddable":true,"href":"https:\/\/defendgear.ch\/fr\/wp-json\/wp\/v2\/product_tag?post=29561"}],"curies":[{"name":"wp","href":"https:\/\/api.w.org\/{rel}","templated":true}]}}