{"id":29580,"date":"2025-11-06T18:23:48","date_gmt":"2025-11-06T17:23:48","guid":{"rendered":"https:\/\/defendgear.ch\/?post_type=product&#038;p=29580"},"modified":"2026-02-06T11:29:24","modified_gmt":"2026-02-06T10:29:24","slug":"mil-tec-first-aid-kit-set-pro-25-leina-tactique","status":"publish","type":"product","link":"https:\/\/defendgear.ch\/fr\/mil-tec-first-aid-kit-set-pro-25-leina-tactique\/","title":{"rendered":"MIL-TEC\u00ae First Aid Kit Set PRO 25 \u201eLeina\u201c - set de premiers secours tactiques en vert"},"content":{"rendered":"<p>Le MIL-TEC\u00ae Leina Pro 25-pi\u00e8ces First Aid Set est un kit de premiers secours compact et pr\u00eat \u00e0 l'emploi, d\u00e9velopp\u00e9 pour les utilisateurs professionnels, les services de s\u00e9curit\u00e9, les passionn\u00e9s de plein air et les forces d'intervention tactiques. Il contient tous les composants essentiels pour pouvoir prodiguer les premiers soins rapidement et efficacement en cas d'urgence - emball\u00e9 dans un sac tactique robuste avec syst\u00e8me de fixation MOLLE.<\/p>\n<p><strong>Points forts<\/strong><\/p>\n<ul>\n<li>Set de premiers secours de 25 pi\u00e8ces pour une intervention rapide<\/li>\n<li>syst\u00e8me d'attache MOLLE sur le devant pour le fixer sur un sac \u00e0 dos, un gilet ou une ceinture<\/li>\n<li>surface velcro pour patchs individuels ou ID-tags<\/li>\n<li>Syst\u00e8me de fixation suppl\u00e9mentaire \u00e0 l'arri\u00e8re avec boucles MOLLE et boutons-pression<\/li>\n<li>Sac robuste en polyester 100 % - durable, r\u00e9sistant aux intemp\u00e9ries et pr\u00eat \u00e0 l'emploi<\/li>\n<li>Design compact - id\u00e9al pour le service, l'ext\u00e9rieur ou le v\u00e9hicule<\/li>\n<\/ul>\n<p><strong>Contenu<\/strong><\/p>\n<ul>\n<li>Couverture de survie argent\/or (160 \u00d7 210 cm)<\/li>\n<li>Foulard triangulaire (136 \u00d7 96 \u00d7 96 cm)<\/li>\n<li>Ciseaux \u00e0 bandage<\/li>\n<li>Pansement adh\u00e9sif (5 m \u00d7 2,5 cm)<\/li>\n<li>Kit de pansements :\n<ul>\n<li>4\u00d7 pansements rapides (10 \u00d7 6 cm)<\/li>\n<li>2\u00d7 pansement pour le bout des doigts<\/li>\n<li>2\u00d7 bandage de doigt (12 \u00d7 2 cm)<\/li>\n<li>2\u00d7 sparadraps (1,9 \u00d7 7,2 cm)<\/li>\n<li>4\u00d7 pansements adh\u00e9sifs (2,5 \u00d7 7,2 cm)<\/li>\n<\/ul>\n<\/li>\n<li>Drap de gaze st\u00e9rile (40 \u00d7 60 cm)<\/li>\n<li>2\u00d7 paires de gants jetables<\/li>\n<li>Guide de premiers secours<\/li>\n<\/ul>\n<h3>Donn\u00e9es techniques<\/h3>\n<ul>\n<li>Mat\u00e9riau (sac) : 100 % polyester<\/li>\n<li>Couleur : Vert<\/li>\n<li>Dimensions : compact et facile \u00e0 transporter<\/li>\n<li>Syst\u00e8me : Compatible MOLLE avec fixation par velcro et bouton-pression<\/li>\n<\/ul>\n<h3>Domaine d'utilisation<\/h3>\n<p>Le MIL-TEC\u00ae First Aid Kit PRO 25 \u201eLeina\u201c est id\u00e9al pour les missions sur le terrain, en voyage, dans un v\u00e9hicule ou pour une utilisation tactique. Gr\u00e2ce \u00e0 ses possibilit\u00e9s de fixation modulaires, il peut \u00eatre fix\u00e9 de mani\u00e8re flexible sur des sacs \u00e0 dos, des porte-plaques ou des \u00e9quipements - pour une disponibilit\u00e9 imm\u00e9diate en cas d'urgence.<\/p>\n<p>Un \u00e9l\u00e9ment indispensable de tout \u00e9quipement tactique - fiable, compact et orient\u00e9 vers la pratique.<\/p>\n<div id=\"gtx-trans\" style=\"position: absolute;left: 34px;top: 0.909092px\">\n<div class=\"gtx-trans-icon\"><\/div>\n<\/div>","protected":false},"excerpt":{"rendered":"<p>Das MIL-TEC\u00ae Leina Pro 25-tlg. First Aid Set ist ein kompaktes und einsatzbereites Erste-Hilfe-Set, entwickelt f\u00fcr professionelle Anwender, Sicherheitsdienste, Outdoor-Enthusiasten<\/p>","protected":false},"featured_media":29582,"comment_status":"open","ping_status":"closed","template":"","meta":[],"product_brand":[125],"product_cat":[77],"product_tag":[],"class_list":{"0":"post-29580","1":"product","2":"type-product","3":"status-publish","4":"has-post-thumbnail","6":"product_brand-mil-tec","7":"product_cat-medic","9":"first","10":"instock","11":"taxable","12":"shipping-taxable","13":"purchasable","14":"product-type-simple"},"_links":{"self":[{"href":"https:\/\/defendgear.ch\/fr\/wp-json\/wp\/v2\/product\/29580","targetHints":{"allow":["GET"]}}],"collection":[{"href":"https:\/\/defendgear.ch\/fr\/wp-json\/wp\/v2\/product"}],"about":[{"href":"https:\/\/defendgear.ch\/fr\/wp-json\/wp\/v2\/types\/product"}],"replies":[{"embeddable":true,"href":"https:\/\/defendgear.ch\/fr\/wp-json\/wp\/v2\/comments?post=29580"}],"version-history":[{"count":3,"href":"https:\/\/defendgear.ch\/fr\/wp-json\/wp\/v2\/product\/29580\/revisions"}],"predecessor-version":[{"id":29965,"href":"https:\/\/defendgear.ch\/fr\/wp-json\/wp\/v2\/product\/29580\/revisions\/29965"}],"wp:featuredmedia":[{"embeddable":true,"href":"https:\/\/defendgear.ch\/fr\/wp-json\/wp\/v2\/media\/29582"}],"wp:attachment":[{"href":"https:\/\/defendgear.ch\/fr\/wp-json\/wp\/v2\/media?parent=29580"}],"wp:term":[{"taxonomy":"product_brand","embeddable":true,"href":"https:\/\/defendgear.ch\/fr\/wp-json\/wp\/v2\/product_brand?post=29580"},{"taxonomy":"product_cat","embeddable":true,"href":"https:\/\/defendgear.ch\/fr\/wp-json\/wp\/v2\/product_cat?post=29580"},{"taxonomy":"product_tag","embeddable":true,"href":"https:\/\/defendgear.ch\/fr\/wp-json\/wp\/v2\/product_tag?post=29580"}],"curies":[{"name":"wp","href":"https:\/\/api.w.org\/{rel}","templated":true}]}}