{"id":29589,"date":"2025-11-05T13:58:27","date_gmt":"2025-11-05T12:58:27","guid":{"rendered":"https:\/\/defendgear.ch\/?post_type=product&#038;p=29589"},"modified":"2026-02-06T11:30:22","modified_gmt":"2026-02-06T10:30:22","slug":"mil-tec-first-aid-kit-set-pro-25-leina-dark-coyote","status":"publish","type":"product","link":"https:\/\/defendgear.ch\/fr\/mil-tec-first-aid-kit-set-pro-25-leina-dark-coyote\/","title":{"rendered":"MIL-TEC\u00ae First Aid Kit Set PRO 25 \u201eLeina\u201c Dark Coyote - set de premiers secours tactique pour l'utilisation professionnelle"},"content":{"rendered":"<p>Le MIL-TEC\u00ae Leina Pro 25-pi\u00e8ces First Aid Set de couleur Dark Coyote offre un \u00e9quipement de premiers secours complet pour les forces d'intervention, les passionn\u00e9s de plein air et les services de s\u00e9curit\u00e9. Gr\u00e2ce \u00e0 sa conception compacte et au syst\u00e8me modulaire MOLLE, le kit est pr\u00eat \u00e0 \u00eatre utilis\u00e9 partout o\u00f9 la rapidit\u00e9 et l'organisation sont essentielles.<\/p>\n<p><strong>Points forts<\/strong><\/p>\n<ul>\n<li>Kit de premiers secours de 25 pi\u00e8ces contenant tous les \u00e9l\u00e9ments essentiels en cas d'urgence<\/li>\n<li>syst\u00e8me d'attache MOLLE sur le devant pour la fixation \u00e0 l'\u00e9quipement tactique, aux gilets ou aux sacs \u00e0 dos<\/li>\n<li>surface velcro (VELCRO) pour patchs ou marquages individuels<\/li>\n<li>syst\u00e8me de fixation \u00e0 l'arri\u00e8re avec boucles MOLLE et boutons-pression - montage polyvalent<\/li>\n<li>Sac robuste en polyester 100 %, r\u00e9sistant, \u00e9tanche et durable<\/li>\n<li>Couleur : Dark Coyote - id\u00e9al pour les environnements tactiques et un port discret<\/li>\n<li>Compact et l\u00e9ger, id\u00e9al pour l'utilisation, le plein air, le v\u00e9hicule ou le voyage<\/li>\n<\/ul>\n<p><strong>Contenu de la livraison<\/strong><\/p>\n<ul>\n<li>Couverture de survie argent\/or (160 \u00d7 210 cm)<\/li>\n<li>Foulard triangulaire (136 \u00d7 96 \u00d7 96 cm)<\/li>\n<li>Ciseaux \u00e0 bandage<\/li>\n<li>Pansement adh\u00e9sif (5 m \u00d7 2,5 cm)<\/li>\n<li>Kit de pansements :\n<ul>\n<li>4\u00d7 pansements rapides (10 \u00d7 6 cm)<\/li>\n<li>2\u00d7 pansement pour le bout des doigts<\/li>\n<li>2\u00d7 bandage de doigt (12 \u00d7 2 cm)<\/li>\n<li>2\u00d7 sparadraps (1,9 \u00d7 7,2 cm)<\/li>\n<li>4\u00d7 pansements adh\u00e9sifs (2,5 \u00d7 7,2 cm)<\/li>\n<\/ul>\n<\/li>\n<li>Drap de gaze st\u00e9rile (40 \u00d7 60 cm)<\/li>\n<li>2\u00d7 paires de gants jetables<\/li>\n<li>Guide de premiers secours<\/li>\n<\/ul>\n<p><strong>Donn\u00e9es techniques<\/strong><\/p>\n<ul>\n<li>Mat\u00e9riau (sac) : 100 % polyester<\/li>\n<li>Couleur : Dark Coyote<\/li>\n<li>Syst\u00e8me : Compatible MOLLE avec fixation par velcro et bouton-pression<\/li>\n<li>\u00c9tendue : 25 pi\u00e8ces<\/li>\n<\/ul>\n<p><strong>Domaine d'utilisation<\/strong><\/p>\n<p>Le MIL-TEC\u00ae First Aid Kit PRO 25 \u201eLeina\u201c Dark Coyote est le choix id\u00e9al pour les missions tactiques, les activit\u00e9s en plein air, les v\u00e9hicules de service ou les voyages. Gr\u00e2ce au syst\u00e8me MOLLE, le kit peut \u00eatre fix\u00e9 de mani\u00e8re s\u00fbre et \u00e0 port\u00e9e de main sur votre \u00e9quipement.<\/p>\n<p>Compact, fiable et tactiquement bien pens\u00e9 - un \u00e9l\u00e9ment indispensable de tout \u00e9quipement professionnel en cas d'urgence.<\/p>","protected":false},"excerpt":{"rendered":"<p>Das MIL-TEC\u00ae Leina Pro 25-tlg. First Aid Set in der Farbe Dark Coyote bietet eine umfassende Erste-Hilfe-Ausstattung f\u00fcr Einsatzkr\u00e4fte, Outdoor-Enthusiasten<\/p>","protected":false},"featured_media":29590,"comment_status":"open","ping_status":"closed","template":"","meta":[],"product_brand":[125],"product_cat":[77],"product_tag":[],"class_list":{"0":"post-29589","1":"product","2":"type-product","3":"status-publish","4":"has-post-thumbnail","6":"product_brand-mil-tec","7":"product_cat-medic","9":"first","10":"instock","11":"taxable","12":"shipping-taxable","13":"purchasable","14":"product-type-simple"},"_links":{"self":[{"href":"https:\/\/defendgear.ch\/fr\/wp-json\/wp\/v2\/product\/29589","targetHints":{"allow":["GET"]}}],"collection":[{"href":"https:\/\/defendgear.ch\/fr\/wp-json\/wp\/v2\/product"}],"about":[{"href":"https:\/\/defendgear.ch\/fr\/wp-json\/wp\/v2\/types\/product"}],"replies":[{"embeddable":true,"href":"https:\/\/defendgear.ch\/fr\/wp-json\/wp\/v2\/comments?post=29589"}],"version-history":[{"count":4,"href":"https:\/\/defendgear.ch\/fr\/wp-json\/wp\/v2\/product\/29589\/revisions"}],"predecessor-version":[{"id":29973,"href":"https:\/\/defendgear.ch\/fr\/wp-json\/wp\/v2\/product\/29589\/revisions\/29973"}],"wp:featuredmedia":[{"embeddable":true,"href":"https:\/\/defendgear.ch\/fr\/wp-json\/wp\/v2\/media\/29590"}],"wp:attachment":[{"href":"https:\/\/defendgear.ch\/fr\/wp-json\/wp\/v2\/media?parent=29589"}],"wp:term":[{"taxonomy":"product_brand","embeddable":true,"href":"https:\/\/defendgear.ch\/fr\/wp-json\/wp\/v2\/product_brand?post=29589"},{"taxonomy":"product_cat","embeddable":true,"href":"https:\/\/defendgear.ch\/fr\/wp-json\/wp\/v2\/product_cat?post=29589"},{"taxonomy":"product_tag","embeddable":true,"href":"https:\/\/defendgear.ch\/fr\/wp-json\/wp\/v2\/product_tag?post=29589"}],"curies":[{"name":"wp","href":"https:\/\/api.w.org\/{rel}","templated":true}]}}