{"id":29606,"date":"2025-11-06T18:34:32","date_gmt":"2025-11-06T17:34:32","guid":{"rendered":"https:\/\/defendgear.ch\/?post_type=product&#038;p=29606"},"modified":"2026-02-06T11:51:43","modified_gmt":"2026-02-06T10:51:43","slug":"civiere-de-campagne-pour-blesses-civiere-de-secours-legere","status":"publish","type":"product","link":"https:\/\/defendgear.ch\/fr\/civiere-de-campagne-pour-blesses-civiere-de-secours-legere\/","title":{"rendered":"Civi\u00e8re de campagne pour les bless\u00e9s - Civi\u00e8re de secours l\u00e9g\u00e8re pour les \u00e9vacuations rapides"},"content":{"rendered":"<p>La civi\u00e8re de campagne pour les bless\u00e9s est un outil indispensable pour l'\u00e9vacuation rapide des bless\u00e9s sur le terrain, lors d'interventions militaires ou dans le cadre de la protection civile. Gr\u00e2ce \u00e0 son faible poids et \u00e0 sa forme roulante compacte, elle se transporte facilement, m\u00eame dans une grande poche de pantalon ou dans un sac \u00e0 dos.<\/p>\n<p>Fabriqu\u00e9e en tissu robuste et r\u00e9sistant \u00e0 la d\u00e9chirure, avec des renforts suppl\u00e9mentaires sur les bords, elle offre une grande stabilit\u00e9 et fiabilit\u00e9, m\u00eame dans des conditions difficiles.<\/p>\n<p>Une caract\u00e9ristique particuli\u00e8re : apr\u00e8s avoir tourn\u00e9 les poign\u00e9es, il est possible d'ins\u00e9rer deux barres dans les logements lat\u00e9raux - on obtient ainsi en un tour de main un brancard classique qui peut \u00eatre port\u00e9 confortablement par deux personnes.<\/p>\n<p><strong>D\u00e9tails techniques :<\/strong><\/p>\n<ul>\n<li>Mat\u00e9riau : Tissu tr\u00e8s r\u00e9sistant et ind\u00e9chirable avec bords renforc\u00e9s<\/li>\n<li>Construction : enroulable et ultral\u00e9g\u00e8re<\/li>\n<li>Option de transport : se glisse dans les grandes poches de pantalon ou dans les sacs \u00e0 dos<\/li>\n<li>Options de portage : Utilisable comme civi\u00e8re classique avec des poign\u00e9es ou des barres ins\u00e9r\u00e9es.<\/li>\n<li>Couleur : vert olive \/ vert militaire<\/li>\n<li>Domaine d'utilisation : sauvetage sur le terrain, en plein air, interventions tactiques, m\u00e9decine d'urgence<\/li>\n<\/ul>\n<p><strong>Les avantages en un coup d'\u0153il :<\/strong><\/p>\n<ul>\n<li>Extr\u00eamement l\u00e9ger et compact - id\u00e9al pour les utilisations mobiles<\/li>\n<li>Rapidement pr\u00eat \u00e0 l'emploi - d\u00e9ploy\u00e9 en quelques secondes<\/li>\n<li>Utilisation flexible - portage \u00e0 la main ou extensible avec des perches<\/li>\n<li>Durable et r\u00e9sistant gr\u00e2ce aux bords renforc\u00e9s<\/li>\n<li>Parfait pour les militaires, les secouristes, les \u00e9quipes de plein air et l'\u00e9quipement de survie<\/li>\n<\/ul>\n<p><strong>Conclusion :<\/strong><\/p>\n<p>Le brancard de campagne pour les bless\u00e9s combine poids minimal, robustesse et polyvalence - un must pour tous ceux qui ont besoin d'une \u00e9vacuation rapide et fiable sur le terrain ou en intervention.<\/p>\n<div id=\"gtx-trans\" style=\"position: absolute;left: 26px;top: 0.909092px\">\n<div class=\"gtx-trans-icon\"><\/div>\n<\/div>","protected":false},"excerpt":{"rendered":"<p>Die Feldtrage f\u00fcr Verwundete ist ein unverzichtbares Hilfsmittel f\u00fcr den schnellen Abtransport von Verletzten im Gel\u00e4nde, bei milit\u00e4rischen Eins\u00e4tzen oder<\/p>","protected":false},"featured_media":29607,"comment_status":"open","ping_status":"closed","template":"","meta":[],"product_brand":[129],"product_cat":[77],"product_tag":[],"class_list":{"0":"post-29606","1":"product","2":"type-product","3":"status-publish","4":"has-post-thumbnail","6":"product_brand-tschechische-armee","7":"product_cat-medic","9":"first","10":"instock","11":"taxable","12":"shipping-taxable","13":"purchasable","14":"product-type-simple"},"_links":{"self":[{"href":"https:\/\/defendgear.ch\/fr\/wp-json\/wp\/v2\/product\/29606","targetHints":{"allow":["GET"]}}],"collection":[{"href":"https:\/\/defendgear.ch\/fr\/wp-json\/wp\/v2\/product"}],"about":[{"href":"https:\/\/defendgear.ch\/fr\/wp-json\/wp\/v2\/types\/product"}],"replies":[{"embeddable":true,"href":"https:\/\/defendgear.ch\/fr\/wp-json\/wp\/v2\/comments?post=29606"}],"version-history":[{"count":3,"href":"https:\/\/defendgear.ch\/fr\/wp-json\/wp\/v2\/product\/29606\/revisions"}],"predecessor-version":[{"id":29961,"href":"https:\/\/defendgear.ch\/fr\/wp-json\/wp\/v2\/product\/29606\/revisions\/29961"}],"wp:featuredmedia":[{"embeddable":true,"href":"https:\/\/defendgear.ch\/fr\/wp-json\/wp\/v2\/media\/29607"}],"wp:attachment":[{"href":"https:\/\/defendgear.ch\/fr\/wp-json\/wp\/v2\/media?parent=29606"}],"wp:term":[{"taxonomy":"product_brand","embeddable":true,"href":"https:\/\/defendgear.ch\/fr\/wp-json\/wp\/v2\/product_brand?post=29606"},{"taxonomy":"product_cat","embeddable":true,"href":"https:\/\/defendgear.ch\/fr\/wp-json\/wp\/v2\/product_cat?post=29606"},{"taxonomy":"product_tag","embeddable":true,"href":"https:\/\/defendgear.ch\/fr\/wp-json\/wp\/v2\/product_tag?post=29606"}],"curies":[{"name":"wp","href":"https:\/\/api.w.org\/{rel}","templated":true}]}}