{"id":29640,"date":"2025-11-06T18:31:52","date_gmt":"2025-11-06T17:31:52","guid":{"rendered":"https:\/\/defendgear.ch\/?post_type=product&#038;p=29640"},"modified":"2025-11-21T23:16:13","modified_gmt":"2025-11-21T22:16:13","slug":"steele-thermostrips-batterie-de-refroidissement-set-de-3-pieces","status":"publish","type":"product","link":"https:\/\/defendgear.ch\/fr\/steele-thermostrips-batterie-de-refroidissement-set-de-3-pieces\/","title":{"rendered":"STEELE\u00ae Thermostrips\u2122 Lot de 3 accumulateurs de froid - Packs de froid r\u00e9utilisables conformes aux normes militaires am\u00e9ricaines"},"content":{"rendered":"<p>Les Thermostrips\u2122 STEELE\u00ae sont des accumulateurs de froid r\u00e9utilisables de haute qualit\u00e9, fabriqu\u00e9s selon les sp\u00e9cifications de l'arm\u00e9e am\u00e9ricaine et offrant une capacit\u00e9 de refroidissement constante et fiable.<\/p>\n<p>Avec plus de 14 ans d'essais r\u00e9ussis dans des applications militaires et dans des centaines de domaines industriels, ils sont consid\u00e9r\u00e9s comme la norme industrielle pour la dissipation efficace de la chaleur et le refroidissement du corps.<\/p>\n<p>Que ce soit pour pr\u00e9venir les dommages dus \u00e0 la chaleur, pour soulager les muscles surmen\u00e9s ou pour refroidir les aliments et les boissons, les accumulateurs de froid STEELE\u00ae sont polyvalents, durables et s\u00fbrs.<\/p>\n<p><strong>D\u00e9tails techniques :<\/strong><\/p>\n<ul>\n<li>Mod\u00e8le : STEELE\u00ae Thermostrips\u2122<\/li>\n<li>Contenu de la livraison : 3 pi\u00e8ces<\/li>\n<li>Dimensions (par paquet) : 13 \u00d7 13,5 cm<\/li>\n<li>poids total : 660 g<\/li>\n<li>Couleur : Transparent \/ Blanc<\/li>\n<li>Origine : Fabriqu\u00e9 aux \u00c9tats-Unis<\/li>\n<li>Propri\u00e9t\u00e9s du mat\u00e9riau :\n<ul>\n<li>Non toxique<\/li>\n<li>Biod\u00e9gradable<\/li>\n<li>Non inflammable<\/li>\n<li>Durable &amp; anti-fuite<\/li>\n<\/ul>\n<\/li>\n<\/ul>\n<p><strong>Caract\u00e9ristiques et avantages :<\/strong><\/p>\n<ul>\n<li>Refroidissement constant - test\u00e9 selon les sp\u00e9cifications de l'arm\u00e9e am\u00e9ricaine<\/li>\n<li>Reste fra\u00eeche pendant 3 \u00e0 4 heures - id\u00e9ale pour une utilisation continue<\/li>\n<li>R\u00e9utilisable &amp; robuste - il suffit de le congeler et de le r\u00e9utiliser<\/li>\n<li>L\u00e9ger &amp; s\u00fbr - non toxique, biod\u00e9gradable et ininflammable<\/li>\n<li>Polyvalent :\n<ul>\n<li>Refroidissement du corps en cas de chaleur ou de surcharge<\/li>\n<li>Premiers secours en cas de contusions et de blessures musculaires<\/li>\n<li>R\u00e9frig\u00e9ration des aliments et des boissons<\/li>\n<li>Utilisation dans des bo\u00eetes ou des sacs thermiques<\/li>\n<\/ul>\n<\/li>\n<li>Test\u00e9 par l'arm\u00e9e am\u00e9ricaine - plus de 14 ans d'utilisation exp\u00e9rimentale<\/li>\n<\/ul>\n<p><strong>Conclusion :<\/strong><\/p>\n<p>Les accumulateurs de froid STEELE\u00ae Thermostrips\u2122 sont un choix fiable pour les missions tactiques, les activit\u00e9s de plein air, les premiers secours ou l'utilisation quotidienne.<\/p>\n<p>Ils combinent qualit\u00e9 militaire, durabilit\u00e9 et polyvalence - et offrent un refroidissement efficace pendant jusqu'\u00e0 4 heures.<\/p>\n<div id=\"gtx-trans\" style=\"position: absolute;left: 176px;top: 232.909px\">\n<div class=\"gtx-trans-icon\"><\/div>\n<\/div>","protected":false},"excerpt":{"rendered":"<p>Die STEELE\u00ae Thermostrips\u2122 sind hochwertige, wiederverwendbare K\u00fchlakkus, die nach US-Milit\u00e4rspezifikationen gefertigt werden und eine konstante, zuverl\u00e4ssige K\u00fchlleistung bieten. Mit \u00fcber<\/p>","protected":false},"featured_media":29642,"comment_status":"open","ping_status":"closed","template":"","meta":[],"product_brand":[133],"product_cat":[77],"product_tag":[],"class_list":{"0":"post-29640","1":"product","2":"type-product","3":"status-publish","4":"has-post-thumbnail","6":"product_brand-us-army","7":"product_cat-medic","9":"first","10":"instock","11":"taxable","12":"shipping-taxable","13":"purchasable","14":"product-type-simple"},"_links":{"self":[{"href":"https:\/\/defendgear.ch\/fr\/wp-json\/wp\/v2\/product\/29640","targetHints":{"allow":["GET"]}}],"collection":[{"href":"https:\/\/defendgear.ch\/fr\/wp-json\/wp\/v2\/product"}],"about":[{"href":"https:\/\/defendgear.ch\/fr\/wp-json\/wp\/v2\/types\/product"}],"replies":[{"embeddable":true,"href":"https:\/\/defendgear.ch\/fr\/wp-json\/wp\/v2\/comments?post=29640"}],"version-history":[{"count":4,"href":"https:\/\/defendgear.ch\/fr\/wp-json\/wp\/v2\/product\/29640\/revisions"}],"predecessor-version":[{"id":29974,"href":"https:\/\/defendgear.ch\/fr\/wp-json\/wp\/v2\/product\/29640\/revisions\/29974"}],"wp:featuredmedia":[{"embeddable":true,"href":"https:\/\/defendgear.ch\/fr\/wp-json\/wp\/v2\/media\/29642"}],"wp:attachment":[{"href":"https:\/\/defendgear.ch\/fr\/wp-json\/wp\/v2\/media?parent=29640"}],"wp:term":[{"taxonomy":"product_brand","embeddable":true,"href":"https:\/\/defendgear.ch\/fr\/wp-json\/wp\/v2\/product_brand?post=29640"},{"taxonomy":"product_cat","embeddable":true,"href":"https:\/\/defendgear.ch\/fr\/wp-json\/wp\/v2\/product_cat?post=29640"},{"taxonomy":"product_tag","embeddable":true,"href":"https:\/\/defendgear.ch\/fr\/wp-json\/wp\/v2\/product_tag?post=29640"}],"curies":[{"name":"wp","href":"https:\/\/api.w.org\/{rel}","templated":true}]}}