{"id":29665,"date":"2025-11-06T18:50:12","date_gmt":"2025-11-06T17:50:12","guid":{"rendered":"https:\/\/defendgear.ch\/?post_type=product&#038;p=29665"},"modified":"2025-11-21T23:23:36","modified_gmt":"2025-11-21T22:23:36","slug":"tytek-ez-gauze-gaze-de-compression-tactique-z-pliage-375-m","status":"publish","type":"product","link":"https:\/\/defendgear.ch\/fr\/tytek-ez-gauze-gaze-de-compression-tactique-z-pliage-375-m\/","title":{"rendered":"TYTEK EZ Gauze - gaze de compression tactique (pliage en Z, 3,75 m)"},"content":{"rendered":"<p>La gaze TYTEK EZ Gauze est une gaze de compression tactique hautement absorbante, fabriqu\u00e9e \u00e0 partir de 6 couches de gaze de coton, con\u00e7ue pour une utilisation rapide et efficace sur les plaies qui saignent beaucoup ou qui sont profondes.<\/p>\n<p>Gr\u00e2ce \u00e0 son pliage en Z et \u00e0 son double emballage intelligent, elle permet une utilisation hygi\u00e9nique, contr\u00f4l\u00e9e et rapide - id\u00e9ale pour les secours, l'arm\u00e9e, la police et les premiers soins tactiques.<\/p>\n<p><strong>Caract\u00e9ristiques et avantages<\/strong><\/p>\n<ul>\n<li>\ud83e\ude78Haute absorption &amp; 6 couches : gaze de coton st\u00e9rile de 3,75 m de long et 11,4 cm de large pour une absorption maximale du sang et un tamponnement efficace de la plaie.<\/li>\n<li>\u2699\ufe0fZ Pliage : permet un d\u00e9ploiement contr\u00f4l\u00e9 pendant l'application et prot\u00e8ge les zones inutilis\u00e9es de la contamination.<\/li>\n<li>\ud83e\uddf4Double emballage sous vide :\n<ul>\n<li>Enveloppe ext\u00e9rieure : couche de protection contre les influences environnementales.<\/li>\n<li>Enveloppe int\u00e9rieure avec distributeur : permet de pr\u00e9lever proprement et rapidement toute la gaze.<\/li>\n<\/ul>\n<\/li>\n<li>\ud83d\ude91Certifi\u00e9 par la CE : Conforme aux normes europ\u00e9ennes de qualit\u00e9 et de s\u00e9curit\u00e9.<\/li>\n<li>\u2696\ufe0fLeicht &amp; compact : seulement 22,7 g - id\u00e9al pour les IFAK, les kits de traumatologie et l'\u00e9quipement tactique.<\/li>\n<li>\ud83c\uddfa\ud83c\uddf8NSN : 6510-01-605-2234<\/li>\n<\/ul>\n<p><strong>Donn\u00e9es techniques<\/strong><\/p>\n<ul>\n<li>longueur : 3,75 m<\/li>\n<li>largeur : 11,4 cm<\/li>\n<li>Mat\u00e9riau : gaze de coton \u00e0 6 couches<\/li>\n<li>Taille de l'emballage : 10,8 \u00d7 15,9 \u00d7 2 cm<\/li>\n<li>Poids : 22,7 g<\/li>\n<li>Certification : CE<\/li>\n<li>NSN : 6510-01-605-2234<\/li>\n<\/ul>\n<p><strong>Domaines d'application<\/strong><\/p>\n<p>Parfaitement adapt\u00e9 aux secouristes tactiques, \u00e0 l'arm\u00e9e, \u00e0 la police, aux services de secours, aux \u00e9quipes de plein air et \u00e0 tous ceux qui ont besoin d'un traitement fiable des plaies dans des situations critiques.<\/p>","protected":false},"excerpt":{"rendered":"<p>Die TYTEK EZ Gauze ist ein hochsaugf\u00e4higer taktischer Kompressionsmull aus 6-lagiger Baumwollgaze, entwickelt f\u00fcr den schnellen und effektiven Einsatz bei<\/p>","protected":false},"featured_media":29666,"comment_status":"open","ping_status":"closed","template":"","meta":[],"product_brand":[136],"product_cat":[77],"product_tag":[],"class_list":{"0":"post-29665","1":"product","2":"type-product","3":"status-publish","4":"has-post-thumbnail","6":"product_brand-tytek-piranha","7":"product_cat-medic","9":"first","10":"instock","11":"taxable","12":"shipping-taxable","13":"purchasable","14":"product-type-simple"},"_links":{"self":[{"href":"https:\/\/defendgear.ch\/fr\/wp-json\/wp\/v2\/product\/29665","targetHints":{"allow":["GET"]}}],"collection":[{"href":"https:\/\/defendgear.ch\/fr\/wp-json\/wp\/v2\/product"}],"about":[{"href":"https:\/\/defendgear.ch\/fr\/wp-json\/wp\/v2\/types\/product"}],"replies":[{"embeddable":true,"href":"https:\/\/defendgear.ch\/fr\/wp-json\/wp\/v2\/comments?post=29665"}],"version-history":[{"count":2,"href":"https:\/\/defendgear.ch\/fr\/wp-json\/wp\/v2\/product\/29665\/revisions"}],"predecessor-version":[{"id":30240,"href":"https:\/\/defendgear.ch\/fr\/wp-json\/wp\/v2\/product\/29665\/revisions\/30240"}],"wp:featuredmedia":[{"embeddable":true,"href":"https:\/\/defendgear.ch\/fr\/wp-json\/wp\/v2\/media\/29666"}],"wp:attachment":[{"href":"https:\/\/defendgear.ch\/fr\/wp-json\/wp\/v2\/media?parent=29665"}],"wp:term":[{"taxonomy":"product_brand","embeddable":true,"href":"https:\/\/defendgear.ch\/fr\/wp-json\/wp\/v2\/product_brand?post=29665"},{"taxonomy":"product_cat","embeddable":true,"href":"https:\/\/defendgear.ch\/fr\/wp-json\/wp\/v2\/product_cat?post=29665"},{"taxonomy":"product_tag","embeddable":true,"href":"https:\/\/defendgear.ch\/fr\/wp-json\/wp\/v2\/product_tag?post=29665"}],"curies":[{"name":"wp","href":"https:\/\/api.w.org\/{rel}","templated":true}]}}