{"id":29671,"date":"2025-11-06T18:43:26","date_gmt":"2025-11-06T17:43:26","guid":{"rendered":"https:\/\/defendgear.ch\/?post_type=product&#038;p=29671"},"modified":"2026-02-05T12:22:37","modified_gmt":"2026-02-05T11:22:37","slug":"sac-crossbody-mil-tec-molle-vert","status":"publish","type":"product","link":"https:\/\/defendgear.ch\/fr\/sac-crossbody-mil-tec-molle-vert\/","title":{"rendered":"MIL-TEC\u00ae Crossbody Bag MOLLE Vert - compact, tactique, fonctionnel"},"content":{"rendered":"<p>Le MIL-TEC\u00ae Crossbody Bag MOLLE est un sac d'intervention compact pour une utilisation quotidienne - que ce soit en service, \u00e0 l'entra\u00eenement ou en plein air. Avec son tissu polyester robuste, son syst\u00e8me MOLLE astucieux et son int\u00e9rieur bien pens\u00e9, il est le compagnon id\u00e9al pour la police, les services de s\u00e9curit\u00e9 et les passionn\u00e9s d'activit\u00e9s en plein air qui attachent de l'importance \u00e0 la fonctionnalit\u00e9 et au confort de port.<\/p>\n<p><strong>Points forts<\/strong><\/p>\n<ul>\n<li>Tissu en polyester robuste (100 %) avec une finition durable<\/li>\n<li>bandouli\u00e8re r\u00e9glable avec mousqueton pour un port flexible (crossbody ou \u00e9paule)<\/li>\n<li>Dos rembourr\u00e9 avec une grande poche suppl\u00e9mentaire pour l'\u00e9quipement ou les documents<\/li>\n<li>Compartiment principal avec fermeture \u00e9clair \u00e0 double sens et deux poches int\u00e9rieures pratiques<\/li>\n<li>poche frontale avec tiroir zipp\u00e9 et poche en filet pour petits objets<\/li>\n<li>surface velcro (VELCRO) pour l'application de patchs individuels ou de tags d'identification<\/li>\n<li>boucles d'attache MOLLE \u00e0 l'avant et sur le c\u00f4t\u00e9 pour les extensions modulaires<\/li>\n<li>Agr\u00e9ablement l\u00e9ger (seulement 360 g) tout en \u00e9tant tr\u00e8s stable<\/li>\n<\/ul>\n<p><strong>Donn\u00e9es techniques<\/strong><\/p>\n<ul>\n<li>Mati\u00e8re : 100 % polyester (ext\u00e9rieur &amp; doublure)<\/li>\n<li>Dimensions : 30 \u00d7 18 \u00d7 11 cm<\/li>\n<li>Volume : 6 litres<\/li>\n<li>poids : 360 g<\/li>\n<li>Remplissage : Chargement sup\u00e9rieur<\/li>\n<li>Fixation par clip : MOLLE\/PALS (externe)<\/li>\n<li>\u00c9quipement : surface ext\u00e9rieure VELCRO<\/li>\n<\/ul>\n<p><strong>Domaine d'utilisation<\/strong><\/p>\n<p>Id\u00e9al comme sac \u00e0 bandouli\u00e8re tactique, sac EDC ou sac \u00e0 dos compact pour les interventions, les loisirs ou les voyages. Le MIL-TEC\u00ae Crossbody Bag MOLLE convainc par son adaptabilit\u00e9 modulaire, son confort et sa robustesse - parfait pour une utilisation quotidienne dans des conditions exigeantes.<\/p>\n<div id=\"gtx-trans\" style=\"position: absolute;left: 115px;top: 48.0909px\">\n<div class=\"gtx-trans-icon\"><\/div>\n<\/div>","protected":false},"excerpt":{"rendered":"<p>Die MIL-TEC\u00ae Crossbody Bag MOLLE ist eine kompakte Einsatztasche f\u00fcr den t\u00e4glichen Gebrauch \u2013 ob im Dienst, Training oder Outdoor-Einsatz.<\/p>","protected":false},"featured_media":29672,"comment_status":"open","ping_status":"closed","template":"","meta":[],"product_brand":[125],"product_cat":[98],"product_tag":[],"class_list":{"0":"post-29671","1":"product","2":"type-product","3":"status-publish","4":"has-post-thumbnail","6":"product_brand-mil-tec","7":"product_cat-rucksaecke","9":"first","10":"outofstock","11":"sale","12":"taxable","13":"shipping-taxable","14":"purchasable","15":"product-type-simple"},"_links":{"self":[{"href":"https:\/\/defendgear.ch\/fr\/wp-json\/wp\/v2\/product\/29671","targetHints":{"allow":["GET"]}}],"collection":[{"href":"https:\/\/defendgear.ch\/fr\/wp-json\/wp\/v2\/product"}],"about":[{"href":"https:\/\/defendgear.ch\/fr\/wp-json\/wp\/v2\/types\/product"}],"replies":[{"embeddable":true,"href":"https:\/\/defendgear.ch\/fr\/wp-json\/wp\/v2\/comments?post=29671"}],"version-history":[{"count":2,"href":"https:\/\/defendgear.ch\/fr\/wp-json\/wp\/v2\/product\/29671\/revisions"}],"predecessor-version":[{"id":29945,"href":"https:\/\/defendgear.ch\/fr\/wp-json\/wp\/v2\/product\/29671\/revisions\/29945"}],"wp:featuredmedia":[{"embeddable":true,"href":"https:\/\/defendgear.ch\/fr\/wp-json\/wp\/v2\/media\/29672"}],"wp:attachment":[{"href":"https:\/\/defendgear.ch\/fr\/wp-json\/wp\/v2\/media?parent=29671"}],"wp:term":[{"taxonomy":"product_brand","embeddable":true,"href":"https:\/\/defendgear.ch\/fr\/wp-json\/wp\/v2\/product_brand?post=29671"},{"taxonomy":"product_cat","embeddable":true,"href":"https:\/\/defendgear.ch\/fr\/wp-json\/wp\/v2\/product_cat?post=29671"},{"taxonomy":"product_tag","embeddable":true,"href":"https:\/\/defendgear.ch\/fr\/wp-json\/wp\/v2\/product_tag?post=29671"}],"curies":[{"name":"wp","href":"https:\/\/api.w.org\/{rel}","templated":true}]}}