{"id":29700,"date":"2025-11-06T18:54:03","date_gmt":"2025-11-06T17:54:03","guid":{"rendered":"https:\/\/defendgear.ch\/?post_type=product&#038;p=29700"},"modified":"2025-11-26T15:09:37","modified_gmt":"2025-11-26T14:09:37","slug":"porte-documents-vert","status":"publish","type":"product","link":"https:\/\/defendgear.ch\/fr\/porte-documents-vert\/","title":{"rendered":"Pochette pour documents VERT"},"content":{"rendered":"<p>Pochette pour carte d'identit\u00e9 pratique et r\u00e9sistante de couleur vert olive, id\u00e9ale pour une utilisation quotidienne dans l'arm\u00e9e, la police, le secteur de la s\u00e9curit\u00e9 ou les activit\u00e9s de plein air.<\/p>\n<p>Fabriqu\u00e9 en nylon robuste, il offre plusieurs compartiments transparents en PVC qui permettent de ranger en toute s\u00e9curit\u00e9 et en m\u00eame temps de mani\u00e8re bien visible des badges, des cartes, des documents de voyage ou des cartes d'identit\u00e9.<\/p>\n<p>Une fermeture velcro solide prot\u00e8ge le contenu de mani\u00e8re fiable contre la perte ou les salissures. Le cordon de cou r\u00e9glable permet de porter la housse autour du cou ou de la fixer \u00e0 l'\u00e9quipement.<\/p>\n<p>Compact, l\u00e9ger et fonctionnel - parfait pour une utilisation professionnelle.<\/p>\n<p><strong>Caract\u00e9ristiques :<\/strong><\/p>\n<ul>\n<li>Couleur : vert olive<\/li>\n<li>Mat\u00e9riau : nylon r\u00e9sistant avec fen\u00eatres transparentes en PVC<\/li>\n<li>Plusieurs compartiments visibles pour les cartes et les documents<\/li>\n<li>Fermeture s\u00fbre en velcro<\/li>\n<li>Lani\u00e8re r\u00e9glable avec stoppeur<\/li>\n<li>Design compact, poids l\u00e9ger<\/li>\n<li>Id\u00e9al pour l'arm\u00e9e, la police, la s\u00e9curit\u00e9, le plein air et les voyages<\/li>\n<\/ul>\n<p><strong>Dimensions (env.) :<\/strong><\/p>\n<ul>\n<li>ferm\u00e9 : 13 \u00d7 10 cm<\/li>\n<li>ouvert : 13 \u00d7 20 cm<\/li>\n<\/ul>","protected":false},"excerpt":{"rendered":"<p>Praktische und strapazierf\u00e4hige Ausweish\u00fclle in Olivgr\u00fcn, ideal f\u00fcr den t\u00e4glichen Einsatz im Milit\u00e4r, bei der Polizei, im Security-Bereich oder bei<\/p>","protected":false},"featured_media":29701,"comment_status":"open","ping_status":"closed","template":"","meta":[],"product_brand":[108],"product_cat":[99],"product_tag":[],"class_list":{"0":"post-29700","1":"product","2":"type-product","3":"status-publish","4":"has-post-thumbnail","6":"product_brand-mfh","7":"product_cat-einsatztaschen","9":"first","10":"instock","11":"taxable","12":"shipping-taxable","13":"purchasable","14":"product-type-simple"},"_links":{"self":[{"href":"https:\/\/defendgear.ch\/fr\/wp-json\/wp\/v2\/product\/29700","targetHints":{"allow":["GET"]}}],"collection":[{"href":"https:\/\/defendgear.ch\/fr\/wp-json\/wp\/v2\/product"}],"about":[{"href":"https:\/\/defendgear.ch\/fr\/wp-json\/wp\/v2\/types\/product"}],"replies":[{"embeddable":true,"href":"https:\/\/defendgear.ch\/fr\/wp-json\/wp\/v2\/comments?post=29700"}],"version-history":[{"count":1,"href":"https:\/\/defendgear.ch\/fr\/wp-json\/wp\/v2\/product\/29700\/revisions"}],"predecessor-version":[{"id":29702,"href":"https:\/\/defendgear.ch\/fr\/wp-json\/wp\/v2\/product\/29700\/revisions\/29702"}],"wp:featuredmedia":[{"embeddable":true,"href":"https:\/\/defendgear.ch\/fr\/wp-json\/wp\/v2\/media\/29701"}],"wp:attachment":[{"href":"https:\/\/defendgear.ch\/fr\/wp-json\/wp\/v2\/media?parent=29700"}],"wp:term":[{"taxonomy":"product_brand","embeddable":true,"href":"https:\/\/defendgear.ch\/fr\/wp-json\/wp\/v2\/product_brand?post=29700"},{"taxonomy":"product_cat","embeddable":true,"href":"https:\/\/defendgear.ch\/fr\/wp-json\/wp\/v2\/product_cat?post=29700"},{"taxonomy":"product_tag","embeddable":true,"href":"https:\/\/defendgear.ch\/fr\/wp-json\/wp\/v2\/product_tag?post=29700"}],"curies":[{"name":"wp","href":"https:\/\/api.w.org\/{rel}","templated":true}]}}