{"id":29729,"date":"2025-11-06T18:39:58","date_gmt":"2025-11-06T17:39:58","guid":{"rendered":"https:\/\/defendgear.ch\/?post_type=product&#038;p=29729"},"modified":"2025-11-26T15:40:28","modified_gmt":"2025-11-26T14:40:28","slug":"porte-monnaie-pentagonal-stater-2-0-porte-monnaie-tactique","status":"publish","type":"product","link":"https:\/\/defendgear.ch\/fr\/porte-monnaie-pentagonal-stater-2-0-porte-monnaie-tactique\/","title":{"rendered":"Porte-monnaie PENTAGON STATER 2.0 - Porte-monnaie tactique en nylon (Noir)"},"content":{"rendered":"<p>Le PENTAGON STATER 2.0 est un porte-monnaie tactique robuste pour un usage quotidien - con\u00e7u pour les forces d'intervention, les passionn\u00e9s de plein air et les aventuriers qui misent sur la fiabilit\u00e9 et la fonctionnalit\u00e9.<\/p>\n<p>Fabriqu\u00e9 en nylon Cordura\u00ae 500D de haute qualit\u00e9, le STATER 2.0 convainc par son extr\u00eame robustesse, sa r\u00e9sistance \u00e0 l'abrasion et sa long\u00e9vit\u00e9.<\/p>\n<p>\u00c9quip\u00e9e de fermetures \u00e0 glissi\u00e8re YKK\u00ae, elle offre une fermeture s\u00fbre et une ouverture en douceur, m\u00eame dans des conditions difficiles.<\/p>\n<p>Que ce soit au quotidien, en voyage ou en mission, la PENTAGON STATER 2.0 veille \u00e0 ce que les cartes, l'argent et les pi\u00e8ces d'identit\u00e9 soient toujours rang\u00e9s de mani\u00e8re s\u00fbre et ordonn\u00e9e.<\/p>\n<p><strong>D\u00e9tails techniques :<\/strong><\/p>\n<ul>\n<li>Mod\u00e8le : PENTAGON STATER 2.0<\/li>\n<li>Mati\u00e8re : 100 % nylon 500D Cordura\u00ae.<\/li>\n<li>Fermetures \u00e0 glissi\u00e8re : YKK\u00ae - robuste et durable<\/li>\n<li>Couleur : Noir<\/li>\n<li>Dimensions : taille compacte (id\u00e9ale pour la poche de pantalon ou le pantalon d'intervention)<\/li>\n<li>Marque : PENTAGON Tactical<\/li>\n<\/ul>\n<p><strong>Caract\u00e9ristiques et avantages :<\/strong><\/p>\n<ul>\n<li>Durable et r\u00e9sistant aux intemp\u00e9ries gr\u00e2ce au Cordura\u00ae 500D<\/li>\n<li>Rangement s\u00fbr pour les cartes, les pi\u00e8ces et les billets<\/li>\n<li>Fermetures \u00e0 glissi\u00e8re YKK\u00ae fiables - faciles \u00e0 manipuler et r\u00e9sistantes \u00e0 la rupture<\/li>\n<li>Compact &amp; l\u00e9ger - parfait pour le quotidien, l'utilisation et l'ext\u00e9rieur<\/li>\n<li>Design tactique avec r\u00e9partition int\u00e9rieure fonctionnelle<\/li>\n<\/ul>\n<p>Conclusion :<\/p>\n<p>Le PENTAGON STATER 2.0 est plus qu'un simple porte-monnaie - c'est un accessoire tactique pour les personnes qui appr\u00e9cient la durabilit\u00e9, la fonctionnalit\u00e9 et le style.<\/p>\n<p>Que ce soit au service ou pendant les loisirs, ce porte-monnaie tient ses promesses.<\/p>\n<div id=\"gtx-trans\" style=\"position: absolute;left: 0px;top: 464.114px\">\n<div class=\"gtx-trans-icon\"><\/div>\n<\/div>","protected":false},"excerpt":{"rendered":"<p>Die PENTAGON STATER 2.0 ist eine robuste, taktische Geldb\u00f6rse f\u00fcr den t\u00e4glichen Gebrauch \u2013 entwickelt f\u00fcr Einsatzkr\u00e4fte, Outdoor-Enthusiasten und Abenteurer,<\/p>","protected":false},"featured_media":29743,"comment_status":"open","ping_status":"closed","template":"","meta":[],"product_brand":[141],"product_cat":[99],"product_tag":[],"class_list":{"0":"post-29729","1":"product","2":"type-product","3":"status-publish","4":"has-post-thumbnail","6":"product_brand-pentagon-2","7":"product_cat-einsatztaschen","9":"first","10":"instock","11":"taxable","12":"shipping-taxable","13":"purchasable","14":"product-type-simple"},"_links":{"self":[{"href":"https:\/\/defendgear.ch\/fr\/wp-json\/wp\/v2\/product\/29729","targetHints":{"allow":["GET"]}}],"collection":[{"href":"https:\/\/defendgear.ch\/fr\/wp-json\/wp\/v2\/product"}],"about":[{"href":"https:\/\/defendgear.ch\/fr\/wp-json\/wp\/v2\/types\/product"}],"replies":[{"embeddable":true,"href":"https:\/\/defendgear.ch\/fr\/wp-json\/wp\/v2\/comments?post=29729"}],"version-history":[{"count":2,"href":"https:\/\/defendgear.ch\/fr\/wp-json\/wp\/v2\/product\/29729\/revisions"}],"predecessor-version":[{"id":29950,"href":"https:\/\/defendgear.ch\/fr\/wp-json\/wp\/v2\/product\/29729\/revisions\/29950"}],"wp:featuredmedia":[{"embeddable":true,"href":"https:\/\/defendgear.ch\/fr\/wp-json\/wp\/v2\/media\/29743"}],"wp:attachment":[{"href":"https:\/\/defendgear.ch\/fr\/wp-json\/wp\/v2\/media?parent=29729"}],"wp:term":[{"taxonomy":"product_brand","embeddable":true,"href":"https:\/\/defendgear.ch\/fr\/wp-json\/wp\/v2\/product_brand?post=29729"},{"taxonomy":"product_cat","embeddable":true,"href":"https:\/\/defendgear.ch\/fr\/wp-json\/wp\/v2\/product_cat?post=29729"},{"taxonomy":"product_tag","embeddable":true,"href":"https:\/\/defendgear.ch\/fr\/wp-json\/wp\/v2\/product_tag?post=29729"}],"curies":[{"name":"wp","href":"https:\/\/api.w.org\/{rel}","templated":true}]}}