{"id":29736,"date":"2025-11-06T18:39:17","date_gmt":"2025-11-06T17:39:17","guid":{"rendered":"https:\/\/defendgear.ch\/?post_type=product&#038;p=29736"},"modified":"2025-11-26T15:43:21","modified_gmt":"2025-11-26T14:43:21","slug":"pentagon-geldboerse-stater-2-0-wallet-coyote","status":"publish","type":"product","link":"https:\/\/defendgear.ch\/fr\/pentagon-geldboerse-stater-2-0-wallet-coyote\/","title":{"rendered":"Porte-monnaie PENTAGON STATER 2.0 - Portefeuille tactique en Cordura\u00ae (Coyote)"},"content":{"rendered":"<p>Die PENTAGON STATER 2.0 ist eine strapazierf\u00e4hige, taktische Geldb\u00f6rse, die speziell f\u00fcr Einsatzkr\u00e4fte, Milit\u00e4r, Polizei und Outdoor-Enthusiasten entwickelt wurde.<\/p>\n<p>Hergestellt aus hochwertigem 500D Cordura\u00ae Nylon, bietet sie maximale Robustheit, Rei\u00dffestigkeit und Langlebigkeit \u2013 perfekt geeignet f\u00fcr den t\u00e4glichen Einsatz im Feld, auf Reisen oder im urbanen Alltag.<\/p>\n<p>Ausgestattet mit YKK\u00ae-Rei\u00dfverschl\u00fcssen, gew\u00e4hrleistet die STATER 2.0 zuverl\u00e4ssige Funktion und sicheren Verschluss \u2013 selbst bei intensiver Beanspruchung.<\/p>\n<p>Ihr kompaktes Design sorgt f\u00fcr eine \u00fcbersichtliche Organisation von Karten, Geldscheinen und Ausweisen, ohne unn\u00f6tig aufzutragen.<\/p>\n<p><strong>D\u00e9tails techniques :<\/strong><\/p>\n<ul>\n<li>Mod\u00e8le : PENTAGON STATER 2.0<\/li>\n<li>Couleur : Coyote<\/li>\n<li>Mati\u00e8re : 100 % nylon 500D Cordura\u00ae.<\/li>\n<li>Rei\u00dfverschl\u00fcsse: YKK\u00ae \u2013 langlebig und leichtg\u00e4ngig<\/li>\n<li>Ma\u00dfe: Kompakte, taktische Gr\u00f6\u00dfe (passt in Einsatz- oder Cargo-Hosen)<\/li>\n<li>Marque : PENTAGON Tactical<\/li>\n<\/ul>\n<p><strong>Caract\u00e9ristiques et avantages :<\/strong><\/p>\n<ul>\n<li>Extrem robust &amp; wetterbest\u00e4ndig dank Cordura\u00ae 500D<\/li>\n<li>Fermetures \u00e0 glissi\u00e8re YKK\u00ae pour une fiabilit\u00e9 maximale<\/li>\n<li>Leicht und kompakt \u2013 ideal f\u00fcr Alltag, Einsatz und Outdoor<\/li>\n<li>Design tactique avec r\u00e9partition int\u00e9rieure fonctionnelle<\/li>\n<li>Sicherer Stauraum f\u00fcr Karten, Bargeld und Ausweise<\/li>\n<\/ul>\n<p><strong>Conclusion :<\/strong><\/p>\n<p>Die PENTAGON STATER 2.0 Wallet in Coyote vereint taktische Funktionalit\u00e4t, Langlebigkeit und dezentes Design.<\/p>\n<p>Ob im Dienst oder in der Freizeit \u2013 diese Geldb\u00f6rse ist die perfekte Begleiterin f\u00fcr anspruchsvolle Nutzer, die auf Qualit\u00e4t und Zuverl\u00e4ssigkeit setzen.<\/p>","protected":false},"excerpt":{"rendered":"<p>Die PENTAGON STATER 2.0 ist eine strapazierf\u00e4hige, taktische Geldb\u00f6rse, die speziell f\u00fcr Einsatzkr\u00e4fte, Milit\u00e4r, Polizei und Outdoor-Enthusiasten entwickelt wurde. Hergestellt<\/p>","protected":false},"featured_media":29737,"comment_status":"open","ping_status":"closed","template":"","meta":[],"product_brand":[141],"product_cat":[99],"product_tag":[],"class_list":{"0":"post-29736","1":"product","2":"type-product","3":"status-publish","4":"has-post-thumbnail","6":"product_brand-pentagon-2","7":"product_cat-einsatztaschen","9":"first","10":"instock","11":"taxable","12":"shipping-taxable","13":"purchasable","14":"product-type-simple"},"_links":{"self":[{"href":"https:\/\/defendgear.ch\/fr\/wp-json\/wp\/v2\/product\/29736","targetHints":{"allow":["GET"]}}],"collection":[{"href":"https:\/\/defendgear.ch\/fr\/wp-json\/wp\/v2\/product"}],"about":[{"href":"https:\/\/defendgear.ch\/fr\/wp-json\/wp\/v2\/types\/product"}],"replies":[{"embeddable":true,"href":"https:\/\/defendgear.ch\/fr\/wp-json\/wp\/v2\/comments?post=29736"}],"version-history":[{"count":2,"href":"https:\/\/defendgear.ch\/fr\/wp-json\/wp\/v2\/product\/29736\/revisions"}],"predecessor-version":[{"id":29946,"href":"https:\/\/defendgear.ch\/fr\/wp-json\/wp\/v2\/product\/29736\/revisions\/29946"}],"wp:featuredmedia":[{"embeddable":true,"href":"https:\/\/defendgear.ch\/fr\/wp-json\/wp\/v2\/media\/29737"}],"wp:attachment":[{"href":"https:\/\/defendgear.ch\/fr\/wp-json\/wp\/v2\/media?parent=29736"}],"wp:term":[{"taxonomy":"product_brand","embeddable":true,"href":"https:\/\/defendgear.ch\/fr\/wp-json\/wp\/v2\/product_brand?post=29736"},{"taxonomy":"product_cat","embeddable":true,"href":"https:\/\/defendgear.ch\/fr\/wp-json\/wp\/v2\/product_cat?post=29736"},{"taxonomy":"product_tag","embeddable":true,"href":"https:\/\/defendgear.ch\/fr\/wp-json\/wp\/v2\/product_tag?post=29736"}],"curies":[{"name":"wp","href":"https:\/\/api.w.org\/{rel}","templated":true}]}}