{"id":29745,"date":"2025-11-06T18:33:24","date_gmt":"2025-11-06T17:33:24","guid":{"rendered":"https:\/\/defendgear.ch\/?post_type=product&#038;p=29745"},"modified":"2026-02-09T22:08:00","modified_gmt":"2026-02-09T21:08:00","slug":"sac-banane-tactique-kombat-velcro-noir","status":"publish","type":"product","link":"https:\/\/defendgear.ch\/fr\/sac-banane-tactique-kombat-velcro-noir\/","title":{"rendered":"KOMBAT Sac banane tactique Velcro - Noir"},"content":{"rendered":"<p>Sac r\u00e9niforme polyvalent avec organisation modulaire &amp; possibilit\u00e9 de transport dissimul\u00e9<\/p>\n<p>La sacoche ventrale KOMBAT Tactical Velcro est une sacoche r\u00e9nale robuste et fonctionnelle, con\u00e7ue pour les forces d'intervention, les tireurs, les passionn\u00e9s d'activit\u00e9s en plein air et pour la tactique au quotidien.<\/p>\n<p>Avec son syst\u00e8me de compartiments bien pens\u00e9, elle offre un grand espace de rangement, une excellente accessibilit\u00e9 et de multiples possibilit\u00e9s de transport - parfaite pour une utilisation quotidienne ou au stand de tir.<\/p>\n<p>Le compartiment principal s'ouvre \u00e0 l'aide d'une fermeture \u00e9clair \u00e0 double sens et dispose d'une poche int\u00e9rieure suppl\u00e9mentaire pour les documents ou les objets plats.<\/p>\n<p>Sur le couvercle se trouve un tunnel en tissu sur toute la longueur - id\u00e9al pour fixer une lampe de poche, un couteau ou un multi-outil avec clip. Un cordon de serrage \u00e9lastique assure un maintien s\u00fbr.<\/p>\n<p>Une bande de velcro (11 \u00d7 5 cm) sur le tunnel permet d'apposer des patchs ou des bandes nominatives.<\/p>\n<p>Le dos est rembourr\u00e9 et dispose d'une poche plate \u00e0 fermeture \u00e9clair (24 \u00d7 15 cm) qui convient \u00e9galement pour le transport dissimul\u00e9 de petites armes (pistolets sous-compacts) - discret, mais pas con\u00e7u pour \u00eatre d\u00e9gain\u00e9 rapidement.<\/p>\n<p>Sur le devant se trouve une poche centrale de 12 \u00d7 12 cm avec un rabat suppl\u00e9mentaire et une boucle Fastex, sur laquelle se trouve une autre zone Velcro (9,5 \u00d7 5 cm).<\/p>\n<p>Des deux c\u00f4t\u00e9s, deux poches triangulaires \u00e0 fermeture \u00e9clair (environ 11 cm de c\u00f4t\u00e9) compl\u00e8tent le concept de rangement.<\/p>\n<p><strong>D\u00e9tails techniques :<\/strong><\/p>\n<ul>\n<li>Couleur : Noir<\/li>\n<li>Mat\u00e9riau : nylon r\u00e9sistant<\/li>\n<li>Dimensions : 34 \u00d7 17 cm<\/li>\n<li>poids : 360 g<\/li>\n<li>Largeur de la ceinture : 3,5 cm, r\u00e9glable jusqu'\u00e0 114 cm de tour de taille<\/li>\n<li>Fermeture principale : fermeture \u00e0 glissi\u00e8re double sens<\/li>\n<li>Fixation par clip : Ceinture avec boucle Fastex<\/li>\n<\/ul>\n<p><strong>Caract\u00e9ristiques et avantages :<\/strong><\/p>\n<ul>\n<li>Grand compartiment principal avec poche int\u00e9rieure pour documents<\/li>\n<li>Structure bien pens\u00e9e avec plusieurs compartiments zipp\u00e9s<\/li>\n<li>Poches avant et arri\u00e8re pour l'\u00e9quipement tactique ou EDC<\/li>\n<li>Option de transport dissimul\u00e9e pour les armes compactes (pas le train rapide)<\/li>\n<li>Surfaces Velcro pour les bandes de nom et les patchs<\/li>\n<li>Lacet de s\u00e9curit\u00e9 \u00e9lastique pour couteau ou lampe de poche<\/li>\n<li>Robuste, fonctionnel &amp; confortable \u00e0 porter<\/li>\n<\/ul>\n<p><strong>Conclusion :<\/strong><\/p>\n<p>La sacoche ventrale tactique KOMBAT Velcro combine une grande fonctionnalit\u00e9, un design tactique et une utilisation quotidienne.<\/p>\n<p>Que ce soit en service, sur un stand de tir, lors d'interventions ou en milieu urbain, ce sac \u00e0 reins offre une organisation bien pens\u00e9e, une robustesse et un confort maximal.<\/p>\n<div id=\"gtx-trans\" style=\"position: absolute;left: -2px;top: 952.909px\">\n<div class=\"gtx-trans-icon\"><\/div>\n<\/div>","protected":false},"excerpt":{"rendered":"<p>Vielseitige Nierentasche mit modularer Organisation &amp; verdeckter Tragem\u00f6glichkeit Die KOMBAT Tactical Bauchtasche Velcro ist eine robuste und funktionale Nierentasche, entwickelt<\/p>","protected":false},"featured_media":29748,"comment_status":"open","ping_status":"closed","template":"","meta":[],"product_brand":[144],"product_cat":[99],"product_tag":[],"class_list":{"0":"post-29745","1":"product","2":"type-product","3":"status-publish","4":"has-post-thumbnail","6":"product_brand-kombat","7":"product_cat-einsatztaschen","9":"first","10":"outofstock","11":"taxable","12":"shipping-taxable","13":"purchasable","14":"product-type-simple"},"_links":{"self":[{"href":"https:\/\/defendgear.ch\/fr\/wp-json\/wp\/v2\/product\/29745","targetHints":{"allow":["GET"]}}],"collection":[{"href":"https:\/\/defendgear.ch\/fr\/wp-json\/wp\/v2\/product"}],"about":[{"href":"https:\/\/defendgear.ch\/fr\/wp-json\/wp\/v2\/types\/product"}],"replies":[{"embeddable":true,"href":"https:\/\/defendgear.ch\/fr\/wp-json\/wp\/v2\/comments?post=29745"}],"version-history":[{"count":5,"href":"https:\/\/defendgear.ch\/fr\/wp-json\/wp\/v2\/product\/29745\/revisions"}],"predecessor-version":[{"id":30817,"href":"https:\/\/defendgear.ch\/fr\/wp-json\/wp\/v2\/product\/29745\/revisions\/30817"}],"wp:featuredmedia":[{"embeddable":true,"href":"https:\/\/defendgear.ch\/fr\/wp-json\/wp\/v2\/media\/29748"}],"wp:attachment":[{"href":"https:\/\/defendgear.ch\/fr\/wp-json\/wp\/v2\/media?parent=29745"}],"wp:term":[{"taxonomy":"product_brand","embeddable":true,"href":"https:\/\/defendgear.ch\/fr\/wp-json\/wp\/v2\/product_brand?post=29745"},{"taxonomy":"product_cat","embeddable":true,"href":"https:\/\/defendgear.ch\/fr\/wp-json\/wp\/v2\/product_cat?post=29745"},{"taxonomy":"product_tag","embeddable":true,"href":"https:\/\/defendgear.ch\/fr\/wp-json\/wp\/v2\/product_tag?post=29745"}],"curies":[{"name":"wp","href":"https:\/\/api.w.org\/{rel}","templated":true}]}}