{"id":29752,"date":"2025-11-06T18:33:51","date_gmt":"2025-11-06T17:33:51","guid":{"rendered":"https:\/\/defendgear.ch\/?post_type=product&#038;p=29752"},"modified":"2026-03-30T11:51:29","modified_gmt":"2026-03-30T09:51:29","slug":"sac-banane-tactique-kombat-velcro-coyote","status":"publish","type":"product","link":"https:\/\/defendgear.ch\/fr\/sac-banane-tactique-kombat-velcro-coyote\/","title":{"rendered":"KOMBAT Sac ventral tactique Velcro - Coyote"},"content":{"rendered":"<p>Sac r\u00e9niforme polyvalent avec grand espace de rangement &amp; possibilit\u00e9 de transport dissimul\u00e9<\/p>\n<p>La sacoche ventrale KOMBAT Tactical Velcro en Coyote est une sacoche r\u00e9nale fonctionnelle, robuste et polyvalente pour les forces d'intervention, les tireurs, les passionn\u00e9s d'activit\u00e9s en plein air et le personnel de s\u00e9curit\u00e9.<\/p>\n<p>Avec son concept de compartiments bien pens\u00e9, il offre beaucoup de place pour l'\u00e9quipement et les articles EDC, sans pour autant perdre en confort.<\/p>\n<p>Le compartiment principal est accessible par une fermeture \u00e9clair \u00e0 double sens et poss\u00e8de une poche int\u00e9rieure suppl\u00e9mentaire pour les documents ou autres objets plats.<\/p>\n<p>Sur le couvercle se trouve un tunnel en tissu sur toute la longueur, id\u00e9al pour fixer une lampe de poche, un couteau ou un multi-outil avec un clip. Un cordon de serrage \u00e9lastique assure un maintien s\u00fbr.<\/p>\n<p>En outre, une bande velcro (11 \u00d7 5 cm) permet d'apposer des patchs ou des rubans nominatifs.<\/p>\n<p>Le dos rembourr\u00e9 dispose d'une poche zipp\u00e9e s\u00e9par\u00e9e (24 \u00d7 15 cm) - parfaite pour dissimuler les petites armes (pistolets sous-compacts).<\/p>\n<p>Le sac n'est pas con\u00e7u pour \u00eatre tir\u00e9 rapidement, mais il offre un confort discret.<\/p>\n<p>\u00c0 l'avant se trouve une poche de 12 \u00d7 12 cm avec un rabat suppl\u00e9mentaire et une boucle Fastex, sur laquelle est fix\u00e9e une autre bande Velcro (9,5 \u00d7 5 cm) pour les patchs.<\/p>\n<p>Le design est compl\u00e9t\u00e9 par deux poches lat\u00e9rales triangulaires \u00e0 fermeture \u00e9clair (environ 11 cm de c\u00f4t\u00e9) pour les petits objets ou l'\u00e9quipement tactique.<\/p>\n<p><strong>D\u00e9tails techniques :<\/strong><\/p>\n<ul>\n<li>Couleur : Coyote<\/li>\n<li>Mat\u00e9riau : nylon r\u00e9sistant<\/li>\n<li>Dimensions : 34 \u00d7 17 cm<\/li>\n<li>poids : 360 g<\/li>\n<li>Compartiment principal : fermeture \u00e9clair \u00e0 double sens avec poche int\u00e9rieure<\/li>\n<li>poche arri\u00e8re : 24 \u00d7 15 cm, rembourr\u00e9e<\/li>\n<li>Largeur de la ceinture : 3,5 cm, r\u00e9glable jusqu'\u00e0 114 cm de tour de taille<\/li>\n<li>Fermeture : Boucle Fastex<\/li>\n<li>surfaces velcro frontales : 11 \u00d7 5 cm &amp; 9,5 \u00d7 5 cm<\/li>\n<\/ul>\n<p><strong>Caract\u00e9ristiques et avantages :<\/strong><\/p>\n<ul>\n<li>Grand compartiment principal avec poche suppl\u00e9mentaire pour documents<\/li>\n<li>Option de transport dissimul\u00e9e pour les pistolets (sub)compacts<\/li>\n<li>Plusieurs compartiments zipp\u00e9s pour une organisation bien pens\u00e9e<\/li>\n<li>Poches avant et lat\u00e9rales pour un acc\u00e8s rapide<\/li>\n<li>Fixation \u00e9lastique du cordon pour les couteaux ou les lampes de poche<\/li>\n<li>Surfaces velcro pour les \u00e9tiquettes d'identification, les bandes nominatives ou les patchs<\/li>\n<li>Mat\u00e9riau en nylon robuste - r\u00e9sistant \u00e0 l'usure et durable<\/li>\n<li>Confort de port ergonomique gr\u00e2ce au dos rembourr\u00e9<\/li>\n<\/ul>\n<p><strong>Conclusion :<\/strong><\/p>\n<p>La sacoche ventrale tactique KOMBAT Velcro en coyote combine un design fonctionnel, une grande r\u00e9sistance et une polyvalence tactique.<\/p>\n<p>Que ce soit lors d'une intervention, d'un entra\u00eenement au tir, d'une aventure en plein air ou dans la vie de tous les jours, ce sac \u00e0 reins offre une organisation optimale et une fiabilit\u00e9 maximale.<\/p>","protected":false},"excerpt":{"rendered":"<p>Vielseitige Nierentasche mit gro\u00dfem Stauraum &amp; verdeckter Tragem\u00f6glichkeit Die KOMBAT Tactical Bauchtasche Velcro in Coyote ist eine funktionale, robuste und<\/p>","protected":false},"featured_media":29753,"comment_status":"open","ping_status":"closed","template":"","meta":[],"product_brand":[144],"product_cat":[99],"product_tag":[],"class_list":{"0":"post-29752","1":"product","2":"type-product","3":"status-publish","4":"has-post-thumbnail","6":"product_brand-kombat","7":"product_cat-einsatztaschen","9":"first","10":"outofstock","11":"taxable","12":"shipping-taxable","13":"purchasable","14":"product-type-simple"},"_links":{"self":[{"href":"https:\/\/defendgear.ch\/fr\/wp-json\/wp\/v2\/product\/29752","targetHints":{"allow":["GET"]}}],"collection":[{"href":"https:\/\/defendgear.ch\/fr\/wp-json\/wp\/v2\/product"}],"about":[{"href":"https:\/\/defendgear.ch\/fr\/wp-json\/wp\/v2\/types\/product"}],"replies":[{"embeddable":true,"href":"https:\/\/defendgear.ch\/fr\/wp-json\/wp\/v2\/comments?post=29752"}],"version-history":[{"count":2,"href":"https:\/\/defendgear.ch\/fr\/wp-json\/wp\/v2\/product\/29752\/revisions"}],"predecessor-version":[{"id":29968,"href":"https:\/\/defendgear.ch\/fr\/wp-json\/wp\/v2\/product\/29752\/revisions\/29968"}],"wp:featuredmedia":[{"embeddable":true,"href":"https:\/\/defendgear.ch\/fr\/wp-json\/wp\/v2\/media\/29753"}],"wp:attachment":[{"href":"https:\/\/defendgear.ch\/fr\/wp-json\/wp\/v2\/media?parent=29752"}],"wp:term":[{"taxonomy":"product_brand","embeddable":true,"href":"https:\/\/defendgear.ch\/fr\/wp-json\/wp\/v2\/product_brand?post=29752"},{"taxonomy":"product_cat","embeddable":true,"href":"https:\/\/defendgear.ch\/fr\/wp-json\/wp\/v2\/product_cat?post=29752"},{"taxonomy":"product_tag","embeddable":true,"href":"https:\/\/defendgear.ch\/fr\/wp-json\/wp\/v2\/product_tag?post=29752"}],"curies":[{"name":"wp","href":"https:\/\/api.w.org\/{rel}","templated":true}]}}