{"id":29792,"date":"2025-11-06T17:39:54","date_gmt":"2025-11-06T16:39:54","guid":{"rendered":"https:\/\/defendgear.ch\/?post_type=product&#038;p=29792"},"modified":"2026-02-09T15:08:21","modified_gmt":"2026-02-09T14:08:21","slug":"taktisches-langarmhemd-attack-khaki","status":"publish","type":"product","link":"https:\/\/defendgear.ch\/fr\/taktisches-langarmhemd-attack-khaki\/","title":{"rendered":"Chemise tactique \u00e0 manches longues \u201eAttack\u201c - Kaki (rev\u00eatement t\u00e9flon &amp; ripstop)"},"content":{"rendered":"<p>Das taktische Langarmhemd \u201eAttack\u201c \u00fcberzeugt durch Funktionalit\u00e4t, Komfort und professionelle Verarbeitung.<\/p>\n<p>Gefertigt aus einem hochwertigen Ripstop-Stretchgewebe mit Teflon-Beschichtung, bietet es optimalen Schutz vor Schmutz und Wasser, ist schnelltrocknend, b\u00fcgelfrei und angenehm leicht zu tragen \u2013 perfekt f\u00fcr Einsatz, Outdoor, Training oder Alltag.<\/p>\n<p>Durch den Stretchanteil (Dupont\u2122 Sorona\u00ae Comfort Stretch) hast du maximale Bewegungsfreiheit, w\u00e4hrend das Mesh-R\u00fcckenteil f\u00fcr optimale Bel\u00fcftung sorgt \u2013 auch bei intensiver Aktivit\u00e4t.<\/p>\n<p><strong>Fonctions &amp; caract\u00e9ristiques :<\/strong><\/p>\n<ul>\n<li>Rev\u00eatement en t\u00e9flon : r\u00e9sistant \u00e0 la salet\u00e9 et \u00e0 l'eau<\/li>\n<li>Robustes Ripstop-Gewebe: reissfest &amp; langlebig<\/li>\n<li>Stretchmaterial: sorgt f\u00fcr hervorragende Bewegungsfreiheit<\/li>\n<li>L\u00e9ger, respirant et \u00e0 s\u00e9chage rapide<\/li>\n<li>B\u00fcgelfrei \u2013 ideal f\u00fcr den t\u00e4glichen Einsatz<\/li>\n<li>Boutonni\u00e8re \u00e0 l'avant<\/li>\n<li>2 poches poitrine avec rabat et fermeture velcro<\/li>\n<li>2 poches porte-documents dissimul\u00e9es avec fermeture \u00e0 glissi\u00e8re lat\u00e9rale<\/li>\n<li>Poche pour stylo sur la manche sup\u00e9rieure gauche<\/li>\n<li>Fente dorsale avec insert en mesh pour une circulation optimale de l'air<\/li>\n<li>Verst\u00e4rkte Ellbogen f\u00fcr zus\u00e4tzliche Haltbarkeit<\/li>\n<\/ul>\n<p><strong>Composition du mat\u00e9riel :<\/strong><\/p>\n<ul>\n<li>44 % Polyester<\/li>\n<li>36 % \u00c9lasthanne (Dupont\u2122 Sorona\u00ae Comfort Stretch)<\/li>\n<li>20 % Coton<\/li>\n<\/ul>","protected":false},"excerpt":{"rendered":"<p>Das taktische Langarmhemd \u201eAttack\u201c \u00fcberzeugt durch Funktionalit\u00e4t, Komfort und professionelle Verarbeitung. Gefertigt aus einem hochwertigen Ripstop-Stretchgewebe mit Teflon-Beschichtung, bietet es<\/p>","protected":false},"featured_media":29799,"comment_status":"open","ping_status":"closed","template":"","meta":[],"product_brand":[108],"product_cat":[91],"product_tag":[],"class_list":{"0":"post-29792","1":"product","2":"type-product","3":"status-publish","4":"has-post-thumbnail","6":"product_brand-mfh","7":"product_cat-hemden","9":"first","10":"instock","11":"taxable","12":"shipping-taxable","13":"purchasable","14":"product-type-variable"},"_links":{"self":[{"href":"https:\/\/defendgear.ch\/fr\/wp-json\/wp\/v2\/product\/29792","targetHints":{"allow":["GET"]}}],"collection":[{"href":"https:\/\/defendgear.ch\/fr\/wp-json\/wp\/v2\/product"}],"about":[{"href":"https:\/\/defendgear.ch\/fr\/wp-json\/wp\/v2\/types\/product"}],"replies":[{"embeddable":true,"href":"https:\/\/defendgear.ch\/fr\/wp-json\/wp\/v2\/comments?post=29792"}],"version-history":[{"count":3,"href":"https:\/\/defendgear.ch\/fr\/wp-json\/wp\/v2\/product\/29792\/revisions"}],"predecessor-version":[{"id":29811,"href":"https:\/\/defendgear.ch\/fr\/wp-json\/wp\/v2\/product\/29792\/revisions\/29811"}],"wp:featuredmedia":[{"embeddable":true,"href":"https:\/\/defendgear.ch\/fr\/wp-json\/wp\/v2\/media\/29799"}],"wp:attachment":[{"href":"https:\/\/defendgear.ch\/fr\/wp-json\/wp\/v2\/media?parent=29792"}],"wp:term":[{"taxonomy":"product_brand","embeddable":true,"href":"https:\/\/defendgear.ch\/fr\/wp-json\/wp\/v2\/product_brand?post=29792"},{"taxonomy":"product_cat","embeddable":true,"href":"https:\/\/defendgear.ch\/fr\/wp-json\/wp\/v2\/product_cat?post=29792"},{"taxonomy":"product_tag","embeddable":true,"href":"https:\/\/defendgear.ch\/fr\/wp-json\/wp\/v2\/product_tag?post=29792"}],"curies":[{"name":"wp","href":"https:\/\/api.w.org\/{rel}","templated":true}]}}