{"id":29874,"date":"2025-11-06T09:42:23","date_gmt":"2025-11-06T08:42:23","guid":{"rendered":"https:\/\/defendgear.ch\/?post_type=product&#038;p=29874"},"modified":"2026-03-01T10:37:32","modified_gmt":"2026-03-01T09:37:32","slug":"walther-oil-pad-waffenunterlage-40-x-50-cm","status":"publish","type":"product","link":"https:\/\/defendgear.ch\/fr\/walther-oil-pad-waffenunterlage-40-x-50-cm\/","title":{"rendered":"Walther Oil Pad - Support d'arme 40 \u00d7 50 cm pour armes courtes"},"content":{"rendered":"<p>Die Walther Oil Pad Waffenunterlage ist die erste gepr\u00fcfte und zugelassene Waffenunterlage, die zuverl\u00e4ssig \u00d6l, Chemikalien und Reinigungsr\u00fcckst\u00e4nde aufnimmt und sicher bindet.<\/p>\n<p>Dank der wabenartigen Struktur und der undurchl\u00e4ssigen Schutzfolie sch\u00fctzt sie deine Arbeitsfl\u00e4che optimal vor \u00d6l, L\u00f6sungsmitteln, Kratzern und Schmutz \u2013 ideal f\u00fcr die Pflege und Reinigung von Kurzwaffen.<\/p>\n<p>Convient particuli\u00e8rement aux autorit\u00e9s, \u00e0 la police, aux services de s\u00e9curit\u00e9, aux stands de tir, aux chasseurs et aux utilisateurs priv\u00e9s exigeants.<\/p>\n<p><strong>Caract\u00e9ristiques et avantages<\/strong><\/p>\n<ul>\n<li>Passend f\u00fcr Kurzwaffen (40 \u00d7 50 cm)<\/li>\n<li>Rutsch- und reissfest \u2013 stabiler Halt auf jeder Arbeitsfl\u00e4che<\/li>\n<li>Extr\u00eamement absorbant, sans d\u00e9bordement<\/li>\n<li>Hohe Aufnahmeleistung: nimmt bis zu 0,9 Liter \u00d6l oder Chemikalien auf<\/li>\n<li>Undurchl\u00e4ssige Schutzfolie \u2013 kein Durchdringen auf Tisch oder Werkbank<\/li>\n<li>Wabenstruktur f\u00fcr gleichm\u00e4ssige Verteilung der Fl\u00fcssigkeit<\/li>\n<li>Wiederverwendbar bei leichter Verschmutzung<\/li>\n<li>Auch als Luftentfeuchter im Waffenschrank verwendbar<\/li>\n<li>Sch\u00fctzt zuverl\u00e4ssig vor Verschmutzungen und Kratzern<\/li>\n<\/ul>\n<p><strong>Domaines d'application<\/strong><\/p>\n<ul>\n<li>Reinigung und Pflege von Kurzwaffen<\/li>\n<li>Waffenservice, Werkstatt &amp; Schiessstand<\/li>\n<li>Waffenschrank (Luftentfeuchtung &amp; Oberfl\u00e4chenschutz)<\/li>\n<li>Wartungs- und Montagearbeiten<\/li>\n<\/ul>\n<p><strong>Donn\u00e9es techniques<\/strong><\/p>\n<ul>\n<li>Produkt: Walther Oil Pad (Kurzwaffen-Gr\u00f6sse)<\/li>\n<li>Abmessungen: 40 \u00d7 50 cm<\/li>\n<li>Fl\u00fcssigkeitsaufnahme: bis zu 0,9 Liter<\/li>\n<li>Material: Saugvlies mit wabenartiger Struktur, Unterseite mit Schutzfolie<\/li>\n<li>Fabricant : Walther<\/li>\n<\/ul>","protected":false},"excerpt":{"rendered":"<p>Die Walther Oil Pad Waffenunterlage ist die erste gepr\u00fcfte und zugelassene Waffenunterlage, die zuverl\u00e4ssig \u00d6l, Chemikalien und Reinigungsr\u00fcckst\u00e4nde aufnimmt und<\/p>","protected":false},"featured_media":29875,"comment_status":"open","ping_status":"closed","template":"","meta":[],"product_brand":[146],"product_cat":[79],"product_tag":[],"class_list":{"0":"post-29874","1":"product","2":"type-product","3":"status-publish","4":"has-post-thumbnail","6":"product_brand-walther","7":"product_cat-waffenzubehoer","9":"first","10":"outofstock","11":"taxable","12":"shipping-taxable","13":"purchasable","14":"product-type-simple"},"_links":{"self":[{"href":"https:\/\/defendgear.ch\/fr\/wp-json\/wp\/v2\/product\/29874","targetHints":{"allow":["GET"]}}],"collection":[{"href":"https:\/\/defendgear.ch\/fr\/wp-json\/wp\/v2\/product"}],"about":[{"href":"https:\/\/defendgear.ch\/fr\/wp-json\/wp\/v2\/types\/product"}],"replies":[{"embeddable":true,"href":"https:\/\/defendgear.ch\/fr\/wp-json\/wp\/v2\/comments?post=29874"}],"version-history":[{"count":1,"href":"https:\/\/defendgear.ch\/fr\/wp-json\/wp\/v2\/product\/29874\/revisions"}],"predecessor-version":[{"id":29876,"href":"https:\/\/defendgear.ch\/fr\/wp-json\/wp\/v2\/product\/29874\/revisions\/29876"}],"wp:featuredmedia":[{"embeddable":true,"href":"https:\/\/defendgear.ch\/fr\/wp-json\/wp\/v2\/media\/29875"}],"wp:attachment":[{"href":"https:\/\/defendgear.ch\/fr\/wp-json\/wp\/v2\/media?parent=29874"}],"wp:term":[{"taxonomy":"product_brand","embeddable":true,"href":"https:\/\/defendgear.ch\/fr\/wp-json\/wp\/v2\/product_brand?post=29874"},{"taxonomy":"product_cat","embeddable":true,"href":"https:\/\/defendgear.ch\/fr\/wp-json\/wp\/v2\/product_cat?post=29874"},{"taxonomy":"product_tag","embeddable":true,"href":"https:\/\/defendgear.ch\/fr\/wp-json\/wp\/v2\/product_tag?post=29874"}],"curies":[{"name":"wp","href":"https:\/\/api.w.org\/{rel}","templated":true}]}}