{"id":30037,"date":"2025-11-06T17:39:11","date_gmt":"2025-11-06T16:39:11","guid":{"rendered":"https:\/\/defendgear.ch\/?post_type=product&#038;p=30037"},"modified":"2025-11-26T14:58:31","modified_gmt":"2025-11-26T13:58:31","slug":"chaussures-de-bain-neoprene-noir","status":"publish","type":"product","link":"https:\/\/defendgear.ch\/fr\/chaussures-de-bain-neoprene-noir\/","title":{"rendered":"Chaussures de bain en n\u00e9opr\u00e8ne - Noir"},"content":{"rendered":"<p>Les chaussures de bain en n\u00e9opr\u00e8ne noir sont des chaussures d'eau et de plage l\u00e9g\u00e8res, flexibles et antid\u00e9rapantes, id\u00e9ales pour une utilisation au lac, \u00e0 la rivi\u00e8re, \u00e0 la plage ou pour les sports aquatiques.<\/p>\n<p>Le mat\u00e9riau souple en n\u00e9opr\u00e8ne assure un grand confort, tandis que la semelle antid\u00e9rapante en TPR offre une bonne adh\u00e9rence sur les surfaces mouill\u00e9es.<\/p>\n<p>Gr\u00e2ce \u00e0 l'\u00e9lastique avec cordon de serrage, les chaussures s'adaptent individuellement et se fixent en toute s\u00e9curit\u00e9 - parfaites pour les activit\u00e9s dans et au bord de l'eau.<\/p>\n<p><strong>Caract\u00e9ristiques et avantages<\/strong><\/p>\n<ul>\n<li>Chaussures de bain l\u00e9g\u00e8res et flexibles - id\u00e9ales pour les loisirs, les sports nautiques et le plein air<\/li>\n<li>Dessus en n\u00e9opr\u00e8ne doux - souple, prot\u00e8ge des cailloux et des coquillages<\/li>\n<li>Semelle antid\u00e9rapante en TPR - adh\u00e9rence s\u00fbre sur les surfaces lisses ou humides<\/li>\n<li>Elastique avec cordon de serrage - pour un ajustement parfait et un enfilage rapide<\/li>\n<li>Semelle int\u00e9rieure amovible - hygi\u00e9nique et facile \u00e0 nettoyer<\/li>\n<li>Agr\u00e9ablement rembourr\u00e9 - id\u00e9al pour un port prolong\u00e9 dans l'eau ou sur la rive<\/li>\n<li>S\u00e9chage rapide et robustesse - parfait pour l'\u00e9t\u00e9 ou l'entra\u00eenement dans l'eau<\/li>\n<\/ul>\n<p><strong>Donn\u00e9es techniques<\/strong><\/p>\n<ul>\n<li>Couleur : Noir<\/li>\n<li>Mat\u00e9riau sup\u00e9rieur : n\u00e9opr\u00e8ne<\/li>\n<li>Doublure : n\u00e9opr\u00e8ne<\/li>\n<li>Semelle : Caoutchouc thermoplastique (TPR)<\/li>\n<li>fermeture : \u00e9lastique avec cordon de serrage<\/li>\n<li>Semelle int\u00e9rieure : Amovible<\/li>\n<\/ul>\n<p><strong>Domaines d'application<\/strong><\/p>\n<ul>\n<li>sports nautiques, kayak, SUP, natation<\/li>\n<li>Plage, lac, rivi\u00e8re ou piscine<\/li>\n<li>Camping &amp; plein air<\/li>\n<li>Entra\u00eenement dans l'eau ou exercices dans des services de s\u00e9curit\u00e9<\/li>\n<\/ul>","protected":false},"excerpt":{"rendered":"<p>Die Neopren Badeschuhe in Schwarz sind leichte, flexible und rutschfeste Wasser- und Strandschuhe, ideal f\u00fcr den Einsatz am See, Fluss,<\/p>","protected":false},"featured_media":30063,"comment_status":"open","ping_status":"closed","template":"","meta":[],"product_brand":[164],"product_cat":[102],"product_tag":[],"class_list":{"0":"post-30037","1":"product","2":"type-product","3":"status-publish","4":"has-post-thumbnail","6":"product_brand-fox-outdoor","7":"product_cat-schuhe-stiefel","9":"first","10":"instock","11":"taxable","12":"shipping-taxable","13":"purchasable","14":"product-type-variable"},"_links":{"self":[{"href":"https:\/\/defendgear.ch\/fr\/wp-json\/wp\/v2\/product\/30037","targetHints":{"allow":["GET"]}}],"collection":[{"href":"https:\/\/defendgear.ch\/fr\/wp-json\/wp\/v2\/product"}],"about":[{"href":"https:\/\/defendgear.ch\/fr\/wp-json\/wp\/v2\/types\/product"}],"replies":[{"embeddable":true,"href":"https:\/\/defendgear.ch\/fr\/wp-json\/wp\/v2\/comments?post=30037"}],"version-history":[{"count":2,"href":"https:\/\/defendgear.ch\/fr\/wp-json\/wp\/v2\/product\/30037\/revisions"}],"predecessor-version":[{"id":30064,"href":"https:\/\/defendgear.ch\/fr\/wp-json\/wp\/v2\/product\/30037\/revisions\/30064"}],"wp:featuredmedia":[{"embeddable":true,"href":"https:\/\/defendgear.ch\/fr\/wp-json\/wp\/v2\/media\/30063"}],"wp:attachment":[{"href":"https:\/\/defendgear.ch\/fr\/wp-json\/wp\/v2\/media?parent=30037"}],"wp:term":[{"taxonomy":"product_brand","embeddable":true,"href":"https:\/\/defendgear.ch\/fr\/wp-json\/wp\/v2\/product_brand?post=30037"},{"taxonomy":"product_cat","embeddable":true,"href":"https:\/\/defendgear.ch\/fr\/wp-json\/wp\/v2\/product_cat?post=30037"},{"taxonomy":"product_tag","embeddable":true,"href":"https:\/\/defendgear.ch\/fr\/wp-json\/wp\/v2\/product_tag?post=30037"}],"curies":[{"name":"wp","href":"https:\/\/api.w.org\/{rel}","templated":true}]}}