{"id":30082,"date":"2025-11-06T18:30:26","date_gmt":"2025-11-06T17:30:26","guid":{"rendered":"https:\/\/defendgear.ch\/?post_type=product&#038;p=30082"},"modified":"2026-04-16T15:43:57","modified_gmt":"2026-04-16T13:43:57","slug":"gants-cuir-protect-noir-anti-coupure","status":"publish","type":"product","link":"https:\/\/defendgear.ch\/fr\/gants-cuir-protect-noir-anti-coupure\/","title":{"rendered":"Gants en cuir \u201eProtect\u201c - Noir, anti-coupure"},"content":{"rendered":"<p>Les gants en cuir \u201eProtect\u201c en noir sont le choix parfait pour les utilisateurs qui recherchent un maximum de s\u00e9curit\u00e9, de confort et de pr\u00e9cision.<\/p>\n<p>Fabriqu\u00e9s en cuir de b\u0153uf souple de haute qualit\u00e9 avec une doublure en Kevlar\u00ae anti-coupure, ces gants offrent une protection et une dext\u00e9rit\u00e9 exceptionnelles - id\u00e9al pour la s\u00e9curit\u00e9, la police, la protection personnelle et les missions tactiques.<\/p>\n<p>Les rembourrages sur les phalanges et les doigts assurent une protection suppl\u00e9mentaire contre les chocs, sans pour autant limiter la mobilit\u00e9. La garniture en daim sur la paume de la main garantit une adh\u00e9rence optimale, m\u00eame dans les conditions les plus exigeantes.<\/p>\n<p>La fermeture velcro au poignet permet un r\u00e9glage pr\u00e9cis de la largeur et assure un ajustement s\u00fbr et confortable.<\/p>\n<p>Gr\u00e2ce \u00e0 leur construction robuste et \u00e0 leur doublure en Kevlar\u00ae DuPont\u2122, ces gants sont particuli\u00e8rement r\u00e9sistants aux coupures.<\/p>\n<p><strong>Caract\u00e9ristiques :<\/strong><\/p>\n<ul>\n<li>Couleur : Noir<\/li>\n<li>Finition de haute qualit\u00e9 et r\u00e9sistante<\/li>\n<li>Anti-coupure gr\u00e2ce \u00e0 la doublure en Kevlar\u00ae (DuPont\u2122)<\/li>\n<li>Cuir doux au toucher pour une prise en main optimale<\/li>\n<li>Rembourrage aux chevilles et aux doigts pour une protection suppl\u00e9mentaire<\/li>\n<li>garniture en daim sur la paume pour une meilleure adh\u00e9rence<\/li>\n<li>fermeture velcro au poignet pour ajuster la largeur<\/li>\n<li>Tr\u00e8s bonnes propri\u00e9t\u00e9s de prise en main et de toucher<\/li>\n<li>Id\u00e9al pour la police, la s\u00e9curit\u00e9, la protection des personnes et les utilisateurs professionnels<\/li>\n<\/ul>\n<p><strong>mat\u00e9riel :<\/strong><\/p>\n<ul>\n<li>Dos de la main : 100 % cuir avec rembourrage en caoutchouc<\/li>\n<li>paume : 100 % daim<\/li>\n<li>Doublure : 100 % polyamide (fibre DuPont\u2122 Kevlar\u00ae)<\/li>\n<li>Contient des parties non textiles d'origine animale<\/li>\n<\/ul>","protected":false},"excerpt":{"rendered":"<p>Les gants en cuir \u201eProtect\u201c en noir sont le choix parfait pour les utilisateurs qui recherchent un maximum de s\u00e9curit\u00e9, de confort et de pr\u00e9cision.<\/p>","protected":false},"featured_media":30088,"comment_status":"open","ping_status":"closed","template":"","meta":[],"product_brand":[108],"product_cat":[95],"product_tag":[],"class_list":{"0":"post-30082","1":"product","2":"type-product","3":"status-publish","4":"has-post-thumbnail","6":"product_brand-mfh","7":"product_cat-schnitt-stichschutz-handschuhe","9":"first","10":"outofstock","11":"taxable","12":"shipping-taxable","13":"purchasable","14":"product-type-variable"},"_links":{"self":[{"href":"https:\/\/defendgear.ch\/fr\/wp-json\/wp\/v2\/product\/30082","targetHints":{"allow":["GET"]}}],"collection":[{"href":"https:\/\/defendgear.ch\/fr\/wp-json\/wp\/v2\/product"}],"about":[{"href":"https:\/\/defendgear.ch\/fr\/wp-json\/wp\/v2\/types\/product"}],"replies":[{"embeddable":true,"href":"https:\/\/defendgear.ch\/fr\/wp-json\/wp\/v2\/comments?post=30082"}],"version-history":[{"count":1,"href":"https:\/\/defendgear.ch\/fr\/wp-json\/wp\/v2\/product\/30082\/revisions"}],"predecessor-version":[{"id":30094,"href":"https:\/\/defendgear.ch\/fr\/wp-json\/wp\/v2\/product\/30082\/revisions\/30094"}],"wp:featuredmedia":[{"embeddable":true,"href":"https:\/\/defendgear.ch\/fr\/wp-json\/wp\/v2\/media\/30088"}],"wp:attachment":[{"href":"https:\/\/defendgear.ch\/fr\/wp-json\/wp\/v2\/media?parent=30082"}],"wp:term":[{"taxonomy":"product_brand","embeddable":true,"href":"https:\/\/defendgear.ch\/fr\/wp-json\/wp\/v2\/product_brand?post=30082"},{"taxonomy":"product_cat","embeddable":true,"href":"https:\/\/defendgear.ch\/fr\/wp-json\/wp\/v2\/product_cat?post=30082"},{"taxonomy":"product_tag","embeddable":true,"href":"https:\/\/defendgear.ch\/fr\/wp-json\/wp\/v2\/product_tag?post=30082"}],"curies":[{"name":"wp","href":"https:\/\/api.w.org\/{rel}","templated":true}]}}