{"id":30095,"date":"2025-11-06T18:15:46","date_gmt":"2025-11-06T17:15:46","guid":{"rendered":"https:\/\/defendgear.ch\/?post_type=product&#038;p=30095"},"modified":"2026-02-16T04:45:28","modified_gmt":"2026-02-16T03:45:28","slug":"gants-en-cuir-noir-remplis-de-sable-de-quartz","status":"publish","type":"product","link":"https:\/\/defendgear.ch\/fr\/gants-en-cuir-noir-remplis-de-sable-de-quartz\/","title":{"rendered":"Gants en cuir - Noir, avec remplissage de sable de quartz"},"content":{"rendered":"<p>Ces gants en cuir noir convainquent par leur finition de qualit\u00e9, leur excellente prise en main et la protection suppl\u00e9mentaire qu'ils offrent gr\u00e2ce au remplissage de sable de quartz.<\/p>\n<p>Fabriqu\u00e9s en cuir de vachette souple et robuste, ils offrent une excellente dext\u00e9rit\u00e9 tout en \u00e9tant tr\u00e8s r\u00e9sistants - id\u00e9al pour la s\u00e9curit\u00e9, la police, la protection des personnes ou le domaine professionnel.<\/p>\n<p>Le remplissage de sable de quartz au niveau des phalanges assure une protection efficace contre les chocs sans restreindre la mobilit\u00e9. La fermeture velcro au poignet permet un ajustement individuel et un maintien s\u00fbr.<\/p>\n<p>Un gant pour les utilisateurs qui exigent un maximum de contr\u00f4le, de confort et de protection - avec un design classique et discret.<\/p>\n<p><strong>Caract\u00e9ristiques :<\/strong><\/p>\n<ul>\n<li>Couleur : Noir<\/li>\n<li>Cuir de vache souple de haute qualit\u00e9<\/li>\n<li>Tr\u00e8s bonnes propri\u00e9t\u00e9s de prise en main et de toucher<\/li>\n<li>remplissage de sable de quartz au niveau des chevilles pour une protection suppl\u00e9mentaire<\/li>\n<li>fermeture velcro au poignet pour ajuster la largeur<\/li>\n<li>Conception robuste et durable<\/li>\n<li>Id\u00e9al pour la s\u00e9curit\u00e9, la police, la protection des personnes et les utilisateurs professionnels<\/li>\n<\/ul>\n<p><strong>mat\u00e9riel :<\/strong><\/p>\n<ul>\n<li>Dessus : 100 % cuir de vache<\/li>\n<li>Contient des parties non textiles d'origine animale<\/li>\n<\/ul>","protected":false},"excerpt":{"rendered":"<p>Diese Lederhandschuhe in Schwarz \u00fcberzeugen durch ihre hochwertige Verarbeitung, ausgezeichnete Griffigkeit und zus\u00e4tzlichen Schutz durch Quarzsandf\u00fcllung. Gefertigt aus weichem, robustem<\/p>","protected":false},"featured_media":30096,"comment_status":"open","ping_status":"closed","template":"","meta":[],"product_brand":[108],"product_cat":[94],"product_tag":[],"class_list":{"0":"post-30095","1":"product","2":"type-product","3":"status-publish","4":"has-post-thumbnail","6":"product_brand-mfh","7":"product_cat-schlagschutz-handschuhe","9":"first","10":"instock","11":"taxable","12":"shipping-taxable","13":"purchasable","14":"product-type-variable"},"_links":{"self":[{"href":"https:\/\/defendgear.ch\/fr\/wp-json\/wp\/v2\/product\/30095","targetHints":{"allow":["GET"]}}],"collection":[{"href":"https:\/\/defendgear.ch\/fr\/wp-json\/wp\/v2\/product"}],"about":[{"href":"https:\/\/defendgear.ch\/fr\/wp-json\/wp\/v2\/types\/product"}],"replies":[{"embeddable":true,"href":"https:\/\/defendgear.ch\/fr\/wp-json\/wp\/v2\/comments?post=30095"}],"version-history":[{"count":1,"href":"https:\/\/defendgear.ch\/fr\/wp-json\/wp\/v2\/product\/30095\/revisions"}],"predecessor-version":[{"id":30107,"href":"https:\/\/defendgear.ch\/fr\/wp-json\/wp\/v2\/product\/30095\/revisions\/30107"}],"wp:featuredmedia":[{"embeddable":true,"href":"https:\/\/defendgear.ch\/fr\/wp-json\/wp\/v2\/media\/30096"}],"wp:attachment":[{"href":"https:\/\/defendgear.ch\/fr\/wp-json\/wp\/v2\/media?parent=30095"}],"wp:term":[{"taxonomy":"product_brand","embeddable":true,"href":"https:\/\/defendgear.ch\/fr\/wp-json\/wp\/v2\/product_brand?post=30095"},{"taxonomy":"product_cat","embeddable":true,"href":"https:\/\/defendgear.ch\/fr\/wp-json\/wp\/v2\/product_cat?post=30095"},{"taxonomy":"product_tag","embeddable":true,"href":"https:\/\/defendgear.ch\/fr\/wp-json\/wp\/v2\/product_tag?post=30095"}],"curies":[{"name":"wp","href":"https:\/\/api.w.org\/{rel}","templated":true}]}}