{"id":30103,"date":"2025-11-06T17:54:38","date_gmt":"2025-11-06T16:54:38","guid":{"rendered":"https:\/\/defendgear.ch\/?post_type=product&#038;p=30103"},"modified":"2026-03-28T13:32:41","modified_gmt":"2026-03-28T12:32:41","slug":"veste-softshell-scorpion-noir","status":"publish","type":"product","link":"https:\/\/defendgear.ch\/fr\/veste-softshell-scorpion-noir\/","title":{"rendered":"Veste softshell \u201eScorpion\u201c - Noir"},"content":{"rendered":"<p>La veste softshell \u201eScorpion\u201c est une veste tactique haut de gamme r\u00e9pondant aux exigences les plus \u00e9lev\u00e9es - d\u00e9velopp\u00e9e pour une utilisation professionnelle et pour tous ceux qui ont besoin d'une libert\u00e9 de mouvement totale et d'une protection contre les intemp\u00e9ries, m\u00eame dans des conditions difficiles.<\/p>\n<p>Gr\u00e2ce \u00e0 son rev\u00eatement en t\u00e9flon, elle est imperm\u00e9able \u00e0 l'eau, \u00e0 l'huile et aux salissures, tout en \u00e9tant coupe-vent et respirante. Avec une colonne d'eau de 8000 mm et une respirabilit\u00e9 de 5000 mvp, elle offre une protection fiable et un confort de port par tous les temps.<\/p>\n<p><strong>Caract\u00e9ristiques et avantages<\/strong><\/p>\n<ul>\n<li>Mati\u00e8re softshell premium - robuste, \u00e9lastique et agr\u00e9able \u00e0 porter<\/li>\n<li>rev\u00eatement en t\u00e9flon : hydrofuge, ol\u00e9ofuge et antisalissure<\/li>\n<li>Coupe-vent &amp; respirant - protection optimale et grande libert\u00e9 de mouvement<\/li>\n<li>Compl\u00e8te avec des fermetures \u00e0 glissi\u00e8re YKK - durable et fiable<\/li>\n<li>col avec capuche int\u00e9gr\u00e9e (avec visi\u00e8re &amp; cordon de serrage \u00e9lastique avec stoppeur de cordon)<\/li>\n<li>fermeture \u00e9clair frontale \u00e0 double sens avec protection du menton<\/li>\n<li>Grandes poches lat\u00e9rales avec poches int\u00e9rieures et sortie pour \u00e9couteurs<\/li>\n<li>poche arri\u00e8re avec acc\u00e8s zipp\u00e9 des deux c\u00f4t\u00e9s - id\u00e9al pour les documents ou les gants<\/li>\n<li>2 poches sur le bras avec surfaces velcro &amp; sortie pour \u00e9couteurs<\/li>\n<li>Poche sur la manche gauche<\/li>\n<li>Poignets r\u00e9glables avec velcro<\/li>\n<li>a\u00e9ration sous les aisselles avec fermeture \u00e9clair<\/li>\n<li>cordon de serrage \u00e0 la taille et au col pour un ajustement parfait<\/li>\n<\/ul>\n<p><strong>Donn\u00e9es techniques<\/strong><\/p>\n<ul>\n<li>colonne d'eau : 8000 mm<\/li>\n<li>Respirabilit\u00e9 : 5000 mvp (g\/m\u00b2\/24h)<\/li>\n<li>Mati\u00e8re : 94 % polyester, 6 % \u00e9lasthanne<\/li>\n<li>Doublure : 100 % polyester<\/li>\n<li>Fermetures \u00e0 glissi\u00e8re : YKK<\/li>\n<\/ul>\n<p><strong>Domaines d'application<\/strong><\/p>\n<ul>\n<li>Police, arm\u00e9e, services de s\u00e9curit\u00e9<\/li>\n<li>Entra\u00eenement tactique, stand de tir, plein air &amp; quotidien<\/li>\n<li>Veste d'intervention et de transition pour temps frais ou changeant<\/li>\n<\/ul>","protected":false},"excerpt":{"rendered":"<p>Die Softshell Jacke \u201eScorpion\u201c ist eine Premium-Taktikjacke f\u00fcr h\u00f6chste Anspr\u00fcche \u2013 entwickelt f\u00fcr den professionellen Einsatz und alle, die auch<\/p>","protected":false},"featured_media":30114,"comment_status":"open","ping_status":"closed","template":"","meta":[],"product_brand":[],"product_cat":[81],"product_tag":[],"class_list":{"0":"post-30103","1":"product","2":"type-product","3":"status-publish","4":"has-post-thumbnail","6":"product_cat-jacken","8":"first","9":"instock","10":"taxable","11":"shipping-taxable","12":"purchasable","13":"product-type-variable"},"_links":{"self":[{"href":"https:\/\/defendgear.ch\/fr\/wp-json\/wp\/v2\/product\/30103","targetHints":{"allow":["GET"]}}],"collection":[{"href":"https:\/\/defendgear.ch\/fr\/wp-json\/wp\/v2\/product"}],"about":[{"href":"https:\/\/defendgear.ch\/fr\/wp-json\/wp\/v2\/types\/product"}],"replies":[{"embeddable":true,"href":"https:\/\/defendgear.ch\/fr\/wp-json\/wp\/v2\/comments?post=30103"}],"version-history":[{"count":1,"href":"https:\/\/defendgear.ch\/fr\/wp-json\/wp\/v2\/product\/30103\/revisions"}],"predecessor-version":[{"id":30126,"href":"https:\/\/defendgear.ch\/fr\/wp-json\/wp\/v2\/product\/30103\/revisions\/30126"}],"wp:featuredmedia":[{"embeddable":true,"href":"https:\/\/defendgear.ch\/fr\/wp-json\/wp\/v2\/media\/30114"}],"wp:attachment":[{"href":"https:\/\/defendgear.ch\/fr\/wp-json\/wp\/v2\/media?parent=30103"}],"wp:term":[{"taxonomy":"product_brand","embeddable":true,"href":"https:\/\/defendgear.ch\/fr\/wp-json\/wp\/v2\/product_brand?post=30103"},{"taxonomy":"product_cat","embeddable":true,"href":"https:\/\/defendgear.ch\/fr\/wp-json\/wp\/v2\/product_cat?post=30103"},{"taxonomy":"product_tag","embeddable":true,"href":"https:\/\/defendgear.ch\/fr\/wp-json\/wp\/v2\/product_tag?post=30103"}],"curies":[{"name":"wp","href":"https:\/\/api.w.org\/{rel}","templated":true}]}}