{"id":30131,"date":"2025-11-06T18:13:08","date_gmt":"2025-11-06T17:13:08","guid":{"rendered":"https:\/\/defendgear.ch\/?post_type=product&#038;p=30131"},"modified":"2025-11-26T14:30:41","modified_gmt":"2025-11-26T13:30:41","slug":"gants-tactical-action-noir","status":"publish","type":"product","link":"https:\/\/defendgear.ch\/fr\/gants-tactical-action-noir\/","title":{"rendered":"Gants tactiques \u201eAction\u201c - Noir"},"content":{"rendered":"<p>Les gants tactiques \u201eAction\u201c en noir offrent un maximum de fonctionnalit\u00e9, de confort et de libert\u00e9 de mouvement - id\u00e9al pour les missions tactiques, le tir sportif, la s\u00e9curit\u00e9 ou les activit\u00e9s en plein air.<\/p>\n<p>Gr\u00e2ce aux bouts de doigts rabattables sur le pouce et l'index, la capacit\u00e9 tactile et d'utilisation compl\u00e8te est conserv\u00e9e, parfaite pour la manipulation d'armes, d'appareils ou d'\u00e9quipements.<\/p>\n<p>La paume l\u00e9g\u00e8rement perfor\u00e9e avec un rembourrage partiel et un renfort assure une excellente adh\u00e9rence et une bonne respirabilit\u00e9, m\u00eame en cas d'utilisation prolong\u00e9e.<\/p>\n<p>La protection souple des doigts et des chevilles offre un confort et une s\u00e9curit\u00e9 fiables sans restreindre la libert\u00e9 de mouvement.<\/p>\n<p>Le mat\u00e9riau \u00e9lastique \u00e0 s\u00e9chage rapide s'adapte ergonomiquement \u00e0 la main, tandis que la fermeture velcro au poignet assure un r\u00e9glage pr\u00e9cis de la largeur.<\/p>\n<p><strong>Caract\u00e9ristiques :<\/strong><\/p>\n<ul>\n<li>Couleur : Noir<\/li>\n<li>pouce et index rabattables - maniabilit\u00e9 totale<\/li>\n<li>Respirant, \u00e9lastique et \u00e0 s\u00e9chage rapide<\/li>\n<li>Paume perfor\u00e9e, partiellement rembourr\u00e9e et renforc\u00e9e<\/li>\n<li>Excellente prise en main et palpation<\/li>\n<li>Protection souple des doigts et des chevilles<\/li>\n<li>fermeture velcro au poignet pour ajuster la largeur<\/li>\n<li>Id\u00e9al pour l'arm\u00e9e, la police, la s\u00e9curit\u00e9, le tir sportif et le plein air<\/li>\n<\/ul>\n<p><strong>mat\u00e9riel :<\/strong><\/p>\n<ul>\n<li>dos de la main : 85 % polyester, 15 % \u00e9lasthanne<\/li>\n<li>paume : 100 nylon % avec rembourrage EVA<\/li>\n<\/ul>","protected":false},"excerpt":{"rendered":"<p>Die Tactical Handschuhe \u201eAction\u201c in Schwarz bieten h\u00f6chste Funktionalit\u00e4t, Tragekomfort und Bewegungsfreiheit \u2013 ideal f\u00fcr taktische Eins\u00e4tze, Schie\u00dfsport, Security oder<\/p>","protected":false},"featured_media":30145,"comment_status":"open","ping_status":"closed","template":"","meta":[],"product_brand":[108],"product_cat":[94],"product_tag":[],"class_list":{"0":"post-30131","1":"product","2":"type-product","3":"status-publish","4":"has-post-thumbnail","6":"product_brand-mfh","7":"product_cat-schlagschutz-handschuhe","9":"first","10":"instock","11":"taxable","12":"shipping-taxable","13":"purchasable","14":"product-type-variable"},"_links":{"self":[{"href":"https:\/\/defendgear.ch\/fr\/wp-json\/wp\/v2\/product\/30131","targetHints":{"allow":["GET"]}}],"collection":[{"href":"https:\/\/defendgear.ch\/fr\/wp-json\/wp\/v2\/product"}],"about":[{"href":"https:\/\/defendgear.ch\/fr\/wp-json\/wp\/v2\/types\/product"}],"replies":[{"embeddable":true,"href":"https:\/\/defendgear.ch\/fr\/wp-json\/wp\/v2\/comments?post=30131"}],"version-history":[{"count":1,"href":"https:\/\/defendgear.ch\/fr\/wp-json\/wp\/v2\/product\/30131\/revisions"}],"predecessor-version":[{"id":30147,"href":"https:\/\/defendgear.ch\/fr\/wp-json\/wp\/v2\/product\/30131\/revisions\/30147"}],"wp:featuredmedia":[{"embeddable":true,"href":"https:\/\/defendgear.ch\/fr\/wp-json\/wp\/v2\/media\/30145"}],"wp:attachment":[{"href":"https:\/\/defendgear.ch\/fr\/wp-json\/wp\/v2\/media?parent=30131"}],"wp:term":[{"taxonomy":"product_brand","embeddable":true,"href":"https:\/\/defendgear.ch\/fr\/wp-json\/wp\/v2\/product_brand?post=30131"},{"taxonomy":"product_cat","embeddable":true,"href":"https:\/\/defendgear.ch\/fr\/wp-json\/wp\/v2\/product_cat?post=30131"},{"taxonomy":"product_tag","embeddable":true,"href":"https:\/\/defendgear.ch\/fr\/wp-json\/wp\/v2\/product_tag?post=30131"}],"curies":[{"name":"wp","href":"https:\/\/api.w.org\/{rel}","templated":true}]}}