{"id":30162,"date":"2025-11-06T18:08:40","date_gmt":"2025-11-06T17:08:40","guid":{"rendered":"https:\/\/defendgear.ch\/?post_type=product&#038;p=30162"},"modified":"2026-02-05T10:29:24","modified_gmt":"2026-02-05T09:29:24","slug":"mechanix-gants-fastfit-coyote","status":"publish","type":"product","link":"https:\/\/defendgear.ch\/fr\/mechanix-gants-fastfit-coyote\/","title":{"rendered":"Gants Mechanix \u201eFastFit\u201c - Coyote"},"content":{"rendered":"<p>Les gants Mechanix Wear \u201eFastFit\u201c en Coyote sont le choix id\u00e9al pour tous ceux qui accordent de l'importance \u00e0 la vitesse, au confort et \u00e0 la fonctionnalit\u00e9.<\/p>\n<p>Gr\u00e2ce \u00e0 la manchette \u00e9lastique avec boucle d'enfilage int\u00e9gr\u00e9e, les gants s'enfilent et s'enl\u00e8vent particuli\u00e8rement rapidement - parfaits pour les interventions tactiques, l'atelier, le tir sportif ou les activit\u00e9s de plein air.<\/p>\n<p>Le mat\u00e9riau TrekDry\u00ae respirant offre une sensation de confort et de fra\u00eecheur, tandis que la paume en cuir synth\u00e9tique robuste en deux parties offre une excellente adh\u00e9rence et une grande durabilit\u00e9.<\/p>\n<p>Des renforts au niveau du pouce et de l'index prot\u00e8gent les zones fortement sollicit\u00e9es et augmentent la durabilit\u00e9.<\/p>\n<p>Gr\u00e2ce \u00e0 leur compatibilit\u00e9 avec les \u00e9crans tactiles et \u00e0 leur version antistatique, ces gants conviennent parfaitement \u00e0 une utilisation professionnelle ou civile.<\/p>\n<p>La certification EN ISO 21420:2020 et EN 388:2016+A1:2018 (2121X) garantit une qualit\u00e9 et une protection contr\u00f4l\u00e9es.<\/p>\n<p><strong>Caract\u00e9ristiques :<\/strong><\/p>\n<ul>\n<li>Couleur : Coyote<\/li>\n<li>Respirant et rafra\u00eechissant gr\u00e2ce au mat\u00e9riau TrekDry\u00ae.<\/li>\n<li>renforts sur le pouce et l'index<\/li>\n<li>Paume robuste en cuir synth\u00e9tique en deux parties pour une prise en main s\u00fbre<\/li>\n<li>Manchette \u00e9lastique avec boucle d'enfilage pour un habillage et un d\u00e9shabillage rapides<\/li>\n<li>compatible avec les \u00e9crans tactiles et antistatique<\/li>\n<li>Certifi\u00e9 selon EN ISO 21420:2020 &amp; EN 388:2016+A1:2018 (2121X)<\/li>\n<li>Id\u00e9al pour l'arm\u00e9e, la police, les ateliers, le tir sportif et le plein air<\/li>\n<\/ul>\n<p><strong>mat\u00e9riel :<\/strong><\/p>\n<ul>\n<li>Dos de la main 1 : 100 % polyester<\/li>\n<li>Dos de la main 2 : 96 % polyester, 4 % \u00e9lasthanne<\/li>\n<li>Paume : cuir synth\u00e9tique (60 % nylon, 38 % polyur\u00e9thane, 2 % carbone, noir)<\/li>\n<\/ul>","protected":false},"excerpt":{"rendered":"<p>Die Mechanix Wear \u201eFastFit\u201c Handschuhe in Coyote sind die ideale Wahl f\u00fcr alle, die Wert auf Geschwindigkeit, Komfort und Funktionalit\u00e4t<\/p>","protected":false},"featured_media":30163,"comment_status":"open","ping_status":"closed","template":"","meta":[],"product_brand":[167],"product_cat":[94],"product_tag":[],"class_list":{"0":"post-30162","1":"product","2":"type-product","3":"status-publish","4":"has-post-thumbnail","6":"product_brand-mechanix","7":"product_cat-schlagschutz-handschuhe","9":"first","10":"instock","11":"taxable","12":"shipping-taxable","13":"purchasable","14":"product-type-variable"},"_links":{"self":[{"href":"https:\/\/defendgear.ch\/fr\/wp-json\/wp\/v2\/product\/30162","targetHints":{"allow":["GET"]}}],"collection":[{"href":"https:\/\/defendgear.ch\/fr\/wp-json\/wp\/v2\/product"}],"about":[{"href":"https:\/\/defendgear.ch\/fr\/wp-json\/wp\/v2\/types\/product"}],"replies":[{"embeddable":true,"href":"https:\/\/defendgear.ch\/fr\/wp-json\/wp\/v2\/comments?post=30162"}],"version-history":[{"count":2,"href":"https:\/\/defendgear.ch\/fr\/wp-json\/wp\/v2\/product\/30162\/revisions"}],"predecessor-version":[{"id":30827,"href":"https:\/\/defendgear.ch\/fr\/wp-json\/wp\/v2\/product\/30162\/revisions\/30827"}],"wp:featuredmedia":[{"embeddable":true,"href":"https:\/\/defendgear.ch\/fr\/wp-json\/wp\/v2\/media\/30163"}],"wp:attachment":[{"href":"https:\/\/defendgear.ch\/fr\/wp-json\/wp\/v2\/media?parent=30162"}],"wp:term":[{"taxonomy":"product_brand","embeddable":true,"href":"https:\/\/defendgear.ch\/fr\/wp-json\/wp\/v2\/product_brand?post=30162"},{"taxonomy":"product_cat","embeddable":true,"href":"https:\/\/defendgear.ch\/fr\/wp-json\/wp\/v2\/product_cat?post=30162"},{"taxonomy":"product_tag","embeddable":true,"href":"https:\/\/defendgear.ch\/fr\/wp-json\/wp\/v2\/product_tag?post=30162"}],"curies":[{"name":"wp","href":"https:\/\/api.w.org\/{rel}","templated":true}]}}