{"id":30176,"date":"2025-11-06T18:05:43","date_gmt":"2025-11-06T17:05:43","guid":{"rendered":"https:\/\/defendgear.ch\/?post_type=product&#038;p=30176"},"modified":"2026-02-05T10:31:27","modified_gmt":"2026-02-05T09:31:27","slug":"mechanix-gants-original-coyote","status":"publish","type":"product","link":"https:\/\/defendgear.ch\/fr\/mechanix-gants-original-coyote\/","title":{"rendered":"Gants Mechanix \u201eOriginal\u201c - Coyote"},"content":{"rendered":"<p>Les gants Mechanix Wear \u201eOriginal\u201c en coyote sont la r\u00e9f\u00e9rence en mati\u00e8re de gants d'intervention professionnels - con\u00e7us pour l'arm\u00e9e, la police, les m\u00e9caniciens, le tir sportif et les activit\u00e9s de plein air.<\/p>\n<p>Ils offrent une combinaison parfaite de confort, de durabilit\u00e9 et de fonctionnalit\u00e9, \u00e9prouv\u00e9e dans les environnements tactiques du monde entier.<\/p>\n<p>Le mat\u00e9riau TrekDry\u00ae respirant sur le dos de la main assure un refroidissement agr\u00e9able et un ajustement optimal.<\/p>\n<p>La paume renforc\u00e9e en cuir synth\u00e9tique garantit une excellente adh\u00e9rence et une grande r\u00e9sistance \u00e0 l'abrasion, m\u00eame en cas d'utilisation intensive. Des renforts au niveau du pouce et de l'index prot\u00e8gent les zones les plus sollicit\u00e9es.<\/p>\n<p>La fonction \u00e9cran tactile permet d'utiliser les smartphones et les appareils sans devoir retirer les gants.<\/p>\n<p>La fermeture velcro au poignet permet de r\u00e9gler l'ajustement individuellement, tandis que la boucle d'enfilage facilite une mise en place rapide.<\/p>\n<p>Les gants sont certifi\u00e9s EN ISO 21420:2020 et EN 388:2016+A1:2018 (3121X) - une preuve fiable de qualit\u00e9 et de protection test\u00e9es.<\/p>\n<p><strong>Caract\u00e9ristiques :<\/strong><\/p>\n<ul>\n<li>Couleur : Coyote<\/li>\n<li>Respirant et rafra\u00eechissant gr\u00e2ce au mat\u00e9riau TrekDry\u00ae.<\/li>\n<li>renforts sur le pouce et l'index<\/li>\n<li>Paume en cuir synth\u00e9tique r\u00e9sistante avec une bonne prise en main<\/li>\n<li>Compatible avec les \u00e9crans tactiles<\/li>\n<li>fermeture velcro au poignet pour ajuster la largeur<\/li>\n<li>Boucle d'habillage pratique<\/li>\n<li>Certifi\u00e9 selon EN ISO 21420:2020 &amp; EN 388:2016+A1:2018 (3121X)<\/li>\n<li>Id\u00e9al pour l'arm\u00e9e, la police, les m\u00e9caniciens, le tir sportif et le plein air<\/li>\n<\/ul>\n<p><strong>mat\u00e9riel :<\/strong><\/p>\n<ul>\n<li>dos de la main : 94 % nylon, 6 % \u00e9lasthanne<\/li>\n<li>Paume : cuir synth\u00e9tique (60 % nylon, 38 % polyur\u00e9thane, 2 % carbone, noir)<\/li>\n<\/ul>","protected":false},"excerpt":{"rendered":"<p>Die Mechanix Wear \u201eOriginal\u201c Handschuhe in Coyote sind der Ma\u00dfstab f\u00fcr professionelle Einsatzhandschuhe \u2013 entwickelt f\u00fcr Milit\u00e4r, Polizei, Mechaniker, Schie\u00dfsport<\/p>","protected":false},"featured_media":30177,"comment_status":"open","ping_status":"closed","template":"","meta":[],"product_brand":[167],"product_cat":[93],"product_tag":[],"class_list":{"0":"post-30176","1":"product","2":"type-product","3":"status-publish","4":"has-post-thumbnail","6":"product_brand-mechanix","7":"product_cat-all-round-handschuhe","9":"first","10":"instock","11":"taxable","12":"shipping-taxable","13":"purchasable","14":"product-type-variable"},"_links":{"self":[{"href":"https:\/\/defendgear.ch\/fr\/wp-json\/wp\/v2\/product\/30176","targetHints":{"allow":["GET"]}}],"collection":[{"href":"https:\/\/defendgear.ch\/fr\/wp-json\/wp\/v2\/product"}],"about":[{"href":"https:\/\/defendgear.ch\/fr\/wp-json\/wp\/v2\/types\/product"}],"replies":[{"embeddable":true,"href":"https:\/\/defendgear.ch\/fr\/wp-json\/wp\/v2\/comments?post=30176"}],"version-history":[{"count":2,"href":"https:\/\/defendgear.ch\/fr\/wp-json\/wp\/v2\/product\/30176\/revisions"}],"predecessor-version":[{"id":30826,"href":"https:\/\/defendgear.ch\/fr\/wp-json\/wp\/v2\/product\/30176\/revisions\/30826"}],"wp:featuredmedia":[{"embeddable":true,"href":"https:\/\/defendgear.ch\/fr\/wp-json\/wp\/v2\/media\/30177"}],"wp:attachment":[{"href":"https:\/\/defendgear.ch\/fr\/wp-json\/wp\/v2\/media?parent=30176"}],"wp:term":[{"taxonomy":"product_brand","embeddable":true,"href":"https:\/\/defendgear.ch\/fr\/wp-json\/wp\/v2\/product_brand?post=30176"},{"taxonomy":"product_cat","embeddable":true,"href":"https:\/\/defendgear.ch\/fr\/wp-json\/wp\/v2\/product_cat?post=30176"},{"taxonomy":"product_tag","embeddable":true,"href":"https:\/\/defendgear.ch\/fr\/wp-json\/wp\/v2\/product_tag?post=30176"}],"curies":[{"name":"wp","href":"https:\/\/api.w.org\/{rel}","templated":true}]}}