{"id":30182,"date":"2025-11-06T17:57:30","date_gmt":"2025-11-06T16:57:30","guid":{"rendered":"https:\/\/defendgear.ch\/?post_type=product&#038;p=30182"},"modified":"2025-11-26T14:09:40","modified_gmt":"2025-11-26T13:09:40","slug":"softshell-jacke-liberty-schwarz","status":"publish","type":"product","link":"https:\/\/defendgear.ch\/fr\/softshell-jacke-liberty-schwarz\/","title":{"rendered":"Veste softshell \u201eLiberty\u201c - Noir"},"content":{"rendered":"<p>Die Softshell Jacke \u201eLiberty\u201c ist eine vielseitige und wetterfeste Einsatzjacke f\u00fcr anspruchsvolle Anwender.<\/p>\n<p>Sie kombiniert Wasserdichtigkeit, Windschutz und Atmungsaktivit\u00e4t mit durchdachtem taktischem Design und robusten Materialien \u2013 ideal f\u00fcr den professionellen Einsatz bei Polizei, Sicherheitsdiensten oder im Outdoor-Training.<\/p>\n<p>Mit einer Wassers\u00e4ule von 5000 mm und funktionellen Bel\u00fcftungs\u00f6ffnungen sorgt sie f\u00fcr optimalen Schutz und Komfort bei jedem Wetter.<\/p>\n<p><strong>Caract\u00e9ristiques et avantages<\/strong><\/p>\n<ul>\n<li>Wasserdicht, winddicht und atmungsaktiv \u2013 ideal f\u00fcr wechselhafte Bedingungen<\/li>\n<li>2-Wege-Frontreissverschluss f\u00fcr mehr Bewegungsfreiheit<\/li>\n<li>Verdeckte vertikale Brusttasche mit Reissverschluss und zus\u00e4tzlicher Innentasche<\/li>\n<li>2 verdeckte H\u00fcfttaschen mit Reissverschluss \u2013 sicherer Stauraum f\u00fcr Ausr\u00fcstung<\/li>\n<li>2 aufgesetzte Oberarmtaschen mit verdecktem Reissverschluss und Klettflauschpatch<\/li>\n<li>2 Unterarmtaschen f\u00fcr Stifte oder Tools<\/li>\n<li>Stehkragen mit Windschutzfunktion<\/li>\n<li>Achselbel\u00fcftung mit 2-Wege-Reissverschluss \u2013 optimale Luftzirkulation<\/li>\n<li>Poignets r\u00e9glables avec velcro<\/li>\n<li>Verl\u00e4ngerter R\u00fccken f\u00fcr besseren Schutz bei Bewegung<\/li>\n<li>Elastischer Tunnelzug am Bund mit Kordelstopper \u2013 f\u00fcr perfekten Sitz<\/li>\n<\/ul>\n<p><strong>Donn\u00e9es techniques<\/strong><\/p>\n<ul>\n<li>Couleur : Noir<\/li>\n<li>Wassers\u00e4ule: 5000 mm<\/li>\n<li>Material: 96 % Polyester, 4 % Elasthan<\/li>\n<li>Doublure : 100 % polyester<\/li>\n<li>Reissverschl\u00fcsse: verdeckt, robust verarbeitet<\/li>\n<\/ul>\n<p><strong>Domaines d'application<\/strong><\/p>\n<ul>\n<li>Police, arm\u00e9e, services de s\u00e9curit\u00e9<\/li>\n<li>Entra\u00eenement tactique, stand de tir, plein air &amp; loisirs<\/li>\n<li>Alltagsjacke mit professionellem Anspruch<\/li>\n<\/ul>","protected":false},"excerpt":{"rendered":"<p>Die Softshell Jacke \u201eLiberty\u201c ist eine vielseitige und wetterfeste Einsatzjacke f\u00fcr anspruchsvolle Anwender. Sie kombiniert Wasserdichtigkeit, Windschutz und Atmungsaktivit\u00e4t mit<\/p>","protected":false},"featured_media":30189,"comment_status":"open","ping_status":"closed","template":"","meta":[],"product_brand":[108],"product_cat":[81],"product_tag":[],"class_list":{"0":"post-30182","1":"product","2":"type-product","3":"status-publish","4":"has-post-thumbnail","6":"product_brand-mfh","7":"product_cat-jacken","9":"first","10":"instock","11":"taxable","12":"shipping-taxable","13":"purchasable","14":"product-type-variable"},"_links":{"self":[{"href":"https:\/\/defendgear.ch\/fr\/wp-json\/wp\/v2\/product\/30182","targetHints":{"allow":["GET"]}}],"collection":[{"href":"https:\/\/defendgear.ch\/fr\/wp-json\/wp\/v2\/product"}],"about":[{"href":"https:\/\/defendgear.ch\/fr\/wp-json\/wp\/v2\/types\/product"}],"replies":[{"embeddable":true,"href":"https:\/\/defendgear.ch\/fr\/wp-json\/wp\/v2\/comments?post=30182"}],"version-history":[{"count":2,"href":"https:\/\/defendgear.ch\/fr\/wp-json\/wp\/v2\/product\/30182\/revisions"}],"predecessor-version":[{"id":30824,"href":"https:\/\/defendgear.ch\/fr\/wp-json\/wp\/v2\/product\/30182\/revisions\/30824"}],"wp:featuredmedia":[{"embeddable":true,"href":"https:\/\/defendgear.ch\/fr\/wp-json\/wp\/v2\/media\/30189"}],"wp:attachment":[{"href":"https:\/\/defendgear.ch\/fr\/wp-json\/wp\/v2\/media?parent=30182"}],"wp:term":[{"taxonomy":"product_brand","embeddable":true,"href":"https:\/\/defendgear.ch\/fr\/wp-json\/wp\/v2\/product_brand?post=30182"},{"taxonomy":"product_cat","embeddable":true,"href":"https:\/\/defendgear.ch\/fr\/wp-json\/wp\/v2\/product_cat?post=30182"},{"taxonomy":"product_tag","embeddable":true,"href":"https:\/\/defendgear.ch\/fr\/wp-json\/wp\/v2\/product_tag?post=30182"}],"curies":[{"name":"wp","href":"https:\/\/api.w.org\/{rel}","templated":true}]}}