{"id":30979,"date":"2026-02-06T19:05:14","date_gmt":"2026-02-06T18:05:14","guid":{"rendered":"https:\/\/defendgear.ch\/?post_type=product&#038;p=30979"},"modified":"2026-02-09T15:08:19","modified_gmt":"2026-02-09T14:08:19","slug":"extra-lange-gepolsterte-gewehrtasche-mit-rucksackfunktion-molle-aussentasche","status":"publish","type":"product","link":"https:\/\/defendgear.ch\/fr\/extra-lange-gepolsterte-gewehrtasche-mit-rucksackfunktion-molle-aussentasche\/","title":{"rendered":"Sac \u00e0 fusil extra long, rembourr\u00e9, avec fonction sac \u00e0 dos &amp; poche ext\u00e9rieure MOLLE"},"content":{"rendered":"<p style=\"font-weight: 400\">Diese extra lange, komplett gepolsterte Gewehrtasche bietet zuverl\u00e4ssigen Schutz und hohen Tragekomfort f\u00fcr den sicheren Transport von Langwaffen mit gr\u00f6\u00dferer Gesamtl\u00e4nge. Durch die Rucksackfunktion mit abnehmbaren, verstellbaren Schulter- und Brustgurten, die bei Bedarf im R\u00fccken verstaut werden k\u00f6nnen, ist die Tasche ideal f\u00fcr l\u00e4ngere Transportwege geeignet. Zus\u00e4tzlich stehen zwei Tragegriffe mit Klettverschluss an der Oberseite zur Verf\u00fcgung.<\/p>\n<p style=\"font-weight: 400\">\n<p style=\"font-weight: 400\">Das gro\u00dfz\u00fcgige Hauptfach mit 2-Wege-Rei\u00dfverschluss und gepolsterter Trennwand erm\u00f6glicht eine sichere und \u00fcbersichtliche Unterbringung der Waffen. Klettriemen und Einschubtaschen auf beiden Fachseiten sorgen f\u00fcr eine stabile Fixierung. Die aufgesetzte Au\u00dfentasche mit MOLLE-Aufnahmeschlaufen bietet zus\u00e4tzlichen Stauraum f\u00fcr Zubeh\u00f6r und modulare Erweiterungen.<\/p>\n<h3>Points forts<\/h3>\n<ul>\n<li>Komplett gepolsterte Gewehrtasche f\u00fcr maximalen Schutz<\/li>\n<li>Als Rucksack tragbar \u2013 Schulter- &amp; Brustgurte abnehmbar, verstellbar und verstaubar<\/li>\n<li>2 Tragegriffe mit Klettverschluss an der Oberseite<\/li>\n<li>Extra langes Hauptfach mit 2-Wege-Rei\u00dfverschluss und gepolsterter Trennwand<\/li>\n<li>Je 2 Klettriemen &amp; Einschubtaschen pro Fachseite zur sicheren Waffenfixierung<\/li>\n<li>Gro\u00dfe Au\u00dfentasche mit 2-Wege-Rei\u00dfverschluss<\/li>\n<li>MOLLE-Aufnahmeschlaufen zur Erweiterung mit zus\u00e4tzlicher Ausr\u00fcstung<\/li>\n<li>Je 2 Kompressionsgurte oben und unten<\/li>\n<li>Abschlie\u00dfbare Rei\u00dfverschl\u00fcsse<\/li>\n<\/ul>\n<h3>Donn\u00e9es techniques<\/h3>\n<ul>\n<li>Mat\u00e9riau : 100 % polyester<\/li>\n<li>Ma\u00dfe Hauptfach:140 \u00d7 35 \u00d7 8 cm<\/li>\n<li>Ma\u00dfe Au\u00dfentasche:65 \u00d7 30 \u00d7 7 cm<\/li>\n<\/ul>\n<h3>Domaine d'utilisation<\/h3>\n<p style=\"font-weight: 400\">\n<p style=\"font-weight: 400\">Diese extra lange Gewehrtasche \/ Rifle Bag eignet sich ideal f\u00fcr:<\/p>\n<ul>\n<li>Schie\u00dfstand &amp; Training<\/li>\n<li>Transport von Langwaffen mit \u00dcberl\u00e4nge<\/li>\n<li>Einsatz- &amp; Outdoor-Anwendungen<\/li>\n<li>Sicheren Waffen- und Zubeh\u00f6rtransport<\/li>\n<\/ul>\n<p style=\"font-weight: 400\">\n<p style=\"font-weight: 400\">Eine robuste, durchdachte und komfortable L\u00f6sung f\u00fcr Anwender, die maximale L\u00e4nge, Schutz und flexible Tragem\u00f6glichkeiten ben\u00f6tigen.<\/p>\n<p style=\"font-weight: 400\">","protected":false},"excerpt":{"rendered":"<p>Diese extra lange, komplett gepolsterte Gewehrtasche bietet zuverl\u00e4ssigen Schutz und hohen Tragekomfort f\u00fcr den sicheren Transport von Langwaffen mit gr\u00f6\u00dferer<\/p>","protected":false},"featured_media":30980,"comment_status":"open","ping_status":"closed","template":"","meta":[],"product_brand":[108],"product_cat":[24,97,100,79],"product_tag":[],"class_list":{"0":"post-30979","1":"product","2":"type-product","3":"status-publish","4":"has-post-thumbnail","6":"product_brand-mfh","7":"product_cat-ausruestung","8":"product_cat-taschen-rucksaecke","9":"product_cat-waffentaschen","10":"product_cat-waffenzubehoer","12":"first","13":"outofstock","14":"taxable","15":"shipping-taxable","16":"purchasable","17":"product-type-simple"},"_links":{"self":[{"href":"https:\/\/defendgear.ch\/fr\/wp-json\/wp\/v2\/product\/30979","targetHints":{"allow":["GET"]}}],"collection":[{"href":"https:\/\/defendgear.ch\/fr\/wp-json\/wp\/v2\/product"}],"about":[{"href":"https:\/\/defendgear.ch\/fr\/wp-json\/wp\/v2\/types\/product"}],"replies":[{"embeddable":true,"href":"https:\/\/defendgear.ch\/fr\/wp-json\/wp\/v2\/comments?post=30979"}],"version-history":[{"count":1,"href":"https:\/\/defendgear.ch\/fr\/wp-json\/wp\/v2\/product\/30979\/revisions"}],"predecessor-version":[{"id":30985,"href":"https:\/\/defendgear.ch\/fr\/wp-json\/wp\/v2\/product\/30979\/revisions\/30985"}],"wp:featuredmedia":[{"embeddable":true,"href":"https:\/\/defendgear.ch\/fr\/wp-json\/wp\/v2\/media\/30980"}],"wp:attachment":[{"href":"https:\/\/defendgear.ch\/fr\/wp-json\/wp\/v2\/media?parent=30979"}],"wp:term":[{"taxonomy":"product_brand","embeddable":true,"href":"https:\/\/defendgear.ch\/fr\/wp-json\/wp\/v2\/product_brand?post=30979"},{"taxonomy":"product_cat","embeddable":true,"href":"https:\/\/defendgear.ch\/fr\/wp-json\/wp\/v2\/product_cat?post=30979"},{"taxonomy":"product_tag","embeddable":true,"href":"https:\/\/defendgear.ch\/fr\/wp-json\/wp\/v2\/product_tag?post=30979"}],"curies":[{"name":"wp","href":"https:\/\/api.w.org\/{rel}","templated":true}]}}