{"id":30996,"date":"2026-02-06T19:12:12","date_gmt":"2026-02-06T18:12:12","guid":{"rendered":"https:\/\/defendgear.ch\/?post_type=product&#038;p=30996"},"modified":"2026-02-06T19:12:13","modified_gmt":"2026-02-06T18:12:13","slug":"waffen-reinigungsset-fuer-kurz-langwaffen-kompakt-vielseitig","status":"publish","type":"product","link":"https:\/\/defendgear.ch\/fr\/waffen-reinigungsset-fuer-kurz-langwaffen-kompakt-vielseitig\/","title":{"rendered":"Kit de nettoyage pour armes \u00e0 feu courtes et longues - compact et polyvalent"},"content":{"rendered":"<p style=\"font-weight: 400\">Dieses umfangreiche Waffen-Reinigungsset bietet alles, was f\u00fcr die gr\u00fcndliche Pflege und Reinigung von Kurz- und Langwaffen ben\u00f6tigt wird. Es eignet sich f\u00fcr verschiedene Kaliber, inklusive Flinten- und Handfeuerwaffenkaliber, und ist ideal f\u00fcr Schie\u00dfstand, Einsatz, Training oder Zuhause.<\/p>\n<p style=\"font-weight: 400\">\n<p style=\"font-weight: 400\">Das Set wird in einem robusten EVA-Etui mit Handschlaufe geliefert, das f\u00fcr Ordnung, Schutz und einfachen Transport sorgt.<\/p>\n<h3>Points forts<\/h3>\n<ul>\n<li>Vielseitiges Reinigungsset f\u00fcr Kurz- &amp; Langwaffen<\/li>\n<li>Messing-Reinigungsstab mit T-Griff f\u00fcr kontrolliertes Arbeiten<\/li>\n<li>Reinigungskabel f\u00fcr flexible Laufreinigung<\/li>\n<li>8 Bronze-Drahtb\u00fcrsten f\u00fcr zahlreiche Kaliber<\/li>\n<li>Kompaktes EVA-Etui mit Handschlaufe<\/li>\n<li>Ideal f\u00fcr Schie\u00dfstand, Einsatz &amp; Waffenpflege unterwegs<\/li>\n<\/ul>\n<h3>Contenu de la livraison<\/h3>\n<ul>\n<li>1\u00d7 Messing-Reinigungsstab mit T-Griff<\/li>\n<li>1\u00d7 Reinigungskabel<\/li>\n<li>8\u00d7 Bronze-Drahtb\u00fcrsten f\u00fcr die Kaliber:\n<ul>\n<li>12, 20 (Flinten)<\/li>\n<li>.45<\/li>\n<li>.40<\/li>\n<li>.357 \/ .38 \/ 9 mm<\/li>\n<li>.30<\/li>\n<li>.270<\/li>\n<li>.22 (Handfeuerwaffen)<\/li>\n<\/ul>\n<\/li>\n<li>2\u00d7 Wollwischer<\/li>\n<li>1\u00d7 Gewindeadapter<\/li>\n<li>3\u00d7 Dochthalter aus Kunststoff<\/li>\n<li>1\u00d7 Nylonb\u00fcrste (zweiseitig)<\/li>\n<li>Lingettes de nettoyage<\/li>\n<li>1\u00d7 \u00d6lflasche (unbef\u00fcllt)<\/li>\n<\/ul>\n<h3>Donn\u00e9es techniques<\/h3>\n<ul>\n<li>Etui: EVA-Etui mit Handschlaufe<\/li>\n<li>Packma\u00df: 22 \u00d7 11 \u00d7 6 cm (B \u00d7 H \u00d7 T)<\/li>\n<li>Gewicht: 340 g<\/li>\n<\/ul>\n<h3>Domaine d'utilisation<\/h3>\n<p style=\"font-weight: 400\">\n<p style=\"font-weight: 400\">Dieses Waffen-Reinigungsset eignet sich ideal f\u00fcr:<\/p>\n<ul>\n<li>Kurz- &amp; Langwaffen<\/li>\n<li>Flinten &amp; Handfeuerwaffen<\/li>\n<li>Schie\u00dfstand &amp; Training<\/li>\n<li>Einsatz- &amp; Waffenpflege unterwegs<\/li>\n<\/ul>\n<p style=\"font-weight: 400\">\n<p style=\"font-weight: 400\">Ein kompaktes, durchdachtes Reinigungsset, das Vielseitigkeit, Ordnung und einfache Handhabung vereint.<\/p>","protected":false},"excerpt":{"rendered":"<p>Dieses umfangreiche Waffen-Reinigungsset bietet alles, was f\u00fcr die gr\u00fcndliche Pflege und Reinigung von Kurz- und Langwaffen ben\u00f6tigt wird. Es eignet<\/p>","protected":false},"featured_media":30997,"comment_status":"open","ping_status":"closed","template":"","meta":[],"product_brand":[108],"product_cat":[24,79],"product_tag":[],"class_list":{"0":"post-30996","1":"product","2":"type-product","3":"status-publish","4":"has-post-thumbnail","6":"product_brand-mfh","7":"product_cat-ausruestung","8":"product_cat-waffenzubehoer","10":"first","11":"instock","12":"taxable","13":"shipping-taxable","14":"purchasable","15":"product-type-simple"},"_links":{"self":[{"href":"https:\/\/defendgear.ch\/fr\/wp-json\/wp\/v2\/product\/30996","targetHints":{"allow":["GET"]}}],"collection":[{"href":"https:\/\/defendgear.ch\/fr\/wp-json\/wp\/v2\/product"}],"about":[{"href":"https:\/\/defendgear.ch\/fr\/wp-json\/wp\/v2\/types\/product"}],"replies":[{"embeddable":true,"href":"https:\/\/defendgear.ch\/fr\/wp-json\/wp\/v2\/comments?post=30996"}],"version-history":[{"count":1,"href":"https:\/\/defendgear.ch\/fr\/wp-json\/wp\/v2\/product\/30996\/revisions"}],"predecessor-version":[{"id":30999,"href":"https:\/\/defendgear.ch\/fr\/wp-json\/wp\/v2\/product\/30996\/revisions\/30999"}],"wp:featuredmedia":[{"embeddable":true,"href":"https:\/\/defendgear.ch\/fr\/wp-json\/wp\/v2\/media\/30997"}],"wp:attachment":[{"href":"https:\/\/defendgear.ch\/fr\/wp-json\/wp\/v2\/media?parent=30996"}],"wp:term":[{"taxonomy":"product_brand","embeddable":true,"href":"https:\/\/defendgear.ch\/fr\/wp-json\/wp\/v2\/product_brand?post=30996"},{"taxonomy":"product_cat","embeddable":true,"href":"https:\/\/defendgear.ch\/fr\/wp-json\/wp\/v2\/product_cat?post=30996"},{"taxonomy":"product_tag","embeddable":true,"href":"https:\/\/defendgear.ch\/fr\/wp-json\/wp\/v2\/product_tag?post=30996"}],"curies":[{"name":"wp","href":"https:\/\/api.w.org\/{rel}","templated":true}]}}