{"id":31041,"date":"2026-02-07T09:32:37","date_gmt":"2026-02-07T08:32:37","guid":{"rendered":"https:\/\/defendgear.ch\/?post_type=product&#038;p=31041"},"modified":"2026-03-30T11:44:26","modified_gmt":"2026-03-30T09:44:26","slug":"schweres-outdoor-survivalmesser-mit-saegezahnung-seilschneider","status":"publish","type":"product","link":"https:\/\/defendgear.ch\/fr\/schweres-outdoor-survivalmesser-mit-saegezahnung-seilschneider\/","title":{"rendered":"Couteau d'ext\u00e9rieur &amp; de survie lourd avec lame en dents de scie &amp; coupe-corde"},"content":{"rendered":"<p style=\"font-weight: 400\">Dieses massive Outdoor- und Survivalmesser ist f\u00fcr harte Eins\u00e4tze und grobe Arbeiten konzipiert. Die ca. 4,5 mm starke, schwarz beschichtete Klinge aus 3Cr13 Stahl verf\u00fcgt \u00fcber grobe und feine S\u00e4gezahnung sowie einen integrierten Gurt- bzw. Seilschneider, wodurch das Messer vielseitig einsetzbar ist.<\/p>\n<p style=\"font-weight: 400\">\n<p style=\"font-weight: 400\">Die konische Lochung in der Klinge kann als Schraubenschl\u00fcssel oder zur zus\u00e4tzlichen Befestigung genutzt werden. Der ergonomisch geformte Griff mit Fingerschutz, zwei Befestigungs\u00f6sen und geschraubten Holzgriffschalen sorgt f\u00fcr sicheren Halt und hohe Stabilit\u00e4t. F\u00fcr den Transport ist eine Scheide mit zwei G\u00fcrtelschlaufen im Lieferumfang enthalten.<\/p>\n<h3>Points forts<\/h3>\n<ul>\n<li>Schwarz beschichtete Klinge aus 3Cr13 Stahl (ca. 4,5 mm stark)<\/li>\n<li>Grobe &amp; feine S\u00e4gezahnung f\u00fcr vielseitige Schneidarbeiten<\/li>\n<li>Integrierter Gurt- \/ Seilschneider<\/li>\n<li>Konische Lochung \u2013 nutzbar als Schraubenschl\u00fcssel oder Befestigungspunkt<\/li>\n<li>Ergonomischer Griff mit Fingerschutz<\/li>\n<li>Geschraubte Holzgriffschalen f\u00fcr Stabilit\u00e4t &amp; nat\u00fcrliche Haptik<\/li>\n<li>Zwei Befestigungs\u00f6sen am Griff<\/li>\n<li>Scheide mit zwei G\u00fcrtelschlaufen f\u00fcr sicheren Transport<\/li>\n<\/ul>\n<h3>Donn\u00e9es techniques<\/h3>\n<ul>\n<li>Gesamtl\u00e4nge: 39 cm<\/li>\n<li>Klingenl\u00e4nge: 25 cm<\/li>\n<li>\u00c9paisseur de la lame : 4,5 mm<\/li>\n<li>Klingenmaterial: 3Cr13 Stahl, schwarz beschichtet<\/li>\n<li>Gewicht (mit Scheide): 900 g<\/li>\n<\/ul>\n<h3>Domaine d'utilisation<\/h3>\n<p style=\"font-weight: 400\">\n<p style=\"font-weight: 400\">Dieses schwere Survivalmesser eignet sich ideal f\u00fcr:<\/p>\n<ul>\n<li>Plein air &amp; Bushcraft<\/li>\n<li>Survival- &amp; Camp-Arbeiten<\/li>\n<li>Holz-, Seil- und Vegetationsarbeiten<\/li>\n<li>Formation et \u00e9quipement<\/li>\n<\/ul>\n<p style=\"font-weight: 400\">\n<p style=\"font-weight: 400\">Ein kraftvolles Werkzeug, das auf Stabilit\u00e4t, Multifunktion und Belastbarkeit ausgelegt ist \u2013 ideal f\u00fcr Anwender, die ein robustes Grossmesser ben\u00f6tigen.<\/p>","protected":false},"excerpt":{"rendered":"<p>Dieses massive Outdoor- und Survivalmesser ist f\u00fcr harte Eins\u00e4tze und grobe Arbeiten konzipiert. Die ca. 4,5 mm starke, schwarz beschichtete<\/p>","protected":false},"featured_media":31042,"comment_status":"open","ping_status":"closed","template":"","meta":[],"product_brand":[164],"product_cat":[24,75],"product_tag":[],"class_list":{"0":"post-31041","1":"product","2":"type-product","3":"status-publish","4":"has-post-thumbnail","6":"product_brand-fox-outdoor","7":"product_cat-ausruestung","8":"product_cat-schutz","10":"first","11":"outofstock","12":"taxable","13":"shipping-taxable","14":"purchasable","15":"product-type-simple"},"_links":{"self":[{"href":"https:\/\/defendgear.ch\/fr\/wp-json\/wp\/v2\/product\/31041","targetHints":{"allow":["GET"]}}],"collection":[{"href":"https:\/\/defendgear.ch\/fr\/wp-json\/wp\/v2\/product"}],"about":[{"href":"https:\/\/defendgear.ch\/fr\/wp-json\/wp\/v2\/types\/product"}],"replies":[{"embeddable":true,"href":"https:\/\/defendgear.ch\/fr\/wp-json\/wp\/v2\/comments?post=31041"}],"version-history":[{"count":1,"href":"https:\/\/defendgear.ch\/fr\/wp-json\/wp\/v2\/product\/31041\/revisions"}],"predecessor-version":[{"id":31043,"href":"https:\/\/defendgear.ch\/fr\/wp-json\/wp\/v2\/product\/31041\/revisions\/31043"}],"wp:featuredmedia":[{"embeddable":true,"href":"https:\/\/defendgear.ch\/fr\/wp-json\/wp\/v2\/media\/31042"}],"wp:attachment":[{"href":"https:\/\/defendgear.ch\/fr\/wp-json\/wp\/v2\/media?parent=31041"}],"wp:term":[{"taxonomy":"product_brand","embeddable":true,"href":"https:\/\/defendgear.ch\/fr\/wp-json\/wp\/v2\/product_brand?post=31041"},{"taxonomy":"product_cat","embeddable":true,"href":"https:\/\/defendgear.ch\/fr\/wp-json\/wp\/v2\/product_cat?post=31041"},{"taxonomy":"product_tag","embeddable":true,"href":"https:\/\/defendgear.ch\/fr\/wp-json\/wp\/v2\/product_tag?post=31041"}],"curies":[{"name":"wp","href":"https:\/\/api.w.org\/{rel}","templated":true}]}}