{"id":31069,"date":"2026-02-08T12:06:52","date_gmt":"2026-02-08T11:06:52","guid":{"rendered":"https:\/\/defendgear.ch\/?post_type=product&#038;p=31069"},"modified":"2026-02-08T12:06:52","modified_gmt":"2026-02-08T11:06:52","slug":"textilpatch-wer-ist-dein-bester-streifenbuddy-klettpatch-o-8-cm","status":"publish","type":"product","link":"https:\/\/defendgear.ch\/fr\/textilpatch-wer-ist-dein-bester-streifenbuddy-klettpatch-o-8-cm\/","title":{"rendered":"Patch textile \u201eQui est ton meilleur copain \u00e0 rayures ?\u201c - Patch velcro (\u00d8 8 cm)"},"content":{"rendered":"<p style=\"font-weight: 400\">Der Textilpatch \u201eWer ist dein bester Streifenbuddy?\u201c ist ein hochwertig gefertigter Klettpatch mit klarer Botschaft \u2013 robust, langlebig und vielseitig einsetzbar.<\/p>\n<p style=\"font-weight: 400\">Dank der vern\u00e4hten Hakenklettfl\u00e4che auf der R\u00fcckseite l\u00e4sst sich der Patch sicher auf allen g\u00e4ngigen Klettfl\u00e4chenbefestigen, z. B. an Jacken, Westen, M\u00fctzen, Rucks\u00e4cken oder Taschen.<\/p>\n<p style=\"font-weight: 400\">\n<p style=\"font-weight: 400\">Besonders geeignet f\u00fcr Beh\u00f6rden, Polizei, Sicherheitsdienste sowie taktische Anwender, aber auch f\u00fcr Sammler und Outdoor-Fans.<\/p>\n<h3>Caract\u00e9ristiques et avantages<\/h3>\n<ul>\n<li>Hochwertiger Textilpatch \u2013 sauber verarbeitet und langlebig<\/li>\n<li>Hakenklett auf der R\u00fcckseite \u2013 fest vern\u00e4ht f\u00fcr sicheren Halt<\/li>\n<li>Universell kompatibel mit Schlaufen-Klettfl\u00e4chen<\/li>\n<li>Vielseitig einsetzbar: Jacken, Caps, Rucks\u00e4cke, Taschen u. v. m.<\/li>\n<li>Kompakte Gr\u00f6sse \u2013 auff\u00e4llig, ohne aufzutragen<\/li>\n<\/ul>\n<h3>Donn\u00e9es techniques<\/h3>\n<ul>\n<li>Motiv: \u201eWer ist dein bester Streifenbuddy?\u201c<\/li>\n<li>Durchmesser:8 cm<\/li>\n<li>Material: Stoff \/ Textil<\/li>\n<li>Befestigung: Hakenklett (R\u00fcckseite, vern\u00e4ht)<\/li>\n<\/ul>\n<h3>Domaines d'application<\/h3>\n<ul>\n<li>Dienst- und Einsatzbekleidung<\/li>\n<li>Taktische Westen &amp; Rucks\u00e4cke<\/li>\n<li>Freizeit, Outdoor &amp; Sammlung<\/li>\n<\/ul>","protected":false},"excerpt":{"rendered":"<p>Der Textilpatch \u201eWer ist dein bester Streifenbuddy?\u201c ist ein hochwertig gefertigter Klettpatch mit klarer Botschaft \u2013 robust, langlebig und vielseitig<\/p>","protected":false},"featured_media":31070,"comment_status":"open","ping_status":"closed","template":"","meta":[],"product_brand":[178],"product_cat":[24,177],"product_tag":[],"class_list":{"0":"post-31069","1":"product","2":"type-product","3":"status-publish","4":"has-post-thumbnail","6":"product_brand-gearbuddies","7":"product_cat-ausruestung","8":"product_cat-patches","10":"first","11":"instock","12":"taxable","13":"shipping-taxable","14":"purchasable","15":"product-type-simple"},"_links":{"self":[{"href":"https:\/\/defendgear.ch\/fr\/wp-json\/wp\/v2\/product\/31069","targetHints":{"allow":["GET"]}}],"collection":[{"href":"https:\/\/defendgear.ch\/fr\/wp-json\/wp\/v2\/product"}],"about":[{"href":"https:\/\/defendgear.ch\/fr\/wp-json\/wp\/v2\/types\/product"}],"replies":[{"embeddable":true,"href":"https:\/\/defendgear.ch\/fr\/wp-json\/wp\/v2\/comments?post=31069"}],"version-history":[{"count":1,"href":"https:\/\/defendgear.ch\/fr\/wp-json\/wp\/v2\/product\/31069\/revisions"}],"predecessor-version":[{"id":31072,"href":"https:\/\/defendgear.ch\/fr\/wp-json\/wp\/v2\/product\/31069\/revisions\/31072"}],"wp:featuredmedia":[{"embeddable":true,"href":"https:\/\/defendgear.ch\/fr\/wp-json\/wp\/v2\/media\/31070"}],"wp:attachment":[{"href":"https:\/\/defendgear.ch\/fr\/wp-json\/wp\/v2\/media?parent=31069"}],"wp:term":[{"taxonomy":"product_brand","embeddable":true,"href":"https:\/\/defendgear.ch\/fr\/wp-json\/wp\/v2\/product_brand?post=31069"},{"taxonomy":"product_cat","embeddable":true,"href":"https:\/\/defendgear.ch\/fr\/wp-json\/wp\/v2\/product_cat?post=31069"},{"taxonomy":"product_tag","embeddable":true,"href":"https:\/\/defendgear.ch\/fr\/wp-json\/wp\/v2\/product_tag?post=31069"}],"curies":[{"name":"wp","href":"https:\/\/api.w.org\/{rel}","templated":true}]}}