{"id":31082,"date":"2026-02-08T12:16:31","date_gmt":"2026-02-08T11:16:31","guid":{"rendered":"https:\/\/defendgear.ch\/?post_type=product&#038;p=31082"},"modified":"2026-02-08T12:17:02","modified_gmt":"2026-02-08T11:17:02","slug":"taktischer-rucksack-30-l-mit-molle-system-trinksystemvorbereitung","status":"publish","type":"product","link":"https:\/\/defendgear.ch\/fr\/taktischer-rucksack-30-l-mit-molle-system-trinksystemvorbereitung\/","title":{"rendered":"Sac \u00e0 dos tactique 30 L avec syst\u00e8me MOLLE &amp; pr\u00e9paration pour syst\u00e8me d'hydratation"},"content":{"rendered":"<p style=\"font-weight: 400\">Dieser taktische Rucksack mit ca. 30 Litern Volumen bietet eine durchdachte Kombination aus Tragekomfort, Organisation und Modularit\u00e4t. Die verstellbaren, gepolsterten Schultergurte mit Metall-D-Ringen sowie der abnehmbare, verstellbare Beckengurt sorgen f\u00fcr sicheren Sitz auch bei l\u00e4ngeren Eins\u00e4tzen.<\/p>\n<p style=\"font-weight: 400\">Der gepolsterte R\u00fcckenbereich ist mit einem gro\u00dfen Einschubfach mit Klettverschluss f\u00fcr ein Trinksystem ausgestattet. Atmungsaktive Mesh-Polsterungen verbessern den Tragekomfort und die Bel\u00fcftung. Mehrere Haupt- und Frontf\u00e4cher, Netztaschen und Stifthalter erm\u00f6glichen eine \u00fcbersichtliche Organisation der Ausr\u00fcstung. MOLLE-Aufnahmeschlaufen an Front und Seiten erlauben die modulare Erweiterung mit zus\u00e4tzlichem Equipment.<\/p>\n<p style=\"font-weight: 400\">\u2e3b<\/p>\n<p style=\"font-weight: 400\">Points forts<\/p>\n<ul>\n<li style=\"font-weight: 400\">Ca. 30 l Fassungsverm\u00f6gen \u2013 ideal f\u00fcr Einsatz, Training &amp; Outdoor<\/li>\n<li style=\"font-weight: 400\">Bretelles rembourr\u00e9es et r\u00e9glables avec anneaux m\u00e9talliques en D<\/li>\n<li style=\"font-weight: 400\">Ceinture abdominale amovible et r\u00e9glable<\/li>\n<li style=\"font-weight: 400\">Dos rembourr\u00e9 avec compartiment pour syst\u00e8me d'hydratation (fermeture velcro)<\/li>\n<li style=\"font-weight: 400\">Rembourrage en mesh respirant<\/li>\n<li style=\"font-weight: 400\">Plusieurs compartiments principaux et frontaux pour une organisation structur\u00e9e<\/li>\n<li style=\"font-weight: 400\">Grande poche frontale avec pochette et 4 porte-stylos<\/li>\n<li style=\"font-weight: 400\">syst\u00e8me MOLLE \u00e0 l'avant &amp; sur le c\u00f4t\u00e9<\/li>\n<li style=\"font-weight: 400\">Kompressionsriemen \u2013 je 2 seitlich und unten<\/li>\n<li style=\"font-weight: 400\">poign\u00e9e de transport sur le dessus<\/li>\n<\/ul>\n<p style=\"font-weight: 400\">\u2e3b<\/p>\n<p style=\"font-weight: 400\">R\u00e9partition des compartiments<\/p>\n<ul>\n<li style=\"font-weight: 400\">Grand compartiment principal :<\/li>\n<li style=\"font-weight: 400\">fermeture \u00e9clair \u00e0 2 voies<\/li>\n<li style=\"font-weight: 400\">1 petite poche zipp\u00e9e<\/li>\n<li style=\"font-weight: 400\">1 grand compartiment en filet<\/li>\n<li style=\"font-weight: 400\">Petit compartiment principal :<\/li>\n<li style=\"font-weight: 400\">Einschubtasche<\/li>\n<li style=\"font-weight: 400\">2 poches filet plaqu\u00e9es<\/li>\n<li style=\"font-weight: 400\">Fronttaschen:<\/li>\n<li style=\"font-weight: 400\">1 petite poche frontale avec fermeture \u00e9clair \u00e0 double sens<\/li>\n<li style=\"font-weight: 400\">1 grande poche frontale avec fermeture \u00e9clair \u00e0 double sens, poche de rangement et 4 porte-stylos<\/li>\n<\/ul>\n<p style=\"font-weight: 400\">\u2e3b<\/p>\n<p style=\"font-weight: 400\">Donn\u00e9es techniques<\/p>\n<ul>\n<li style=\"font-weight: 400\">Volumen: ca. 30 l<\/li>\n<li style=\"font-weight: 400\">Ma\u00dfe: ca. 23 \u00d7 44 \u00d7 24 cm (B \u00d7 H \u00d7 T)<\/li>\n<li style=\"font-weight: 400\">Gewicht: ca. 950 g<\/li>\n<li style=\"font-weight: 400\">Mat\u00e9riau : 100 % polyester<\/li>\n<\/ul>\n<p style=\"font-weight: 400\">\u2e3b<\/p>\n<p style=\"font-weight: 400\">Domaine d'utilisation<\/p>\n<p style=\"font-weight: 400\">Ideal geeignet f\u00fcr:<\/p>\n<ul>\n<li style=\"font-weight: 400\">\u00c9quipement tactique<\/li>\n<li style=\"font-weight: 400\">Entra\u00eenement &amp; stand de tir<\/li>\n<li style=\"font-weight: 400\">Plein air &amp; Bushcraft<\/li>\n<li style=\"font-weight: 400\">Service, quotidien &amp; EDC-Plus<\/li>\n<\/ul>\n<p style=\"font-weight: 400\">Ein robuster, vielseitiger Rucksack, der Tragekomfort, Stauraum und Modularit\u00e4t zuverl\u00e4ssig vereint.<\/p>","protected":false},"excerpt":{"rendered":"<p>Dieser taktische Rucksack mit ca. 30 Litern Volumen bietet eine durchdachte Kombination aus Tragekomfort, Organisation und Modularit\u00e4t. Die verstellbaren, gepolsterten<\/p>","protected":false},"featured_media":31083,"comment_status":"open","ping_status":"closed","template":"","meta":[],"product_brand":[108],"product_cat":[97,99,98],"product_tag":[],"class_list":{"0":"post-31082","1":"product","2":"type-product","3":"status-publish","4":"has-post-thumbnail","6":"product_brand-mfh","7":"product_cat-taschen-rucksaecke","8":"product_cat-einsatztaschen","9":"product_cat-rucksaecke","11":"first","12":"instock","13":"taxable","14":"shipping-taxable","15":"purchasable","16":"product-type-simple"},"_links":{"self":[{"href":"https:\/\/defendgear.ch\/fr\/wp-json\/wp\/v2\/product\/31082","targetHints":{"allow":["GET"]}}],"collection":[{"href":"https:\/\/defendgear.ch\/fr\/wp-json\/wp\/v2\/product"}],"about":[{"href":"https:\/\/defendgear.ch\/fr\/wp-json\/wp\/v2\/types\/product"}],"replies":[{"embeddable":true,"href":"https:\/\/defendgear.ch\/fr\/wp-json\/wp\/v2\/comments?post=31082"}],"version-history":[{"count":2,"href":"https:\/\/defendgear.ch\/fr\/wp-json\/wp\/v2\/product\/31082\/revisions"}],"predecessor-version":[{"id":31086,"href":"https:\/\/defendgear.ch\/fr\/wp-json\/wp\/v2\/product\/31082\/revisions\/31086"}],"wp:featuredmedia":[{"embeddable":true,"href":"https:\/\/defendgear.ch\/fr\/wp-json\/wp\/v2\/media\/31083"}],"wp:attachment":[{"href":"https:\/\/defendgear.ch\/fr\/wp-json\/wp\/v2\/media?parent=31082"}],"wp:term":[{"taxonomy":"product_brand","embeddable":true,"href":"https:\/\/defendgear.ch\/fr\/wp-json\/wp\/v2\/product_brand?post=31082"},{"taxonomy":"product_cat","embeddable":true,"href":"https:\/\/defendgear.ch\/fr\/wp-json\/wp\/v2\/product_cat?post=31082"},{"taxonomy":"product_tag","embeddable":true,"href":"https:\/\/defendgear.ch\/fr\/wp-json\/wp\/v2\/product_tag?post=31082"}],"curies":[{"name":"wp","href":"https:\/\/api.w.org\/{rel}","templated":true}]}}