{"id":31133,"date":"2026-02-09T19:42:58","date_gmt":"2026-02-09T18:42:58","guid":{"rendered":"https:\/\/defendgear.ch\/?post_type=product&#038;p=31133"},"modified":"2026-03-30T11:41:05","modified_gmt":"2026-03-30T09:41:05","slug":"taktischer-rucksack-30-l-mit-molle-system-trinksystemfach","status":"publish","type":"product","link":"https:\/\/defendgear.ch\/fr\/taktischer-rucksack-30-l-mit-molle-system-trinksystemfach\/","title":{"rendered":"Sac \u00e0 dos tactique 30 L avec syst\u00e8me MOLLE &amp; compartiment pour syst\u00e8me d'hydratation"},"content":{"rendered":"<p style=\"font-weight: 400\">Dieser taktische Rucksack mit ca. 30 Litern Volumen ist auf Belastbarkeit, Organisation und Tragekomfort ausgelegt. Verstellbare, gepolsterte Schultergurte mit Metall-D-Ringen sowie ein abnehmbarer, verstellbarer Beckengurt sorgen f\u00fcr einen sicheren Sitz \u2013 auch bei l\u00e4ngeren Eins\u00e4tzen oder h\u00f6herem Gewicht.<\/p>\n<p style=\"font-weight: 400\">\n<p style=\"font-weight: 400\">Der gepolsterte R\u00fcckenbereich verf\u00fcgt \u00fcber ein gro\u00dfes Einschubfach mit Klettverschluss zur Aufnahme eines Trinksystems. Atmungsaktive Mesh-Polsterungen verbessern die Bel\u00fcftung. Die durchdachte F\u00e4cherstruktur erm\u00f6glicht eine klare Trennung von Ausr\u00fcstung, Zubeh\u00f6r und Dokumenten. MOLLE-Aufnahmeschlaufen an Front und Seiten erlauben die modulare Erweiterung.<\/p>\n<h3>Points forts<\/h3>\n<ul>\n<li>30 l Fassungsverm\u00f6gen \u2013 vielseitig f\u00fcr Einsatz, Training &amp; Outdoor<\/li>\n<li>Bretelles rembourr\u00e9es et r\u00e9glables avec anneaux m\u00e9talliques en D<\/li>\n<li>Ceinture abdominale amovible et r\u00e9glable<\/li>\n<li>Dos rembourr\u00e9 avec compartiment pour syst\u00e8me d'hydratation (fermeture velcro)<\/li>\n<li>Rembourrage en mesh respirant<\/li>\n<li>Plusieurs compartiments principaux et frontaux pour une organisation structur\u00e9e<\/li>\n<li>Grande poche frontale avec pochette et 4 porte-stylos<\/li>\n<li>syst\u00e8me MOLLE \u00e0 l'avant &amp; sur le c\u00f4t\u00e9<\/li>\n<li>2 sangles de compression sur le c\u00f4t\u00e9 et en bas<\/li>\n<li>poign\u00e9e de transport sur le dessus<\/li>\n<\/ul>\n<h3>R\u00e9partition des compartiments<\/h3>\n<ul>\n<li>Grand compartiment principal :\n<ul>\n<li>fermeture \u00e9clair \u00e0 2 voies<\/li>\n<li>1 petite poche zipp\u00e9e<\/li>\n<li>1 grand compartiment en filet<\/li>\n<\/ul>\n<\/li>\n<li>Petit compartiment principal :\n<ul>\n<li>1 poche de rangement<\/li>\n<li>2 poches filet plaqu\u00e9es<\/li>\n<\/ul>\n<\/li>\n<li>Zone frontale :\n<ul>\n<li>1 petite poche frontale avec fermeture \u00e9clair \u00e0 double sens<\/li>\n<li>1 grande poche frontale avec fermeture \u00e9clair \u00e0 double sens, poche de rangement et 4 porte-stylos<\/li>\n<\/ul>\n<\/li>\n<\/ul>\n<h3>Donn\u00e9es techniques<\/h3>\n<ul>\n<li>Volumen: 30 l<\/li>\n<li>Dimensions : 23 \u00d7 44 \u00d7 24 cm (L \u00d7 H \u00d7 P)<\/li>\n<li>poids : 1,2 kg<\/li>\n<li>Mat\u00e9riau : 100 % polyester<\/li>\n<\/ul>\n<h3>Domaine d'utilisation<\/h3>\n<p style=\"font-weight: 400\">\n<p style=\"font-weight: 400\">Convient pour :<\/p>\n<ul>\n<li>\u00c9quipement tactique<\/li>\n<li>Entra\u00eenement &amp; stand de tir<\/li>\n<li>Plein air &amp; Bushcraft<\/li>\n<li>Service, quotidien &amp; EDC-Plus<\/li>\n<\/ul>\n<p style=\"font-weight: 400\">\n<p style=\"font-weight: 400\">Ein robuster Einsatzrucksack, der Stauraum, Tragekomfort und Modularit\u00e4t in einem funktionalen Design vereint.<\/p>","protected":false},"excerpt":{"rendered":"<p>Dieser taktische Rucksack mit ca. 30 Litern Volumen ist auf Belastbarkeit, Organisation und Tragekomfort ausgelegt. Verstellbare, gepolsterte Schultergurte mit Metall-D-Ringen<\/p>","protected":false},"featured_media":31134,"comment_status":"open","ping_status":"closed","template":"","meta":[],"product_brand":[108],"product_cat":[97,98],"product_tag":[],"class_list":{"0":"post-31133","1":"product","2":"type-product","3":"status-publish","4":"has-post-thumbnail","6":"product_brand-mfh","7":"product_cat-taschen-rucksaecke","8":"product_cat-rucksaecke","10":"first","11":"instock","12":"taxable","13":"shipping-taxable","14":"purchasable","15":"product-type-simple"},"_links":{"self":[{"href":"https:\/\/defendgear.ch\/fr\/wp-json\/wp\/v2\/product\/31133","targetHints":{"allow":["GET"]}}],"collection":[{"href":"https:\/\/defendgear.ch\/fr\/wp-json\/wp\/v2\/product"}],"about":[{"href":"https:\/\/defendgear.ch\/fr\/wp-json\/wp\/v2\/types\/product"}],"replies":[{"embeddable":true,"href":"https:\/\/defendgear.ch\/fr\/wp-json\/wp\/v2\/comments?post=31133"}],"version-history":[{"count":1,"href":"https:\/\/defendgear.ch\/fr\/wp-json\/wp\/v2\/product\/31133\/revisions"}],"predecessor-version":[{"id":31136,"href":"https:\/\/defendgear.ch\/fr\/wp-json\/wp\/v2\/product\/31133\/revisions\/31136"}],"wp:featuredmedia":[{"embeddable":true,"href":"https:\/\/defendgear.ch\/fr\/wp-json\/wp\/v2\/media\/31134"}],"wp:attachment":[{"href":"https:\/\/defendgear.ch\/fr\/wp-json\/wp\/v2\/media?parent=31133"}],"wp:term":[{"taxonomy":"product_brand","embeddable":true,"href":"https:\/\/defendgear.ch\/fr\/wp-json\/wp\/v2\/product_brand?post=31133"},{"taxonomy":"product_cat","embeddable":true,"href":"https:\/\/defendgear.ch\/fr\/wp-json\/wp\/v2\/product_cat?post=31133"},{"taxonomy":"product_tag","embeddable":true,"href":"https:\/\/defendgear.ch\/fr\/wp-json\/wp\/v2\/product_tag?post=31133"}],"curies":[{"name":"wp","href":"https:\/\/api.w.org\/{rel}","templated":true}]}}