{"id":31141,"date":"2026-02-09T19:48:20","date_gmt":"2026-02-09T18:48:20","guid":{"rendered":"https:\/\/defendgear.ch\/?post_type=product&#038;p=31141"},"modified":"2026-02-09T19:48:20","modified_gmt":"2026-02-09T18:48:20","slug":"taktisches-first-aid-pouch-mit-molle-traegerplatte-leer-modular","status":"publish","type":"product","link":"https:\/\/defendgear.ch\/fr\/taktisches-first-aid-pouch-mit-molle-traegerplatte-leer-modular\/","title":{"rendered":"Pochette tactique de premiers secours avec plaque de support MOLLE - vide &amp; modulaire"},"content":{"rendered":"<p style=\"font-weight: 400\">Cette pochette tactique First Aid Pouch est con\u00e7ue pour une utilisation professionnelle et sert d'\u00e9tui vide pour les syst\u00e8mes IFAK ou Medic \u00e9quip\u00e9s individuellement. Gr\u00e2ce \u00e0 la plaque de support MOLLE amovible, \u00e0 l'ouverture bien pens\u00e9e et \u00e0 la r\u00e9partition structur\u00e9e de l'int\u00e9rieur, la pochette permet un acc\u00e8s rapide et une int\u00e9gration flexible dans l'\u00e9quipement existant.<\/p>\n<p style=\"font-weight: 400\">\n<p style=\"font-weight: 400\">\u26a0\ufe0f Remarque : livr\u00e9 sans contenu.<\/p>\n<p style=\"font-weight: 400\">\n<p style=\"font-weight: 400\">\u2e3b<\/p>\n<p style=\"font-weight: 400\">\n<p style=\"font-weight: 400\">Points forts<\/p>\n<ul>\n<li style=\"font-weight: 400\">Plaque de support MOLLE amovible avec Velcro<\/li>\n<li style=\"font-weight: 400\">2 anneaux en D ainsi que 2 boucles de fixation MOLLE avec bouton-pression \u00e0 l'arri\u00e8re<\/li>\n<li style=\"font-weight: 400\">boucles d'attache MOLLE lat\u00e9rales pour une extension modulaire<\/li>\n<li style=\"font-weight: 400\">Sangle de s\u00e9curit\u00e9 r\u00e9glable avec fermeture \u00e0 clic<\/li>\n<li style=\"font-weight: 400\">rabat frontal avec fermeture velcro, deux fermetures \u00e0 glissi\u00e8re lat\u00e9rales et poign\u00e9e de transport<\/li>\n<li style=\"font-weight: 400\">poign\u00e9e de transport avec marquage velcro rouge amovible pour une identification rapide<\/li>\n<li style=\"font-weight: 400\">Patch velcro avec insigne \u201eFirst Aid<\/li>\n<li style=\"font-weight: 400\">Diverses poches et boucles \u00e9lastiques \u00e0 l'int\u00e9rieur pour un \u00e9quipement ordonn\u00e9<\/li>\n<\/ul>\n<p style=\"font-weight: 400\">\n<p style=\"font-weight: 400\">\u2e3b<\/p>\n<p style=\"font-weight: 400\">\n<p style=\"font-weight: 400\">Donn\u00e9es techniques<\/p>\n<ul>\n<li style=\"font-weight: 400\">Mat\u00e9riau : 100 % polyester<\/li>\n<li style=\"font-weight: 400\">Dimensions : env. 16 \u00d7 18 \u00d7 8 cm (l \u00d7 h \u00d7 p)<\/li>\n<li style=\"font-weight: 400\">Syst\u00e8me : MOLLE \/ Velcro<\/li>\n<li style=\"font-weight: 400\">Contenu de la livraison : pochette sans contenu<\/li>\n<\/ul>\n<p style=\"font-weight: 400\">\n<p style=\"font-weight: 400\">\u2e3b<\/p>\n<p style=\"font-weight: 400\">\n<p style=\"font-weight: 400\">Domaine d'utilisation<\/p>\n<p style=\"font-weight: 400\">\n<p style=\"font-weight: 400\">Cette pochette vide First Aid \/ IFAK est id\u00e9ale pour :<\/p>\n<ul>\n<li style=\"font-weight: 400\">M\u00e9decins tactiques<\/li>\n<li style=\"font-weight: 400\">Militaire &amp; Police<\/li>\n<li style=\"font-weight: 400\">Services de s\u00e9curit\u00e9<\/li>\n<li style=\"font-weight: 400\">Sacs \u00e0 dos outdoor &amp; d'intervention<\/li>\n<li style=\"font-weight: 400\">Syst\u00e8mes de premiers secours configur\u00e9s individuellement<\/li>\n<\/ul>\n<p style=\"font-weight: 400\">\n<p style=\"font-weight: 400\">Gr\u00e2ce \u00e0 sa fixation modulaire et \u00e0 ses possibilit\u00e9s d'acc\u00e8s rapide, le Pouch est optimal pour les situations o\u00f9 l'organisation, la flexibilit\u00e9 et la disponibilit\u00e9 sont essentielles.<\/p>","protected":false},"excerpt":{"rendered":"<p>Cette trousse de premiers secours tactique est con\u00e7ue pour une utilisation professionnelle et sert d'\u00e9tui vide pour les trousses de secours IFAK individuelles.<\/p>","protected":false},"featured_media":31142,"comment_status":"open","ping_status":"closed","template":"","meta":[],"product_brand":[108],"product_cat":[24,77],"product_tag":[],"class_list":{"0":"post-31141","1":"product","2":"type-product","3":"status-publish","4":"has-post-thumbnail","6":"product_brand-mfh","7":"product_cat-ausruestung","8":"product_cat-medic","10":"first","11":"instock","12":"taxable","13":"shipping-taxable","14":"purchasable","15":"product-type-simple"},"_links":{"self":[{"href":"https:\/\/defendgear.ch\/fr\/wp-json\/wp\/v2\/product\/31141","targetHints":{"allow":["GET"]}}],"collection":[{"href":"https:\/\/defendgear.ch\/fr\/wp-json\/wp\/v2\/product"}],"about":[{"href":"https:\/\/defendgear.ch\/fr\/wp-json\/wp\/v2\/types\/product"}],"replies":[{"embeddable":true,"href":"https:\/\/defendgear.ch\/fr\/wp-json\/wp\/v2\/comments?post=31141"}],"version-history":[{"count":1,"href":"https:\/\/defendgear.ch\/fr\/wp-json\/wp\/v2\/product\/31141\/revisions"}],"predecessor-version":[{"id":31146,"href":"https:\/\/defendgear.ch\/fr\/wp-json\/wp\/v2\/product\/31141\/revisions\/31146"}],"wp:featuredmedia":[{"embeddable":true,"href":"https:\/\/defendgear.ch\/fr\/wp-json\/wp\/v2\/media\/31142"}],"wp:attachment":[{"href":"https:\/\/defendgear.ch\/fr\/wp-json\/wp\/v2\/media?parent=31141"}],"wp:term":[{"taxonomy":"product_brand","embeddable":true,"href":"https:\/\/defendgear.ch\/fr\/wp-json\/wp\/v2\/product_brand?post=31141"},{"taxonomy":"product_cat","embeddable":true,"href":"https:\/\/defendgear.ch\/fr\/wp-json\/wp\/v2\/product_cat?post=31141"},{"taxonomy":"product_tag","embeddable":true,"href":"https:\/\/defendgear.ch\/fr\/wp-json\/wp\/v2\/product_tag?post=31141"}],"curies":[{"name":"wp","href":"https:\/\/api.w.org\/{rel}","templated":true}]}}