{"id":31147,"date":"2026-02-09T19:50:18","date_gmt":"2026-02-09T18:50:18","guid":{"rendered":"https:\/\/defendgear.ch\/?post_type=product&#038;p=31147"},"modified":"2026-03-30T11:40:46","modified_gmt":"2026-03-30T09:40:46","slug":"combat-application-tourniquet-ex-159-taktisches-abbindesystem-zur-blutstillung","status":"publish","type":"product","link":"https:\/\/defendgear.ch\/fr\/combat-application-tourniquet-ex-159-taktisches-abbindesystem-zur-blutstillung\/","title":{"rendered":"Combat Application Tourniquet EX 159 - syst\u00e8me de garrot tactique pour l'h\u00e9mostase"},"content":{"rendered":"<p style=\"font-weight: 400\">Le Combat Application Tourniquet EX 159 est un syst\u00e8me de garrot tactique compact, con\u00e7u pour interrompre rapidement les saignements importants aux extr\u00e9mit\u00e9s. Gr\u00e2ce \u00e0 sa construction robuste et \u00e0 sa facilit\u00e9 d'utilisation, il est id\u00e9al pour une utilisation dans les kits de premiers secours tactiques (IFAK), lors d'activit\u00e9s en plein air ou dans un environnement professionnel.<\/p>\n<p style=\"font-weight: 400\">\n<p style=\"font-weight: 400\">Le garrot dispose de tous les composants essentiels pour une utilisation contr\u00f4l\u00e9e et peut \u00eatre utilis\u00e9 de mani\u00e8re fiable m\u00eame dans des conditions de stress.<\/p>\n<h3>Points forts<\/h3>\n<ul>\n<li>Syst\u00e8me de ligature efficace pour l'h\u00e9mostase des bras ou des jambes<\/li>\n<li>Barre (Windlass) pour une g\u00e9n\u00e9ration de pression contr\u00f4l\u00e9e<\/li>\n<li>bande de fixation pour s\u00e9curiser la barre apr\u00e8s le serrage<\/li>\n<li>Indicateur de temps pour documenter le moment de l'accostage<\/li>\n<li>plaque de stabilisation pour une assise s\u00fbre<\/li>\n<li>Boucle robuste pour une mise en place rapide<\/li>\n<li>Forme compacte - id\u00e9ale pour IFAK, Medic-Pouch ou sac \u00e0 dos d'intervention<\/li>\n<\/ul>\n<h3>Donn\u00e9es techniques<\/h3>\n<ul>\n<li>dimensions : 3,8 \u00d7 95 cm<\/li>\n<li>Couleur : Noir<\/li>\n<li>construction :\n<ul>\n<li>B\u00e2ton (Windlass)<\/li>\n<li>Bande de fixation<\/li>\n<li>Indicateur de temps<\/li>\n<li>Plaque de stabilisation<\/li>\n<li>Boucle<\/li>\n<\/ul>\n<\/li>\n<\/ul>\n<h3>Domaine d'utilisation<\/h3>\n<p style=\"font-weight: 400\">\n<p style=\"font-weight: 400\">Le Tourniquet Combat Application EX 159 est adapt\u00e9 \u00e0 l'utilisation dans :<\/p>\n<ul>\n<li>Trousses de premiers secours tactiques (IFAK)<\/li>\n<li>Activit\u00e9s de plein air et d'aventure<\/li>\n<li>\u00c9quipement d'intervention et d'urgence<\/li>\n<\/ul>\n<p style=\"font-weight: 400\">\n<p style=\"font-weight: 400\">Gr\u00e2ce \u00e0 sa construction simple, il est rapidement pr\u00eat \u00e0 l'emploi et se range dans un espace r\u00e9duit.<\/p>","protected":false},"excerpt":{"rendered":"<p>Le Combat Application Tourniquet EX 159 est un syst\u00e8me de garrot tactique compact, con\u00e7u pour interrompre rapidement les saignements importants aux extr\u00e9mit\u00e9s. Gr\u00e2ce \u00e0<\/p>","protected":false},"featured_media":31148,"comment_status":"open","ping_status":"closed","template":"","meta":[],"product_brand":[],"product_cat":[24,77],"product_tag":[],"class_list":{"0":"post-31147","1":"product","2":"type-product","3":"status-publish","4":"has-post-thumbnail","6":"product_cat-ausruestung","7":"product_cat-medic","9":"first","10":"outofstock","11":"taxable","12":"shipping-taxable","13":"purchasable","14":"product-type-simple"},"_links":{"self":[{"href":"https:\/\/defendgear.ch\/fr\/wp-json\/wp\/v2\/product\/31147","targetHints":{"allow":["GET"]}}],"collection":[{"href":"https:\/\/defendgear.ch\/fr\/wp-json\/wp\/v2\/product"}],"about":[{"href":"https:\/\/defendgear.ch\/fr\/wp-json\/wp\/v2\/types\/product"}],"replies":[{"embeddable":true,"href":"https:\/\/defendgear.ch\/fr\/wp-json\/wp\/v2\/comments?post=31147"}],"version-history":[{"count":1,"href":"https:\/\/defendgear.ch\/fr\/wp-json\/wp\/v2\/product\/31147\/revisions"}],"predecessor-version":[{"id":31149,"href":"https:\/\/defendgear.ch\/fr\/wp-json\/wp\/v2\/product\/31147\/revisions\/31149"}],"wp:featuredmedia":[{"embeddable":true,"href":"https:\/\/defendgear.ch\/fr\/wp-json\/wp\/v2\/media\/31148"}],"wp:attachment":[{"href":"https:\/\/defendgear.ch\/fr\/wp-json\/wp\/v2\/media?parent=31147"}],"wp:term":[{"taxonomy":"product_brand","embeddable":true,"href":"https:\/\/defendgear.ch\/fr\/wp-json\/wp\/v2\/product_brand?post=31147"},{"taxonomy":"product_cat","embeddable":true,"href":"https:\/\/defendgear.ch\/fr\/wp-json\/wp\/v2\/product_cat?post=31147"},{"taxonomy":"product_tag","embeddable":true,"href":"https:\/\/defendgear.ch\/fr\/wp-json\/wp\/v2\/product_tag?post=31147"}],"curies":[{"name":"wp","href":"https:\/\/api.w.org\/{rel}","templated":true}]}}