{"id":31172,"date":"2026-02-12T10:46:04","date_gmt":"2026-02-12T09:46:04","guid":{"rendered":"https:\/\/defendgear.ch\/?post_type=product&#038;p=31172"},"modified":"2026-02-12T10:46:04","modified_gmt":"2026-02-12T09:46:04","slug":"kit-de-premiers-secours-din-131642022-equipement-de-securite-conforme-a-la-loi","status":"publish","type":"product","link":"https:\/\/defendgear.ch\/fr\/kit-de-premiers-secours-din-131642022-equipement-de-securite-conforme-a-la-loi\/","title":{"rendered":"Trousse de premiers secours DIN 13164:2022 - \u00e9quipement de s\u00e9curit\u00e9 conforme \u00e0 la loi"},"content":{"rendered":"<p style=\"font-weight: 400\">Ce kit de premiers secours pour v\u00e9hicules automobiles est enti\u00e8rement conforme \u00e0 la norme DIN 13164:2022 et r\u00e9pond ainsi aux exigences l\u00e9gales actuelles pour une utilisation en voiture. Elle contient tous les pansements prescrits pour les premiers soins en cas d'accident de la route et convient \u00e0 une utilisation dans les v\u00e9hicules priv\u00e9s et professionnels.<\/p>\n<p style=\"font-weight: 400\">\n<p style=\"font-weight: 400\">Le kit est clairement compos\u00e9 et id\u00e9al pour les voitures particuli\u00e8res, les camionnettes et les v\u00e9hicules d'intervention.<\/p>\n<h3>Points forts<\/h3>\n<ul>\n<li>Conforme \u00e0 la norme DIN 13164:2022<\/li>\n<li>\u00c9quipement obligatoire pour les v\u00e9hicules \u00e0 moteur<\/li>\n<li>Version mise \u00e0 jour incluant des masques faciaux (DIN 14683)<\/li>\n<li>Vaste gamme de pansements et de soins de plaies<\/li>\n<li>Guide de premiers secours en plusieurs langues<\/li>\n<\/ul>\n<h3>Contenu conforme \u00e0 la norme DIN 13164:2022<\/h3>\n<ul>\n<li>2\u00d7 masques faciaux, DIN 14683<\/li>\n<li>1\u00d7 pansement adh\u00e9sif 5 m \u00d7 2,5 cm, DIN 13019-A<\/li>\n<li>4\u00d7 pansements adh\u00e9sifs \u00e9lastiques 10 \u00d7 6 cm, DIN 13019-E<\/li>\n<li>2\u00d7 bandages de doigts \u00e9lastiques 2 \u00d7 12 cm, DIN 13019-E<\/li>\n<li>2\u00d7 pansements pour bouts de doigts r\u00e9sistants \u00e0 l'eau 4 \u00d7 7 cm<\/li>\n<li>2\u00d7 sparadraps r\u00e9sistants \u00e0 l'eau 1,9 \u00d7 7,2 cm<\/li>\n<li>4\u00d7 sparadraps r\u00e9sistants \u00e0 l'eau 2,5 \u00d7 7,2 cm<\/li>\n<li>1\u00d7 paquet de pansements 6 \u00d7 8 cm, DIN 13151-K<\/li>\n<li>2\u00d7 paquets de pansements 8 \u00d7 10 cm, DIN 13151-M<\/li>\n<li>1\u00d7 paquet de pansements 10 \u00d7 12 cm, DIN 13151-G<\/li>\n<li>1\u00d7 champ de pansement st\u00e9rile 60 \u00d7 80 cm, DIN 13152-A<\/li>\n<li>6\u00d7 compresses st\u00e9riles 10 \u00d7 10 cm<\/li>\n<li>2\u00d7 bandes de fixation \u00e9lastiques 6 cm \u00d7 4 m, DIN 61634-FB<\/li>\n<li>3\u00d7 bandes de fixation \u00e9lastiques 8 cm \u00d7 4 m, DIN 61634-FB<\/li>\n<li>1\u00d7 Drap triangulaire 96 \u00d7 96 \u00d7 136 cm, DIN 13168-D<\/li>\n<li>2\u00d7 lingettes nettoyantes pour la peau<\/li>\n<li>4\u00d7 gants jetables (taille L), DIN EN 455<\/li>\n<li>1\u00d7 couverture de survie argent\/or 210 \u00d7 160 cm<\/li>\n<li>1\u00d7 ciseaux de premier secours, DIN 58279<\/li>\n<li>1\u00d7 brochure de premiers secours<\/li>\n<\/ul>\n<p style=\"font-weight: 400\">\n<p style=\"font-weight: 400\">Langues d'instruction : DE, EN (GB), FR, IT, ES, PT<\/p>\n<h3>Donn\u00e9es techniques et juridiques<\/h3>\n<ul>\n<li>Norme : DIN 13164:2022<\/li>\n<li>Utilisation : v\u00e9hicules \u00e0 moteur<\/li>\n<li>Statut : \u00e9quipement obligatoire conforme \u00e0 la loi<\/li>\n<li>Dispositif m\u00e9dical : conforme aux normes en vigueur<\/li>\n<\/ul>\n<h3>Domaine d'utilisation<\/h3>\n<p style=\"font-weight: 400\">\n<p style=\"font-weight: 400\">Ce kit de premiers secours automobile conforme \u00e0 la norme DIN 13164:2022 est id\u00e9al pour :<\/p>\n<ul>\n<li>V\u00e9hicules priv\u00e9s<\/li>\n<li>V\u00e9hicules d'entreprise &amp; de flotte<\/li>\n<li>V\u00e9hicules de livraison et d'intervention<\/li>\n<li>Voyages et trafic frontalier<\/li>\n<\/ul>\n<p style=\"font-weight: 400\">\n<p style=\"font-weight: 400\">Un \u00e9l\u00e9ment indispensable de l'\u00e9quipement de s\u00e9curit\u00e9 du v\u00e9hicule, qui r\u00e9pond \u00e0 la fois aux exigences l\u00e9gales et apporte une aide fiable en cas d'urgence.<\/p>\n<p style=\"font-weight: 400\">","protected":false},"excerpt":{"rendered":"<p>Cette trousse de premiers secours pour v\u00e9hicules automobiles est enti\u00e8rement conforme \u00e0 la norme DIN 13164:2022 et r\u00e9pond ainsi aux exigences l\u00e9gales actuelles en mati\u00e8re de<\/p>","protected":false},"featured_media":31173,"comment_status":"open","ping_status":"closed","template":"","meta":[],"product_brand":[],"product_cat":[24,77],"product_tag":[],"class_list":{"0":"post-31172","1":"product","2":"type-product","3":"status-publish","4":"has-post-thumbnail","6":"product_cat-ausruestung","7":"product_cat-medic","9":"first","10":"instock","11":"taxable","12":"shipping-taxable","13":"purchasable","14":"product-type-simple"},"_links":{"self":[{"href":"https:\/\/defendgear.ch\/fr\/wp-json\/wp\/v2\/product\/31172","targetHints":{"allow":["GET"]}}],"collection":[{"href":"https:\/\/defendgear.ch\/fr\/wp-json\/wp\/v2\/product"}],"about":[{"href":"https:\/\/defendgear.ch\/fr\/wp-json\/wp\/v2\/types\/product"}],"replies":[{"embeddable":true,"href":"https:\/\/defendgear.ch\/fr\/wp-json\/wp\/v2\/comments?post=31172"}],"version-history":[{"count":1,"href":"https:\/\/defendgear.ch\/fr\/wp-json\/wp\/v2\/product\/31172\/revisions"}],"predecessor-version":[{"id":31175,"href":"https:\/\/defendgear.ch\/fr\/wp-json\/wp\/v2\/product\/31172\/revisions\/31175"}],"wp:featuredmedia":[{"embeddable":true,"href":"https:\/\/defendgear.ch\/fr\/wp-json\/wp\/v2\/media\/31173"}],"wp:attachment":[{"href":"https:\/\/defendgear.ch\/fr\/wp-json\/wp\/v2\/media?parent=31172"}],"wp:term":[{"taxonomy":"product_brand","embeddable":true,"href":"https:\/\/defendgear.ch\/fr\/wp-json\/wp\/v2\/product_brand?post=31172"},{"taxonomy":"product_cat","embeddable":true,"href":"https:\/\/defendgear.ch\/fr\/wp-json\/wp\/v2\/product_cat?post=31172"},{"taxonomy":"product_tag","embeddable":true,"href":"https:\/\/defendgear.ch\/fr\/wp-json\/wp\/v2\/product_tag?post=31172"}],"curies":[{"name":"wp","href":"https:\/\/api.w.org\/{rel}","templated":true}]}}