{"id":31192,"date":"2026-02-13T08:45:11","date_gmt":"2026-02-13T07:45:11","guid":{"rendered":"https:\/\/defendgear.ch\/?post_type=product&#038;p=31192"},"modified":"2026-03-30T11:39:43","modified_gmt":"2026-03-30T09:39:43","slug":"baionnette-tactique-avec-fonction-ciseaux-a-fil-pierre-a-aiguiser","status":"publish","type":"product","link":"https:\/\/defendgear.ch\/fr\/baionnette-tactique-avec-fonction-ciseaux-a-fil-pierre-a-aiguiser\/","title":{"rendered":"Ba\u00efonnette tactique avec fonction coupe-fil &amp; pierre \u00e0 aiguiser"},"content":{"rendered":"<p style=\"font-weight: 400\">Cette ba\u00efonnette tactique est con\u00e7ue pour des exigences d'utilisation robustes et combine une lame massive en acier 3Cr13 avec des fonctions suppl\u00e9mentaires bien pens\u00e9es. La lame dispose d'un tranchant lisse, d'un dos sci\u00e9 ainsi que d'une gorge partielle sur un c\u00f4t\u00e9, ce qui allie de mani\u00e8re optimale stabilit\u00e9 et fonctionnalit\u00e9.<\/p>\n<p style=\"font-weight: 400\">\n<p style=\"font-weight: 400\">En combinaison avec le fourreau en plastique, la ba\u00efonnette peut \u00eatre utilis\u00e9e comme coupe-fil. Le syst\u00e8me est compl\u00e9t\u00e9 par une pierre \u00e0 aiguiser int\u00e9gr\u00e9e et dissimul\u00e9e au dos du fourreau ainsi que par une pochette amovible pour les accessoires.<\/p>\n<h3>Points forts<\/h3>\n<ul>\n<li>lame en acier 3Cr13 - robuste et r\u00e9sistante<\/li>\n<li>Pon\u00e7age lisse, dos sci\u00e9 &amp; gorge partielle pour des applications vari\u00e9es<\/li>\n<li>fonction de coupe-fil en combinaison avec le fourreau<\/li>\n<li>Barre de parade m\u00e9tallique avec trou de coulissage pour montage \u00e0 ba\u00efonnette<\/li>\n<li>Poign\u00e9e en plastique structur\u00e9e et rainur\u00e9e avec dispositif de blocage<\/li>\n<li>fourreau en plastique avec sangle en polyester et fixation du ceinturon avec fermeture \u00e0 clic<\/li>\n<li>Pierre \u00e0 aiguiser dissimul\u00e9e au dos du fourreau<\/li>\n<li>Deux sangles de s\u00e9curit\u00e9 avec boutons-pression<\/li>\n<li>Poche amovible pour accessoires avec fermeture velcro et bouton-pression<\/li>\n<\/ul>\n<h3>Donn\u00e9es techniques<\/h3>\n<ul>\n<li>longueur totale : 30,5 cm<\/li>\n<li>Longueur de la lame : 18 cm<\/li>\n<li>\u00c9paisseur de la lame : 5,5 mm<\/li>\n<li>Poids de la ba\u00efonnette : 340 g<\/li>\n<li>Poids avec fourreau : 660 g<\/li>\n<li>Mat\u00e9riau de la lame : acier 3Cr13<\/li>\n<\/ul>\n<h3>Domaine d'utilisation<\/h3>\n<p style=\"font-weight: 400\">\n<p style=\"font-weight: 400\">Cette ba\u00efonnette avec fourreau convient \u00e0 :<\/p>\n<ul>\n<li>\u00c9quipement tactique<\/li>\n<li>Applications de plein air et de survie<\/li>\n<li>Formation et \u00e9quipement<\/li>\n<li>Collection &amp; pr\u00e9sentation<\/li>\n<\/ul>\n<p style=\"font-weight: 400\">\n<p style=\"font-weight: 400\">Gr\u00e2ce \u00e0 la cisaille \u00e0 fil et \u00e0 la pierre \u00e0 aiguiser int\u00e9gr\u00e9es, ce mod\u00e8le est particuli\u00e8rement fonctionnel et polyvalent.<\/p>","protected":false},"excerpt":{"rendered":"<p>Dieses taktische Bajonett ist f\u00fcr robuste Einsatzanforderungen konzipiert und kombiniert eine massive Klinge aus 3Cr13 Stahl mit durchdachten Zusatzfunktionen. Die<\/p>","protected":false},"featured_media":31193,"comment_status":"open","ping_status":"closed","template":"","meta":[],"product_brand":[108],"product_cat":[76,24],"product_tag":[],"class_list":{"0":"post-31192","1":"product","2":"type-product","3":"status-publish","4":"has-post-thumbnail","6":"product_brand-mfh","7":"product_cat-messer","8":"product_cat-ausruestung","10":"first","11":"outofstock","12":"taxable","13":"shipping-taxable","14":"purchasable","15":"product-type-simple"},"_links":{"self":[{"href":"https:\/\/defendgear.ch\/fr\/wp-json\/wp\/v2\/product\/31192","targetHints":{"allow":["GET"]}}],"collection":[{"href":"https:\/\/defendgear.ch\/fr\/wp-json\/wp\/v2\/product"}],"about":[{"href":"https:\/\/defendgear.ch\/fr\/wp-json\/wp\/v2\/types\/product"}],"replies":[{"embeddable":true,"href":"https:\/\/defendgear.ch\/fr\/wp-json\/wp\/v2\/comments?post=31192"}],"version-history":[{"count":1,"href":"https:\/\/defendgear.ch\/fr\/wp-json\/wp\/v2\/product\/31192\/revisions"}],"predecessor-version":[{"id":31197,"href":"https:\/\/defendgear.ch\/fr\/wp-json\/wp\/v2\/product\/31192\/revisions\/31197"}],"wp:featuredmedia":[{"embeddable":true,"href":"https:\/\/defendgear.ch\/fr\/wp-json\/wp\/v2\/media\/31193"}],"wp:attachment":[{"href":"https:\/\/defendgear.ch\/fr\/wp-json\/wp\/v2\/media?parent=31192"}],"wp:term":[{"taxonomy":"product_brand","embeddable":true,"href":"https:\/\/defendgear.ch\/fr\/wp-json\/wp\/v2\/product_brand?post=31192"},{"taxonomy":"product_cat","embeddable":true,"href":"https:\/\/defendgear.ch\/fr\/wp-json\/wp\/v2\/product_cat?post=31192"},{"taxonomy":"product_tag","embeddable":true,"href":"https:\/\/defendgear.ch\/fr\/wp-json\/wp\/v2\/product_tag?post=31192"}],"curies":[{"name":"wp","href":"https:\/\/api.w.org\/{rel}","templated":true}]}}