{"id":29425,"date":"2025-10-27T14:10:49","date_gmt":"2025-10-27T13:10:49","guid":{"rendered":"https:\/\/defendgear.ch\/?page_id=29425"},"modified":"2025-10-27T14:16:10","modified_gmt":"2025-10-27T13:16:10","slug":"agb","status":"publish","type":"page","link":"https:\/\/defendgear.ch\/it\/agb\/","title":{"rendered":"Condizioni generali di contratto (AGB)"},"content":{"rendered":"<div data-elementor-type=\"wp-page\" data-elementor-id=\"29425\" class=\"elementor elementor-29425\">\n\t\t\t\t<div class=\"wd-negative-gap elementor-element elementor-element-7983106 e-flex e-con-boxed wpr-particle-no wpr-jarallax-no wpr-parallax-no wpr-sticky-section-no e-con e-parent\" data-id=\"7983106\" data-element_type=\"container\" data-e-type=\"container\">\n\t\t\t\t\t<div class=\"e-con-inner\">\n\t\t\t\t<div class=\"elementor-element elementor-element-5fdf420 color-scheme-inherit text-left elementor-widget elementor-widget-text-editor\" data-id=\"5fdf420\" data-element_type=\"widget\" data-e-type=\"widget\" data-widget_type=\"text-editor.default\">\n\t\t\t\t\t\t\t\t\t<p>FORTIVEX GmbH<\/p>\n<p>Brandstrasse 24<\/p>\n<p>8952 Schlieren Svizzera<\/p>\n<h2>1. informazioni generali<\/h2>\n<p>Le nostre consegne e vendite sono soggette esclusivamente ai seguenti termini e condizioni. Termini e condizioni divergenti o contraddittori del cliente si applicano solo se da noi concordati per iscritto.<\/p>\n<h2>2. dettagli dell'offerta<\/h2>\n<p>Tutte le informazioni sui prodotti sono soggette a modifiche. I dettagli su materiale, origine, qualit\u00e0 o caratteristiche simili si basano sulle informazioni fornite dal produttore e sono vincolanti solo in questo contesto. Sono possibili differenze di colore o di presentazione rispetto alle foto o alle descrizioni, nonch\u00e9 piccole differenze legate alla produzione.<\/p>\n<h2>3. conclusione del contratto<\/h2>\n<p>Il contratto di acquisto \u00e8 concluso quando il cliente compila e invia il modulo d'ordine web e l'ordine viene confermato o eseguito da DEFENDGEAR (FORTIVEX GmbH). Le consegne vengono effettuate solo a persone maggiorenni.<\/p>\n<h2>4. protezione dei minori \/ verifica dell'et\u00e0<\/h2>\n<p>Per gli articoli con limitazioni di et\u00e0, effettuiamo una procedura di verifica affidabile che comprende un controllo dell'identit\u00e0 personale e dell'et\u00e0. Consegniamo tali prodotti solo tramite consegna personale; la spedizione viene consegnata alla persona controllata solo dietro presentazione di un documento di identit\u00e0 ufficiale.<\/p>\n<h2>5. termini di consegna<\/h2>\n<p>Spediamo il pi\u00f9 rapidamente possibile. Se un articolo non \u00e8 disponibile, informeremo il cliente della data di consegna prevista via e-mail. Gli ordini possono essere annullati in qualsiasi momento.<\/p>\n<p>Se la consegna non viene effettuata a causa del fallimento di un fornitore a monte per motivi a noi non imputabili, siamo autorizzati a recedere dal contratto. Lo stesso vale in caso di forza maggiore o di altri eventi imprevedibili che rendano la consegna significativamente pi\u00f9 difficile o impossibile (ad es. incendi, inondazioni, interruzioni operative, scioperi, ordini ufficiali). In questi casi, informeremo immediatamente il cliente; gli importi gi\u00e0 pagati saranno rimborsati. Sono esclusi ulteriori reclami.<\/p>\n<p>Durante il processo di ordinazione, il cliente pu\u00f2 scegliere se accettare consegne parziali se non tutti gli articoli sono disponibili in magazzino.<\/p>\n<h2>6 Prezzi e pagamenti<\/h2>\n<p>Per le consegne in Svizzera e nel Liechtenstein, consentiamo il pagamento in acconto per ordini fino a CHF 299.90 - dopo una verifica positiva del credito. A partire da un valore d'ordine di CHF 300.00, la consegna avverr\u00e0 solo dopo il pagamento anticipato o il pagamento con TWINT, carta di credito o PayPal.<\/p>\n<p>I pagamenti con carta di credito vengono elaborati tramite la finestra di pagamento sicura del provider.<\/p>\n<p>Tutti i prezzi indicati sono prezzi lordi in CHF. Ci riserviamo il diritto di modificare i prezzi in qualsiasi momento; gli ordini ricevuti prima di una modifica dei prezzi saranno fatturati al prezzo valido al momento dell'ordine.<\/p>\n<h2>7. mancato pagamento \/ spese di sollecito<\/h2>\n<p>Il termine di pagamento per gli ordini in conto corrente \u00e8 di 10 giorni. Se questo termine viene superato, verr\u00e0 inviato un sollecito di pagamento via e-mail. Se il debito rimane insoluto, verr\u00e0 inviato un sollecito per e-mail e per posta, con l'addebito di una tassa di sollecito di CHF 20.00.<\/p>\n<p>I reclami non pagati in seguito a solleciti saranno inoltrati al nostro partner per la riscossione; potrebbero essere addebitate ulteriori spese di elaborazione in base a quanto previsto da <a href=\"http:\/\/www.fairpay.ch\/\" target=\"_blank\" rel=\"noopener\">www.fairpay.ch<\/a> e ci si deve aspettare un'iscrizione negli elenchi di informazioni creditizie.<\/p>\n<p>Tassa di sollecito: CHF 20.00.<\/p>\n<h2>8. diritto di recesso \/ danni da trasporto \/ reclami<\/h2>\n<p>A condizione che la merce sia inutilizzata e nella confezione originale, garantiamo un diritto di restituzione di 365 giorni dalla data di spedizione. Sono esclusi dal diritto di cambio e di restituzione gli spray al peperoncino e i gilet di protezione balistica, le piastre di protezione e i caschi: questi articoli sono rilevanti per l'igiene\/sicurezza o per la sicurezza e non possono pi\u00f9 essere accettati per la rivendita dopo aver lasciato la nostra area di controllo.<\/p>\n<p>I reclami dovuti a una consegna errata o incompleta devono essere presentati per iscritto entro 14 giorni dalla data di spedizione.<\/p>\n<p>I resi saranno accettati solo se sufficientemente affrancati; i costi di restituzione sono a carico del cliente, anche in caso di garanzia o riparazione, se non diversamente concordato. Le restituzioni non affrancate comportano costi di spedizione aggiuntivi e un addebito forfettario di CHF 20,00.<\/p>\n<h3>Indirizzo di restituzione:<\/h3>\n<p>FORTIVEX GmbH \/ DEFENDGEAR<\/p>\n<p>Brandstrasse 24 CH-8952 Schlieren<\/p>\n<p>Non ci assumiamo alcuna responsabilit\u00e0 per i danni da trasporto. Eventuali danni riscontrati devono essere segnalati immediatamente al corriere (ad es. l'ufficio postale); si prega di conservare le scatole e il materiale di imballaggio a scopo di controllo. Sono esclusi ulteriori reclami.<\/p>\n<h2>9. riserva di propriet\u00e0<\/h2>\n<p>La merce consegnata rimane di propriet\u00e0 di FORTIVEX GmbH fino alla completa liquidazione di tutti i crediti derivanti dal rapporto commerciale.<\/p>\n<h2>10. abuso\/frode<\/h2>\n<p>In caso di furto, frode, abuso di campagne di sconto o altri vantaggi non autorizzati, ci riserviamo il diritto di intraprendere azioni penali e civili e di richiedere un risarcimento per le spese sostenute.<\/p>\n<h2>11. esclusione di responsabilit\u00e0 \/ copyright<\/h2>\n<p>Il contenuto del sito web DEFENDGEAR.ch \u00e8 protetto da copyright. Ci sforziamo di garantire la correttezza e l'aggiornamento dei contenuti, ma non ci assumiamo alcuna responsabilit\u00e0 per la loro completezza o accuratezza.<\/p>\n<p>Non ci assumiamo alcuna responsabilit\u00e0 per il contenuto o l'uso dei link esterni a cui il nostro sito web fa riferimento.<\/p>\n<h2>12 Foro competente e legge applicabile<\/h2>\n<p>Le parti concordano che il foro competente \u00e8 la sede legale di FORTIVEX GmbH a Schlieren (Cantone di Zurigo). Si applica esclusivamente il diritto svizzero.<\/p>\n<p>Stato della GTC: Ottobre 2025<\/p>\t\t\t\t\t\t\t\t<\/div>\n\t\t\t\t\t<\/div>\n\t\t\t\t<\/div>\n\t\t\t\t<\/div>","protected":false},"excerpt":{"rendered":"<p>FORTIVEX GmbH Brandstrasse 24 8952 Schlieren Schweiz 1.\u00a0 Allgemeines Unsere Lieferungen und Verk\u00e4ufe erfolgen ausschliesslich zu den folgenden Bedingungen. Abweichende<\/p>","protected":false},"author":1,"featured_media":0,"parent":0,"menu_order":0,"comment_status":"closed","ping_status":"closed","template":"","meta":{"footnotes":""},"class_list":["post-29425","page","type-page","status-publish","hentry"],"_links":{"self":[{"href":"https:\/\/defendgear.ch\/it\/wp-json\/wp\/v2\/pages\/29425","targetHints":{"allow":["GET"]}}],"collection":[{"href":"https:\/\/defendgear.ch\/it\/wp-json\/wp\/v2\/pages"}],"about":[{"href":"https:\/\/defendgear.ch\/it\/wp-json\/wp\/v2\/types\/page"}],"author":[{"embeddable":true,"href":"https:\/\/defendgear.ch\/it\/wp-json\/wp\/v2\/users\/1"}],"replies":[{"embeddable":true,"href":"https:\/\/defendgear.ch\/it\/wp-json\/wp\/v2\/comments?post=29425"}],"version-history":[{"count":4,"href":"https:\/\/defendgear.ch\/it\/wp-json\/wp\/v2\/pages\/29425\/revisions"}],"predecessor-version":[{"id":29430,"href":"https:\/\/defendgear.ch\/it\/wp-json\/wp\/v2\/pages\/29425\/revisions\/29430"}],"wp:attachment":[{"href":"https:\/\/defendgear.ch\/it\/wp-json\/wp\/v2\/media?parent=29425"}],"curies":[{"name":"wp","href":"https:\/\/api.w.org\/{rel}","templated":true}]}}