{"id":29453,"date":"2025-10-27T14:40:54","date_gmt":"2025-10-27T13:40:54","guid":{"rendered":"https:\/\/defendgear.ch\/?page_id=29453"},"modified":"2025-11-16T02:54:57","modified_gmt":"2025-11-16T01:54:57","slug":"club_tattico","status":"publish","type":"page","link":"https:\/\/defendgear.ch\/it\/club_tattico\/","title":{"rendered":"CLUB TATTICO DEFENDGEAR"},"content":{"rendered":"<div data-elementor-type=\"wp-page\" data-elementor-id=\"29453\" class=\"elementor elementor-29453\">\n\t\t\t\t<div class=\"wd-negative-gap elementor-element elementor-element-95f20c3 e-flex e-con-boxed wpr-particle-no wpr-jarallax-no wpr-parallax-no wpr-sticky-section-no e-con e-parent\" data-id=\"95f20c3\" data-element_type=\"container\" data-e-type=\"container\">\n\t\t\t\t\t<div class=\"e-con-inner\">\n\t\t<div class=\"elementor-element elementor-element-4a41280 e-con-full e-flex wpr-particle-no wpr-jarallax-no wpr-parallax-no wpr-sticky-section-no e-con e-child\" data-id=\"4a41280\" data-element_type=\"container\" data-e-type=\"container\">\n\t\t\t\t<div class=\"elementor-element elementor-element-00a862a color-scheme-inherit text-left elementor-widget elementor-widget-text-editor\" data-id=\"00a862a\" data-element_type=\"widget\" data-e-type=\"widget\" data-widget_type=\"text-editor.default\">\n\t\t\t\t\t\t\t\t\t<h2 style=\"text-align: center;\">Richiesta di adesione - Entrare a far parte dell'\u00e9lite tattica<\/h2><p>Volete fare di pi\u00f9 che parlare: volete agire, allenarvi e far parte dell'\u00e9lite. Come membro del <span style=\"color: #ff0000;\"><strong>Club tattico DEFENDGEAR<\/strong><\/span> vi addestrate con forze di sicurezza, polizia e milizia dedicate. Per <span style=\"color: #ff0000;\"><strong>80 franchi al mese<\/strong><\/span> si ha accesso alle nostre sessioni di allenamento mensili: allenamento al combattimento nel dojo, allenamento con armi da fuoco a secco e tiro tattico al poligono. I gilet di protezione e l'uso del fucile sono inclusi; si possono portare le proprie munizioni o acquistarle in loco. L'iscrizione pu\u00f2 essere annullata mensilmente - non c'\u00e8 un termine minimo.<\/p>\t\t\t\t\t\t\t\t<\/div>\n\t\t\t\t<\/div>\n\t\t<div class=\"elementor-element elementor-element-13555b3 e-con-full e-flex wpr-particle-no wpr-jarallax-no wpr-parallax-no wpr-sticky-section-no e-con e-child\" data-id=\"13555b3\" data-element_type=\"container\" data-e-type=\"container\">\n\t\t\t\t<div class=\"elementor-element elementor-element-968f9ef elementor-widget elementor-widget-video\" data-id=\"968f9ef\" data-element_type=\"widget\" data-e-type=\"widget\" data-settings=\"{&quot;video_type&quot;:&quot;hosted&quot;,&quot;controls&quot;:&quot;yes&quot;}\" data-widget_type=\"video.default\">\n\t\t\t\t\t\t\t<div class=\"e-hosted-video elementor-wrapper elementor-open-inline\">\n\t\t\t\t\t<video class=\"elementor-video\" src=\"http:\/\/defendgear.ch\/wp-content\/uploads\/2025\/11\/2_Glarus_FHD_LowQ.mp4\" controls=\"\" preload=\"metadata\" controlslist=\"nodownload\" poster=\"https:\/\/defendgear.ch\/wp-content\/uploads\/2025\/11\/DSZ2312-scaled.jpg\"><\/video>\n\t\t\t\t<\/div>\n\t\t\t\t\t\t<\/div>\n\t\t\t\t<\/div>\n\t\t\t\t\t<\/div>\n\t\t\t\t<\/div>\n\t\t<div class=\"elementor-element elementor-element-b386583 e-con-full e-flex wpr-particle-no wpr-jarallax-no wpr-parallax-no wpr-sticky-section-no e-con e-parent\" data-id=\"b386583\" data-element_type=\"container\" data-e-type=\"container\">\n\t\t\t\t<div class=\"elementor-element elementor-element-18751f8 color-scheme-inherit text-left elementor-widget elementor-widget-text-editor\" data-id=\"18751f8\" data-element_type=\"widget\" data-e-type=\"widget\" data-widget_type=\"text-editor.default\">\n\t\t\t\t\t\t\t\t\t<h3>Prerequisito importante (nota bene)<\/h3><p>Per garantire l'integrit\u00e0 e la sicurezza del club, all'atto dell'iscrizione \u00e8 necessario presentare uno dei seguenti documenti - si prega di allegarne una copia: Estratto del casellario giudiziale in corso di validit\u00e0 (non pi\u00f9 vecchio di 3 mesi) OPPURE Licenza di acquisto di armi da fuoco o permesso di porto d'armi da fuoco in corso di validit\u00e0 (non pi\u00f9 vecchio di 2 anni) Inoltre, \u00e8 necessario un documento d'identit\u00e0 valido (carta d'identit\u00e0, passaporto o carta d'identit\u00e0 per stranieri). FORTIVEX GmbH esamina ogni domanda individualmente e si riserva il diritto di rifiutare le domande senza fornire motivazioni o di annullare le iscrizioni esistenti.<\/p><h3>Sicurezza e comportamento<\/h3><p>La partecipazione \u00e8 a proprio rischio e pericolo; si raccomanda una propria assicurazione. Alcool, droghe e comportamenti non sicuri comporteranno l'immediata esclusione. Tutte le istruzioni fornite dagli istruttori sono vincolanti. Il club si impegna a rispettare i pi\u00f9 alti standard di sicurezza.<\/p><h3>Protezione dei dati e media<\/h3><p>Partecipando, l'utente accetta che DEFENDGEAR possa utilizzare foto e video realizzati durante le sessioni di formazione per scopi di marketing. \u00c8 possibile opporsi per iscritto. Tutti i dati personali saranno trattati in modo confidenziale in conformit\u00e0 alla legge svizzera sulla protezione dei dati (DSG).<\/p>\t\t\t\t\t\t\t\t<\/div>\n\t\t\t\t<\/div>\n\t\t<div class=\"elementor-element elementor-element-44b0422 e-con-full wd-section-stretch e-flex wpr-particle-no wpr-jarallax-no wpr-parallax-no wpr-sticky-section-no e-con e-parent\" data-id=\"44b0422\" data-element_type=\"container\" data-e-type=\"container\" data-settings=\"{&quot;background_background&quot;:&quot;classic&quot;}\">\n\t\t\t\t<div class=\"elementor-element elementor-element-6000f2a elementor-view-default elementor-position-block-start elementor-mobile-position-block-start elementor-widget elementor-widget-icon-box\" data-id=\"6000f2a\" data-element_type=\"widget\" data-e-type=\"widget\" data-widget_type=\"icon-box.default\">\n\t\t\t\t\t\t\t<div class=\"elementor-icon-box-wrapper\">\n\n\t\t\t\t\t\t<div class=\"elementor-icon-box-icon\">\n\t\t\t\t<span  class=\"elementor-icon\">\n\t\t\t\t<svg aria-hidden=\"true\" class=\"e-font-icon-svg e-fas-percent\" viewbox=\"0 0 448 512\" xmlns=\"http:\/\/www.w3.org\/2000\/svg\"><path d=\"M112 224c61.9 0 112-50.1 112-112S173.9 0 112 0 0 50.1 0 112s50.1 112 112 112zm0-160c26.5 0 48 21.5 48 48s-21.5 48-48 48-48-21.5-48-48 21.5-48 48-48zm224 224c-61.9 0-112 50.1-112 112s50.1 112 112 112 112-50.1 112-112-50.1-112-112-112zm0 160c-26.5 0-48-21.5-48-48s21.5-48 48-48 48 21.5 48 48-21.5 48-48 48zM392.3.2l31.6-.1c19.4-.1 30.9 21.8 19.7 37.8L77.4 501.6a23.95 23.95 0 0 1-19.6 10.2l-33.4.1c-19.5 0-30.9-21.9-19.7-37.8l368-463.7C377.2 4 384.5.2 392.3.2z\"><\/path><\/svg>\t\t\t\t<\/span>\n\t\t\t<\/div>\n\t\t\t\n\t\t\t\t\t\t<div class=\"elementor-icon-box-content\">\n\n\t\t\t\t\t\t\t\t\t<h3 class=\"elementor-icon-box-title\">\n\t\t\t\t\t\t<span  >\n\t\t\t\t\t\t\tSconto 10%\t\t\t\t\t\t<\/span>\n\t\t\t\t\t<\/h3>\n\t\t\t\t\n\t\t\t\t\t\t\t\t\t<p class=\"elementor-icon-box-description\">\n\t\t\t\t\t\tOgni membro del club riceve uno sconto su tutti i prodotti del negozio online.\t\t\t\t\t<\/p>\n\t\t\t\t\n\t\t\t<\/div>\n\t\t\t\n\t\t<\/div>\n\t\t\t\t\t\t<\/div>\n\t\t\t\t<div class=\"elementor-element elementor-element-938d4a4 elementor-widget__width-auto elementor-widget elementor-widget-heading\" data-id=\"938d4a4\" data-element_type=\"widget\" data-e-type=\"widget\" data-widget_type=\"heading.default\">\n\t\t\t\t\t<h2 class=\"elementor-heading-title elementor-size-default\">Per entrare a far parte del DEFENDGEAR TACTICAL CLUB, compilare il modulo di contatto.<\/h2>\t\t\t\t<\/div>\n\t\t\t\t<\/div>\n\t\t<div class=\"elementor-element elementor-element-5699169 e-flex e-con-boxed wpr-particle-no wpr-jarallax-no wpr-parallax-no wpr-sticky-section-no e-con e-parent\" data-id=\"5699169\" data-element_type=\"container\" data-e-type=\"container\">\n\t\t\t\t\t<div class=\"e-con-inner\">\n\t\t\t\t<div class=\"elementor-element elementor-element-052d7ca elementor-widget elementor-widget-shortcode\" data-id=\"052d7ca\" data-element_type=\"widget\" data-e-type=\"widget\" data-widget_type=\"shortcode.default\">\n\t\t\t\t\t\t\t<div class=\"elementor-shortcode\"><div class=\"forminator-ui forminator-custom-form forminator-custom-form-29476 forminator-design--material  forminator_ajax\" data-forminator-render=\"0\" data-form=\"forminator-module-29476\" data-uid=\"69d7faf3790b1\"><br\/><\/div><form\n\t\t\t\tid=\"forminator-module-29476\"\n\t\t\t\tclass=\"forminator-ui forminator-custom-form forminator-custom-form-29476 forminator-design--material  forminator_ajax\"\n\t\t\t\tmethod=\"post\"\n\t\t\t\tdata-forminator-render=\"0\"\n\t\t\t\tdata-form-id=\"29476\"\n\t\t\t\tenctype=\"multipart\/form-data\" data-color-option=\"default\" data-design=\"material\" data-grid=\"open\" style=\"display: none;\"\n\t\t\t\tdata-uid=\"69d7faf3790b1\" action=\"\"\n\t\t\t><div role=\"alert\" aria-live=\"polite\" class=\"forminator-response-message forminator-error\" aria-hidden=\"true\"><\/div><div class=\"forminator-row\"><div id=\"name-1\" class=\"forminator-field-name forminator-col forminator-col-6\"><div class=\"forminator-field\"><label for=\"forminator-field-name-1_69d7faf3790b1\" id=\"forminator-field-name-1_69d7faf3790b1-label\" class=\"forminator-label\">Cognome, nome <span class=\"forminator-required\">*<\/span><\/label><input type=\"text\" name=\"name-1\" value=\"\" placeholder=\"\" id=\"forminator-field-name-1_69d7faf3790b1\" class=\"forminator-input forminator-name--field\" aria-required=\"true\" autocomplete=\"name\" \/><\/div><\/div><div id=\"date-1\" class=\"forminator-field-date forminator-col forminator-col-6\"><div class=\"forminator-field\"><label for=\"forminator-field-date-1-picker_69d7faf3790b1\" id=\"forminator-field-date-1-picker_69d7faf3790b1-label\" class=\"forminator-label\">Data di nascita <span class=\"forminator-required\">*<\/span><\/label><div class=\"forminator-input-with-icon\"><span class=\"forminator-icon-calendar\" aria-hidden=\"true\"><\/span><input autocomplete=\"off\" type=\"text\" size=\"1\" name=\"date-1\" value=\"\" placeholder=\"Selezionare la data\" id=\"forminator-field-date-1-picker_69d7faf3790b1\" class=\"forminator-input forminator-datepicker\" data-required=\"1\" data-format=\"mm\/dd\/yy\" data-restrict-type=\"\" data-restrict=\"\" data-start-year=\"1926\" data-end-year=\"2126\" data-past-dates=\"enable\" data-start-of-week=\"1\" data-start-date=\"\" data-end-date=\"\" data-start-field=\"\" data-end-field=\"\" data-start-offset=\"\" data-end-offset=\"\" data-disable-date=\"\" data-disable-range=\"\" \/><\/div><\/div><\/div><\/div><div class=\"forminator-row\"><div id=\"text-1\" class=\"forminator-field-text forminator-col forminator-col-6\"><div class=\"forminator-field\"><label for=\"forminator-field-text-1_69d7faf3790b1\" id=\"forminator-field-text-1_69d7faf3790b1-label\" class=\"forminator-label\">Indirizzo <span class=\"forminator-required\">*<\/span><\/label><input type=\"text\" name=\"text-1\" value=\"\" placeholder=\"\" id=\"forminator-field-text-1_69d7faf3790b1\" class=\"forminator-input forminator-name--field\" data-required=\"1\" \/><\/div><\/div><div id=\"text-2\" class=\"forminator-field-text forminator-col forminator-col-6\"><div class=\"forminator-field\"><label for=\"forminator-field-text-2_69d7faf3790b1\" id=\"forminator-field-text-2_69d7faf3790b1-label\" class=\"forminator-label\">Codice postale \/ Citt\u00e0 <span class=\"forminator-required\">*<\/span><\/label><input type=\"text\" name=\"text-2\" value=\"\" placeholder=\"\" id=\"forminator-field-text-2_69d7faf3790b1\" class=\"forminator-input forminator-name--field\" data-required=\"1\" \/><\/div><\/div><\/div><div class=\"forminator-row\"><div id=\"phone-1\" class=\"forminator-field-phone forminator-col forminator-col-6\"><div class=\"forminator-field\"><label for=\"forminator-field-phone-1_69d7faf3790b1\" id=\"forminator-field-phone-1_69d7faf3790b1-label\" class=\"forminator-label\">Numero di telefono <span class=\"forminator-required\">*<\/span><\/label><input type=\"text\" name=\"phone-1\" value=\"\" placeholder=\"\" id=\"forminator-field-phone-1_69d7faf3790b1\" class=\"forminator-input forminator-field--phone\" data-required=\"1\" aria-required=\"true\" autocomplete=\"off\" \/><\/div><\/div><div id=\"email-1\" class=\"forminator-field-email forminator-col forminator-col-6\"><div class=\"forminator-field\"><label for=\"forminator-field-email-1_69d7faf3790b1\" id=\"forminator-field-email-1_69d7faf3790b1-label\" class=\"forminator-label\">Indirizzo e-mail <span class=\"forminator-required\">*<\/span><\/label><input type=\"email\" name=\"email-1\" value=\"\" placeholder=\"\" id=\"forminator-field-email-1_69d7faf3790b1\" class=\"forminator-input forminator-email--field\" data-required=\"true\" aria-required=\"true\" autocomplete=\"email\" \/><\/div><\/div><\/div><div class=\"forminator-row\"><div id=\"html-1\" class=\"forminator-field-html forminator-col forminator-col-6\"><div class=\"forminator-field forminator-merge-tags\" data-field=\"html-1\"><p><strong>Estratto del casellario giudiziale (non pi\u00f9 vecchio di 3 mesi) o licenza di acquisizione di armi \/ permesso di porto d'armi (non pi\u00f9 vecchio di 2 anni)<\/strong><\/p><\/div><\/div><div id=\"upload-1\" class=\"forminator-field-upload forminator-col forminator-col-6\"><div class=\"forminator-field\"><label for=\"forminator-field-upload-1_69d7faf3790b1\" id=\"forminator-field-upload-1_69d7faf3790b1-label\" class=\"forminator-label\">Caricare il file <span class=\"forminator-required\">*<\/span><\/label><div class=\"forminator-file-upload\" data-element=\"upload-1_69d7faf3790b1\"><input type=\"file\" name=\"upload-1\" id=\"forminator-field-upload-1_69d7faf3790b1\" class=\"forminator-input-file-required do-validate\" accept=\".avif,.heif,.heics,.heifs,.svgz,.woff,.woff2,.ttf,.eot,.jpg,.jpeg,.jpe,.png,.pdf\" tabindex=\"-1\"><button id=\"forminator-field-upload-1_69d7faf3790b1_button\" class=\"forminator-button forminator-button-upload\" data-id=\"forminator-field-upload-1_69d7faf3790b1\">Choose File<\/button><span data-empty-text=\"No file chosen\">No file chosen<\/span><button class=\"forminator-button-delete\" style=\"display: none;\"><i class=\"forminator-icon-close\" aria-hidden=\"true\"><\/i><span class=\"forminator-screen-reader-only\">Delete uploaded file<\/span><\/button><\/div><\/div><\/div><\/div><div class=\"forminator-row\"><div id=\"html-2\" class=\"forminator-field-html forminator-col forminator-col-6\"><div class=\"forminator-field forminator-merge-tags\" data-field=\"html-2\"><p><strong>Carta d'identit\u00e0 valida \/ documento d'identit\u00e0 \/ passaporto \/ carta d'identit\u00e0 per stranieri<\/strong><\/p><\/div><\/div><div id=\"upload-2\" class=\"forminator-field-upload forminator-col forminator-col-6\"><div class=\"forminator-field\"><label for=\"forminator-field-upload-2_69d7faf3790b1\" id=\"forminator-field-upload-2_69d7faf3790b1-label\" class=\"forminator-label\">Caricare il file <span class=\"forminator-required\">*<\/span><\/label><div class=\"forminator-file-upload\" data-element=\"upload-2_69d7faf3790b1\"><input type=\"file\" name=\"upload-2\" id=\"forminator-field-upload-2_69d7faf3790b1\" class=\"forminator-input-file-required do-validate\" accept=\".avif,.heif,.heics,.heifs,.svgz,.woff,.woff2,.ttf,.eot,.png,.jpg,.jpeg,.jpe,.pdf\" tabindex=\"-1\"><button id=\"forminator-field-upload-2_69d7faf3790b1_button\" class=\"forminator-button forminator-button-upload\" data-id=\"forminator-field-upload-2_69d7faf3790b1\">Choose File<\/button><span data-empty-text=\"No file chosen\">No file chosen<\/span><button class=\"forminator-button-delete\" style=\"display: none;\"><i class=\"forminator-icon-close\" aria-hidden=\"true\"><\/i><span class=\"forminator-screen-reader-only\">Delete uploaded file<\/span><\/button><\/div><\/div><\/div><\/div><div class=\"forminator-row\"><div id=\"html-3\" class=\"forminator-field-html forminator-col forminator-col-12\"><div class=\"forminator-field forminator-merge-tags\" data-field=\"html-3\"><p><strong>Nota:<\/strong> Si prega di allegare solo uno dei primi due documenti - estratto del casellario giudiziario OPPURE<br>Licenza di acquisizione di armi\/permesso di porto d'armi.<\/p><\/div><\/div><\/div><div class=\"forminator-row\"><div id=\"consent-1\" class=\"forminator-field-consent forminator-col forminator-col-12\"><div class=\"forminator-field\"><div class=\"forminator-checkbox__wrapper\"><label id=\"forminator-field-consent-1_69d7faf3790b1__label\" class=\"forminator-checkbox forminator-consent\" aria-labelledby=\"forminator-field-consent-1_69d7faf3790b1-label\"><input type=\"checkbox\" name=\"consent-1\" id=\"forminator-field-consent-1_69d7faf3790b1\" value=\"checked\" aria-labelledby=\"forminator-field-consent-1_69d7faf3790b1-label\" aria-describedby=\"forminator-field-consent-1_69d7faf3790b1__description\" data-required=\"true\" aria-required=\"true\" \/><span class=\"forminator-checkbox-box\" aria-hidden=\"true\"><\/span><\/label><div id=\"forminator-field-consent-1_69d7faf3790b1__description\" class=\"forminator-checkbox__label forminator-consent__label\"><p>S\u00ec, sono d'accordo con il <a href=\"https:\/\/defendgear.ch\/it\/protezione-dei-dati\/\">Informativa sulla privacy<\/a> e il <a href=\"https:\/\/defendgear.ch\/it\/agb\/\">Termini e condizioni generali<\/a> e acconsentire all'uso della foto.<\/p><\/div><\/div><\/div><\/div><\/div><input type=\"hidden\" name=\"referer_url\" value=\"\" \/><div class=\"forminator-row forminator-row-last\"><div class=\"forminator-col\"><div class=\"forminator-field\"><button class=\"forminator-button forminator-button-submit\"><span>Inviare la domanda di adesione<\/span><span aria-hidden=\"true\"><\/span><\/button><\/div><\/div><\/div><input type=\"hidden\" id=\"forminator_nonce\" name=\"forminator_nonce\" value=\"460da588d8\" \/><input type=\"hidden\" name=\"_wp_http_referer\" value=\"\/it\/wp-json\/wp\/v2\/pages\/29453\" \/><input type=\"hidden\" name=\"form_id\" value=\"29476\"><input type=\"hidden\" name=\"page_id\" value=\"29453\"><input type=\"hidden\" name=\"form_type\" value=\"default\"><input type=\"hidden\" name=\"current_url\" value=\"https:\/\/defendgear.ch\/it\/club_tattico\/\"><input type=\"hidden\" name=\"render_id\" value=\"0\"><input type=\"hidden\" name=\"action\" value=\"forminator_submit_form_custom-forms\"><input type=\"hidden\" name=\"trp-form-language\" value=\"it\"\/><\/form><\/div>\n\t\t\t\t\t\t<\/div>\n\t\t\t\t<div class=\"elementor-element elementor-element-e872fa1 color-scheme-inherit text-left elementor-widget elementor-widget-text-editor\" data-id=\"e872fa1\" data-element_type=\"widget\" data-e-type=\"widget\" data-widget_type=\"text-editor.default\">\n\t\t\t\t\t\t\t\t\t<p><strong>FORTIVEX GmbH<\/strong><\/p><p>Brandstrasse 24<\/p><p>8952 Schlieren<\/p><p><a href=\"mailto:office@defendgear.ch\">office@defendgear.ch<\/a><\/p>\t\t\t\t\t\t\t\t<\/div>\n\t\t\t\t\t<\/div>\n\t\t\t\t<\/div>\n\t\t<div class=\"wd-negative-gap elementor-element elementor-element-c98a48c e-flex e-con-boxed wpr-particle-no wpr-jarallax-no wpr-parallax-no wpr-sticky-section-no e-con e-parent\" data-id=\"c98a48c\" data-element_type=\"container\" data-e-type=\"container\">\n\t\t\t\t\t<div class=\"e-con-inner\">\n\t\t\t\t\t<\/div>\n\t\t\t\t<\/div>\n\t\t\t\t<\/div>","protected":false},"excerpt":{"rendered":"<p>Mitgliedsantrag \u2013 Werde Teil der taktischen Elite Du willst mehr als nur reden \u2014 du willst handeln, trainieren und zur<\/p>","protected":false},"author":1,"featured_media":0,"parent":0,"menu_order":0,"comment_status":"closed","ping_status":"closed","template":"","meta":{"footnotes":""},"class_list":["post-29453","page","type-page","status-publish","hentry"],"_links":{"self":[{"href":"https:\/\/defendgear.ch\/it\/wp-json\/wp\/v2\/pages\/29453","targetHints":{"allow":["GET"]}}],"collection":[{"href":"https:\/\/defendgear.ch\/it\/wp-json\/wp\/v2\/pages"}],"about":[{"href":"https:\/\/defendgear.ch\/it\/wp-json\/wp\/v2\/types\/page"}],"author":[{"embeddable":true,"href":"https:\/\/defendgear.ch\/it\/wp-json\/wp\/v2\/users\/1"}],"replies":[{"embeddable":true,"href":"https:\/\/defendgear.ch\/it\/wp-json\/wp\/v2\/comments?post=29453"}],"version-history":[{"count":10,"href":"https:\/\/defendgear.ch\/it\/wp-json\/wp\/v2\/pages\/29453\/revisions"}],"predecessor-version":[{"id":30430,"href":"https:\/\/defendgear.ch\/it\/wp-json\/wp\/v2\/pages\/29453\/revisions\/30430"}],"wp:attachment":[{"href":"https:\/\/defendgear.ch\/it\/wp-json\/wp\/v2\/media?parent=29453"}],"curies":[{"name":"wp","href":"https:\/\/api.w.org\/{rel}","templated":true}]}}