{"id":29404,"date":"2025-10-27T11:20:07","date_gmt":"2025-10-27T10:20:07","guid":{"rendered":"https:\/\/defendgear.ch\/?post_type=product&#038;p=29404"},"modified":"2026-02-04T12:22:16","modified_gmt":"2026-02-04T11:22:16","slug":"set-di-cinture-alissos-con-accessori-coyote","status":"publish","type":"product","link":"https:\/\/defendgear.ch\/it\/set-di-cinture-alissos-con-accessori-coyote\/","title":{"rendered":"Set di cinture ALISSOS con accessori COYOTE"},"content":{"rendered":"<p>La cintura Pentagon\u00ae ALISSOS \u00e8 un sistema di cinture tattico e outdoor versatile che combina perfettamente funzionalit\u00e0, comfort e design sofisticato.<\/p>\n<p>Grazie alle numerose tasche modulari e ai materiali di alta qualit\u00e0, questa cintura \u00e8 ideale per l'escursionismo, gli sport di tiro, le avventure all'aperto o l'uso tattico.<\/p>\n<p>Il set comprende una tasca frontale, una tasca posteriore, una tasca per la bottiglia e una tasca imbottita per gli occhiali, in modo da avere sempre l'attrezzatura organizzata e a portata di mano. Grazie alla lunghezza regolabile fino alla 5XL e alla fodera interna antisudore, la cintura ALISSOS offre il massimo comfort anche nelle missioni pi\u00f9 lunghe.<\/p>\n<h2>Caratteristiche e vantaggi:<\/h2>\n<ul>\n<li>Tasca frontale universale: con passante stretto, tasca laterale con cerniera e scomparto principale con organizer<\/li>\n<li>Ampia tasca posteriore: due scomparti interni + coulisse elastica per l'attrezzatura aggiuntiva<\/li>\n<li>Tasca portabottiglie staccabile: con coulisse (adatta a bottiglie fino a 19 cm di altezza)<\/li>\n<li>Borsa imbottita per occhiali\/elettronica: con morbida fodera in pile per proteggere i dispositivi pi\u00f9 delicati.<\/li>\n<li>Regolabile fino a 5XL - si adatta a qualsiasi corporatura<\/li>\n<li>Fodera traspirante e traspirante per un comfort ottimale<\/li>\n<li>Materiali di alta qualit\u00e0: cerniere YKK\u00ae e fibbie Duraflex\u00ae UTX\u00ae.<\/li>\n<li>Robusto poliestere ripstop 210T - resistente e durevole<\/li>\n<\/ul>\n<h2>Dati tecnici:<\/h2>\n<ul>\n<li>Materiale: 210T poliestere ripstop<\/li>\n<li>Tasca anteriore: 17 \u00d7 14,3 cm<\/li>\n<li>Tasca posteriore: 18 \u00d7 14,3 cm<\/li>\n<li>Portabottiglie: 19 \u00d7 12 cm<\/li>\n<li>Tasca per occhiali: 18 \u00d7 9 cm<\/li>\n<li>Colore: Coyote<\/li>\n<\/ul>\n<h2>Ideale per:<\/h2>\n<ul>\n<li>Escursioni all'aperto e a piedi<\/li>\n<li>Sport di tiro e Airsoft<\/li>\n<li>Operazioni tattiche e sicurezza<\/li>\n<li>Vita quotidiana e tempo libero<\/li>\n<\/ul>\n<p>La cintura Pentagon\u00ae ALISSOS \u00e8 la combinazione perfetta di funzionalit\u00e0, comfort e stile tattico, ideale per chiunque voglia trasportare il proprio equipaggiamento in modo efficiente e sicuro.<\/p>","protected":false},"excerpt":{"rendered":"<p>Der Pentagon\u00ae ALISSOS G\u00fcrtel ist ein vielseitiges Taktik- und Outdoor-G\u00fcrtelsystem, das Funktionalit\u00e4t, Komfort und durchdachtes Design perfekt kombiniert. Mit mehreren<\/p>","protected":false},"featured_media":29405,"comment_status":"open","ping_status":"closed","template":"","meta":[],"product_brand":[112],"product_cat":[86],"product_tag":[],"class_list":{"0":"post-29404","1":"product","2":"type-product","3":"status-publish","4":"has-post-thumbnail","6":"product_brand-pentagon","7":"product_cat-guertel","9":"first","10":"outofstock","11":"taxable","12":"shipping-taxable","13":"purchasable","14":"product-type-simple"},"_links":{"self":[{"href":"https:\/\/defendgear.ch\/it\/wp-json\/wp\/v2\/product\/29404","targetHints":{"allow":["GET"]}}],"collection":[{"href":"https:\/\/defendgear.ch\/it\/wp-json\/wp\/v2\/product"}],"about":[{"href":"https:\/\/defendgear.ch\/it\/wp-json\/wp\/v2\/types\/product"}],"replies":[{"embeddable":true,"href":"https:\/\/defendgear.ch\/it\/wp-json\/wp\/v2\/comments?post=29404"}],"version-history":[{"count":1,"href":"https:\/\/defendgear.ch\/it\/wp-json\/wp\/v2\/product\/29404\/revisions"}],"predecessor-version":[{"id":29406,"href":"https:\/\/defendgear.ch\/it\/wp-json\/wp\/v2\/product\/29404\/revisions\/29406"}],"wp:featuredmedia":[{"embeddable":true,"href":"https:\/\/defendgear.ch\/it\/wp-json\/wp\/v2\/media\/29405"}],"wp:attachment":[{"href":"https:\/\/defendgear.ch\/it\/wp-json\/wp\/v2\/media?parent=29404"}],"wp:term":[{"taxonomy":"product_brand","embeddable":true,"href":"https:\/\/defendgear.ch\/it\/wp-json\/wp\/v2\/product_brand?post=29404"},{"taxonomy":"product_cat","embeddable":true,"href":"https:\/\/defendgear.ch\/it\/wp-json\/wp\/v2\/product_cat?post=29404"},{"taxonomy":"product_tag","embeddable":true,"href":"https:\/\/defendgear.ch\/it\/wp-json\/wp\/v2\/product_tag?post=29404"}],"curies":[{"name":"wp","href":"https:\/\/api.w.org\/{rel}","templated":true}]}}