{"id":29409,"date":"2025-10-27T11:25:20","date_gmt":"2025-10-27T10:25:20","guid":{"rendered":"https:\/\/defendgear.ch\/?post_type=product&#038;p=29409"},"modified":"2026-03-22T16:33:41","modified_gmt":"2026-03-22T15:33:41","slug":"set-di-cinture-alissos-con-accessori-nero","status":"publish","type":"product","link":"https:\/\/defendgear.ch\/it\/set-di-cinture-alissos-con-accessori-nero\/","title":{"rendered":"Set di cinture ALISSOS con accessori - Nero"},"content":{"rendered":"<p>La cintura Pentagon\u00ae ALISSOS \u00e8 un set di cinture tattiche che combina perfettamente funzionalit\u00e0, comfort e organizzazione.<\/p>\n<p>Grazie alle numerose tasche sapientemente posizionate, offre tutto ci\u00f2 di cui si ha bisogno in viaggio, sia per le avventure all'aperto, sia per gli sport di tiro o per l'uso quotidiano.<\/p>\n<p>Il set comprende una tasca frontale, una tasca posteriore, una tasca per la bottiglia e una tasca imbottita per occhiali ed elettronica.<\/p>\n<p>Tutte le borse sono dotate di cerniere YKK\u00ae di alta qualit\u00e0 e fibbie Duraflex\u00ae UTX\u00ae, che garantiscono la massima durata.<\/p>\n<p>Grazie alla lunghezza regolabile fino alla 5XL e alla fodera interna antisudore, la cintura \u00e8 comoda e sicura anche nelle uscite pi\u00f9 lunghe.<\/p>\n<h2>Caratteristiche e vantaggi:<\/h2>\n<ul>\n<li>Tasca frontale universale: con passante per il fissaggio dell'attrezzatura, tasca laterale con cerniera e scomparto principale con organizer<\/li>\n<li>Ampia tasca posteriore: due scomparti e allacciatura elastica per fissare l'attrezzatura.<\/li>\n<li>Tasca portabottiglie staccabile: con coulisse e tappo - adatta a bottiglie fino a 19 cm di altezza<\/li>\n<li>Borsa morbida per occhiali\/elettronica: con fodera in pile per proteggere i dispositivi pi\u00f9 delicati.<\/li>\n<li>Regolabile fino a 5XL - massima flessibilit\u00e0 per ogni corporatura<\/li>\n<li>Fodera traspirante e antisudore per un elevato comfort di vestibilit\u00e0<\/li>\n<li>Componenti di alta qualit\u00e0: cerniere YKK\u00ae e fibbie Duraflex\u00ae UTX\u00ae.<\/li>\n<li>Materiale resistente: 210T poliestere ripstop<\/li>\n<\/ul>\n<h2>Dati tecnici:<\/h2>\n<ul>\n<li>Materiale: 210T poliestere ripstop<\/li>\n<li>Tasca anteriore: 17 \u00d7 14,3 cm<\/li>\n<li>Tasca posteriore: 18 \u00d7 14,3 cm<\/li>\n<li>Portabottiglie: 19 \u00d7 12 cm<\/li>\n<li>Tasca per occhiali: 18 \u00d7 9 cm<\/li>\n<li>Colore: nero<\/li>\n<\/ul>\n<h2>Ideale per:<\/h2>\n<ul>\n<li>Outdoor &amp; Bushcraft<\/li>\n<li>Sport di tiro e Airsoft<\/li>\n<li>Servizio di sicurezza o di emergenza<\/li>\n<li>Vita quotidiana e tempo libero<\/li>\n<\/ul>\n<p>La cintura Pentagon\u00ae ALISSOS in nero \u00e8 il compagno ideale per chi cerca organizzazione, robustezza e comfort in un sistema pratico, perfetto per ogni missione, ogni allenamento e ogni avventura.<\/p>","protected":false},"excerpt":{"rendered":"<p>Der Pentagon\u00ae ALISSOS G\u00fcrtel ist ein taktisches G\u00fcrtelset, das Funktionalit\u00e4t, Komfort und Organisation perfekt kombiniert. Mit mehreren clever platzierten Taschen<\/p>","protected":false},"featured_media":29411,"comment_status":"open","ping_status":"closed","template":"","meta":[],"product_brand":[],"product_cat":[86],"product_tag":[],"class_list":{"0":"post-29409","1":"product","2":"type-product","3":"status-publish","4":"has-post-thumbnail","6":"product_cat-guertel","8":"first","9":"outofstock","10":"taxable","11":"shipping-taxable","12":"purchasable","13":"product-type-simple"},"_links":{"self":[{"href":"https:\/\/defendgear.ch\/it\/wp-json\/wp\/v2\/product\/29409","targetHints":{"allow":["GET"]}}],"collection":[{"href":"https:\/\/defendgear.ch\/it\/wp-json\/wp\/v2\/product"}],"about":[{"href":"https:\/\/defendgear.ch\/it\/wp-json\/wp\/v2\/types\/product"}],"replies":[{"embeddable":true,"href":"https:\/\/defendgear.ch\/it\/wp-json\/wp\/v2\/comments?post=29409"}],"version-history":[{"count":2,"href":"https:\/\/defendgear.ch\/it\/wp-json\/wp\/v2\/product\/29409\/revisions"}],"predecessor-version":[{"id":30255,"href":"https:\/\/defendgear.ch\/it\/wp-json\/wp\/v2\/product\/29409\/revisions\/30255"}],"wp:featuredmedia":[{"embeddable":true,"href":"https:\/\/defendgear.ch\/it\/wp-json\/wp\/v2\/media\/29411"}],"wp:attachment":[{"href":"https:\/\/defendgear.ch\/it\/wp-json\/wp\/v2\/media?parent=29409"}],"wp:term":[{"taxonomy":"product_brand","embeddable":true,"href":"https:\/\/defendgear.ch\/it\/wp-json\/wp\/v2\/product_brand?post=29409"},{"taxonomy":"product_cat","embeddable":true,"href":"https:\/\/defendgear.ch\/it\/wp-json\/wp\/v2\/product_cat?post=29409"},{"taxonomy":"product_tag","embeddable":true,"href":"https:\/\/defendgear.ch\/it\/wp-json\/wp\/v2\/product_tag?post=29409"}],"curies":[{"name":"wp","href":"https:\/\/api.w.org\/{rel}","templated":true}]}}