{"id":29521,"date":"2025-11-04T12:50:08","date_gmt":"2025-11-04T11:50:08","guid":{"rendered":"https:\/\/defendgear.ch\/?post_type=product&#038;p=29521"},"modified":"2026-03-30T11:57:49","modified_gmt":"2026-03-30T09:57:49","slug":"defcon-5-thunder-vest-carrier-od-green","status":"publish","type":"product","link":"https:\/\/defendgear.ch\/it\/defcon-5-thunder-vest-carrier-od-green\/","title":{"rendered":"Defcon 5 Thunder Vest Carrier, verde OD"},"content":{"rendered":"<p>Il Defcon 5 Thunder Vest Carrier \u00e8 un portapiatti di nuova generazione, sviluppato per garantire la massima funzionalit\u00e0, stabilit\u00e0 e comfort d'uso.<\/p>\n<p>Realizzato in poliestere 900D ad alta resistenza con cuciture rinforzate, questo gilet offre un'estrema resistenza e longevit\u00e0, anche sotto carichi elevati.<\/p>\n<p>Il sistema di imbottitura interna su petto, schiena e spalle garantisce un comfort ottimale e un'eccellente traspirazione, anche in caso di utilizzo prolungato o in condizioni di caldo.<\/p>\n<p>La taglia \u00e8 regolabile individualmente: le chiusure in velcro sulle spalle e la coulisse elastica sul retro consentono di regolare il gilet in modo rapido e sicuro.<\/p>\n<p>Le piastre balistiche possono essere inserite nelle tasche integrate (non incluse).<\/p>\n<p>La parte anteriore \u00e8 dotata di un pannello MOLLE rimovibile con clip Duraflex e chiusura in velcro. Ci\u00f2 consente di collegare individualmente diverse borse tattiche o pannelli modulari e di scegliere la configurazione giusta a seconda della situazione.<\/p>\n<p><strong>Propriet\u00e0:<\/strong><\/p>\n<ul>\n<li>Materiale: poliestere 900D - estremamente robusto e resistente all'abrasione<\/li>\n<li>Cuciture rinforzate per la massima durata<\/li>\n<li>Imbottitura interna: petto, schiena, spalle - confortevole e traspirante<\/li>\n<li>Regolazione della taglia: velcro sulle spalle e sistema di tensione dorsale elasticizzato<\/li>\n<li>Compatibile con piastre balistiche (non incluse)<\/li>\n<li>Pannello MOLLE rimovibile con clip Duraflex e velcro<\/li>\n<li>Aggiornabile in modo modulare - \u00e8 possibile combinare diversi pannelli<\/li>\n<li>Peso: 1,0 kg<\/li>\n<li>Colore: verde OD<\/li>\n<\/ul>\n<p><strong>Vantaggi:<\/strong><\/p>\n<ul>\n<li>Portapiatti di alta qualit\u00e0 per uso professionale<\/li>\n<li>Ergonomico e personalizzabile<\/li>\n<li>Elevato comfort di calzata grazie all'imbottitura traspirante<\/li>\n<li>Sistema MOLLE per l'espansione modulare<\/li>\n<li>Ideale per airsoft, sicurezza\/autorit\u00e0, sport di tiro e allenamento tattico<\/li>\n<\/ul>\n<div id=\"gtx-trans\" style=\"position: absolute;left: -9px;top: 47.8px\">\n<div class=\"gtx-trans-icon\"><\/div>\n<\/div>","protected":false},"excerpt":{"rendered":"<p>Der Defcon 5 Thunder Vest Carrier ist ein Plattentr\u00e4ger der neuen Generation, entwickelt f\u00fcr maximale Funktionalit\u00e4t, Stabilit\u00e4t und Komfort im<\/p>","protected":false},"featured_media":29522,"comment_status":"open","ping_status":"closed","template":"","meta":[],"product_brand":[114],"product_cat":[75],"product_tag":[],"class_list":{"0":"post-29521","1":"product","2":"type-product","3":"status-publish","4":"has-post-thumbnail","6":"product_brand-defcon","7":"product_cat-schutz","9":"first","10":"outofstock","11":"taxable","12":"shipping-taxable","13":"purchasable","14":"product-type-simple"},"_links":{"self":[{"href":"https:\/\/defendgear.ch\/it\/wp-json\/wp\/v2\/product\/29521","targetHints":{"allow":["GET"]}}],"collection":[{"href":"https:\/\/defendgear.ch\/it\/wp-json\/wp\/v2\/product"}],"about":[{"href":"https:\/\/defendgear.ch\/it\/wp-json\/wp\/v2\/types\/product"}],"replies":[{"embeddable":true,"href":"https:\/\/defendgear.ch\/it\/wp-json\/wp\/v2\/comments?post=29521"}],"version-history":[{"count":7,"href":"https:\/\/defendgear.ch\/it\/wp-json\/wp\/v2\/product\/29521\/revisions"}],"predecessor-version":[{"id":29977,"href":"https:\/\/defendgear.ch\/it\/wp-json\/wp\/v2\/product\/29521\/revisions\/29977"}],"wp:featuredmedia":[{"embeddable":true,"href":"https:\/\/defendgear.ch\/it\/wp-json\/wp\/v2\/media\/29522"}],"wp:attachment":[{"href":"https:\/\/defendgear.ch\/it\/wp-json\/wp\/v2\/media?parent=29521"}],"wp:term":[{"taxonomy":"product_brand","embeddable":true,"href":"https:\/\/defendgear.ch\/it\/wp-json\/wp\/v2\/product_brand?post=29521"},{"taxonomy":"product_cat","embeddable":true,"href":"https:\/\/defendgear.ch\/it\/wp-json\/wp\/v2\/product_cat?post=29521"},{"taxonomy":"product_tag","embeddable":true,"href":"https:\/\/defendgear.ch\/it\/wp-json\/wp\/v2\/product_tag?post=29521"}],"curies":[{"name":"wp","href":"https:\/\/api.w.org\/{rel}","templated":true}]}}