{"id":29566,"date":"2025-11-06T18:15:16","date_gmt":"2025-11-06T17:15:16","guid":{"rendered":"https:\/\/defendgear.ch\/?post_type=product&#038;p=29566"},"modified":"2026-03-30T11:54:03","modified_gmt":"2026-03-30T09:54:03","slug":"pepper-box-gigant-400-ml-professional-mist","status":"publish","type":"product","link":"https:\/\/defendgear.ch\/it\/pepper-box-gigant-400-ml-professional-mist\/","title":{"rendered":"Gigant 400 ml Professional - nebbia (fusibile flip-top)"},"content":{"rendered":"<p data-path-to-node=\"1\">Gigant 400 ml Professional (fog) \u00e8 un potente spray repellente per animali di grande capacit\u00e0, progettato per garantire la massima capacit\u00e0 e portata. Dotato di un getto a forma di cono, questo modello offre una barriera a lungo raggio. Una speciale valvola a getto largo massimizza la portata, mentre il design ergonomico dell'impugnatura consente un utilizzo sicuro con una sola mano: l'ideale per la protezione professionale delle propriet\u00e0 e la protezione delle aree dagli animali selvatici.<\/p>\n<p data-path-to-node=\"2\">La chiusura a molla del coperchio flip-top di alta qualit\u00e0 impedisce in modo affidabile il rilascio involontario: Il coperchio si solleva con il pollice per premere il pulsante e si chiude automaticamente.<\/p>\n<p data-path-to-node=\"3\"><b>Particolarmente adatto per<\/b> Servizi di sicurezza (protezione della propriet\u00e0), lavoratori forestali, guardiacaccia e per la protezione di grandi propriet\u00e0.<\/p>\n<p data-path-to-node=\"4\"><b>Breve descrizione<\/b> Spray professionale da 400 ml per la difesa degli animali con ampio getto nebulizzato, valvola a getto largo e impugnatura ergonomica. Con dispositivo di sicurezza flip-top per un'applicazione rapida e sicura.<\/p>\n<p data-path-to-node=\"5\"><b>Vantaggi del prodotto<\/b><\/p>\n<ul data-path-to-node=\"6\">\n<li>\n<p data-path-to-node=\"6,0,0\">Getto a forma di cono: per un'ampia copertura dell'area e un efficace effetto barriera.<\/p>\n<\/li>\n<li>\n<p data-path-to-node=\"6,1,0\">Valvola a getto largo: assicura il massimo rendimento in breve tempo<\/p>\n<\/li>\n<li>\n<p data-path-to-node=\"6,2,0\">Capacit\u00e0 massima (400 ml): Tempo di funzionamento pi\u00f9 lungo per un uso multiplo<\/p>\n<\/li>\n<li>\n<p data-path-to-node=\"6,3,0\">Ergonomia: design dell'impugnatura ottimizzato per una manipolazione sicura<\/p>\n<\/li>\n<li>\n<p data-path-to-node=\"6,4,0\">Sicurezza: il coperchio a molla ribaltabile impedisce un funzionamento errato<\/p>\n<\/li>\n<\/ul>\n<p data-path-to-node=\"7\"><b>Dati tecnici<\/b><\/p>\n<ul data-path-to-node=\"8\">\n<li>\n<p data-path-to-node=\"8,0,0\">Modello: Gigant Professional - Fog<\/p>\n<\/li>\n<li>\n<p data-path-to-node=\"8,1,0\">Contenuto: 400 ml<\/p>\n<\/li>\n<li>\n<p data-path-to-node=\"8,2,0\">Principio attivo: soluzione OC (repellente per animali)<\/p>\n<\/li>\n<li>\n<p data-path-to-node=\"8,3,0\">Comportamento della nebulizzazione: Nebbia conica \/ spruzzo superficiale<\/p>\n<\/li>\n<li>\n<p data-path-to-node=\"8,4,0\">Dotazione: Dispositivo di sicurezza del coperchio a molla Flip-top, valvola a getto largo<\/p>\n<\/li>\n<li>\n<p data-path-to-node=\"8,5,0\">Applicazione: Utilizzo con una sola mano<\/p>\n<\/li>\n<\/ul>\n<p data-path-to-node=\"9\"><b>Informazioni legali e sulla sicurezza<\/b><\/p>\n<ul data-path-to-node=\"10\">\n<li>\n<p data-path-to-node=\"10,0,0\">Vendita come spray repellente per animali<\/p>\n<\/li>\n<li>\n<p data-path-to-node=\"10,1,0\">Disponibile solo per persone di et\u00e0 superiore ai 18 anni (\u00e8 richiesto il caricamento di un documento di identit\u00e0)<\/p>\n<\/li>\n<li>\n<p data-path-to-node=\"10,2,0\">Non pu\u00f2 essere usato contro le persone (tranne che in situazioni di autodifesa).<\/p>\n<\/li>\n<li>\n<p data-path-to-node=\"10,3,0\">Seguire le istruzioni riportate sul barattolo prima dell'uso<\/p>\n<\/li>\n<li>\n<p data-path-to-node=\"10,4,0\">Non utilizzare in ambienti chiusi (alta concentrazione)<\/p>\n<\/li>\n<li>\n<p data-path-to-node=\"10,5,0\">In caso di contatto con gli occhi\/la pelle, sciacquare immediatamente e consultare un medico.<\/p>\n<\/li>\n<\/ul>","protected":false},"excerpt":{"rendered":"<p>Das Gigant 400 ml Professional (Nebel) ist ein leistungsstarkes Grossraum-Spray zur Tierabwehr, das f\u00fcr maximale Kapazit\u00e4t und Reichweite konzipiert wurde.<\/p>","protected":false},"featured_media":30250,"comment_status":"open","ping_status":"closed","template":"","meta":[],"product_brand":[122],"product_cat":[75],"product_tag":[],"class_list":{"0":"post-29566","1":"product","2":"type-product","3":"status-publish","4":"has-post-thumbnail","6":"product_brand-pepper-box","7":"product_cat-schutz","9":"first","10":"outofstock","11":"sale","12":"taxable","13":"shipping-taxable","14":"purchasable","15":"product-type-simple"},"_links":{"self":[{"href":"https:\/\/defendgear.ch\/it\/wp-json\/wp\/v2\/product\/29566","targetHints":{"allow":["GET"]}}],"collection":[{"href":"https:\/\/defendgear.ch\/it\/wp-json\/wp\/v2\/product"}],"about":[{"href":"https:\/\/defendgear.ch\/it\/wp-json\/wp\/v2\/types\/product"}],"replies":[{"embeddable":true,"href":"https:\/\/defendgear.ch\/it\/wp-json\/wp\/v2\/comments?post=29566"}],"version-history":[{"count":4,"href":"https:\/\/defendgear.ch\/it\/wp-json\/wp\/v2\/product\/29566\/revisions"}],"predecessor-version":[{"id":30860,"href":"https:\/\/defendgear.ch\/it\/wp-json\/wp\/v2\/product\/29566\/revisions\/30860"}],"wp:featuredmedia":[{"embeddable":true,"href":"https:\/\/defendgear.ch\/it\/wp-json\/wp\/v2\/media\/30250"}],"wp:attachment":[{"href":"https:\/\/defendgear.ch\/it\/wp-json\/wp\/v2\/media?parent=29566"}],"wp:term":[{"taxonomy":"product_brand","embeddable":true,"href":"https:\/\/defendgear.ch\/it\/wp-json\/wp\/v2\/product_brand?post=29566"},{"taxonomy":"product_cat","embeddable":true,"href":"https:\/\/defendgear.ch\/it\/wp-json\/wp\/v2\/product_cat?post=29566"},{"taxonomy":"product_tag","embeddable":true,"href":"https:\/\/defendgear.ch\/it\/wp-json\/wp\/v2\/product_tag?post=29566"}],"curies":[{"name":"wp","href":"https:\/\/api.w.org\/{rel}","templated":true}]}}