{"id":29589,"date":"2025-11-05T13:58:27","date_gmt":"2025-11-05T12:58:27","guid":{"rendered":"https:\/\/defendgear.ch\/?post_type=product&#038;p=29589"},"modified":"2026-02-06T11:30:22","modified_gmt":"2026-02-06T10:30:22","slug":"mil-tec-first-aid-kit-set-pro-25-leina-dark-coyote","status":"publish","type":"product","link":"https:\/\/defendgear.ch\/it\/mil-tec-first-aid-kit-set-pro-25-leina-dark-coyote\/","title":{"rendered":"MIL-TEC\u00ae First Aid Kit Set PRO 25 \u201eLeina\u201c Dark Coyote - kit di pronto soccorso tattico per uso professionale"},"content":{"rendered":"<p>Das MIL-TEC\u00ae Leina Pro 25-tlg. First Aid Set in der Farbe Dark Coyote bietet eine umfassende Erste-Hilfe-Ausstattung f\u00fcr Einsatzkr\u00e4fte, Outdoor-Enthusiasten und Sicherheitsdienste. Dank seiner kompakten Bauweise und dem modularen MOLLE-System ist das Set \u00fcberall dort einsatzbereit, wo Schnelligkeit und Organisation entscheidend sind.<\/p>\n<p><strong>Punti salienti<\/strong><\/p>\n<ul>\n<li>25-teiliges Erste-Hilfe-Set mit allen wichtigen Bestandteilen f\u00fcr Notf\u00e4lle<\/li>\n<li>MOLLE-Aufnahmesystem an der Vorderseite zur Befestigung an taktischer Ausr\u00fcstung, Westen oder Rucks\u00e4cken<\/li>\n<li>Klettfl\u00e4che (VELCRO) f\u00fcr individuelle Patches oder Kennzeichnungen<\/li>\n<li>Fixierungssystem auf der R\u00fcckseite mit MOLLE-Schlaufen und Druckkn\u00f6pfen \u2013 vielseitig montierbar<\/li>\n<li>Robuste Tasche aus 100 % Polyester, widerstandsf\u00e4hig, wetterfest und langlebig<\/li>\n<li>Farbe: Dark Coyote \u2013 ideal f\u00fcr taktische Umgebungen und unauff\u00e4lliges Tragen<\/li>\n<li>Kompakt und leicht, optimal f\u00fcr Einsatz, Outdoor, Fahrzeug oder Reise<\/li>\n<\/ul>\n<p><strong>Ambito di consegna<\/strong><\/p>\n<ul>\n<li>Coperta di salvataggio argento\/oro (160 \u00d7 210 cm)<\/li>\n<li>Foulard triangolare (136 \u00d7 96 \u00d7 96 cm)<\/li>\n<li>Forbici per bendaggi<\/li>\n<li>Gesso adesivo (5 m \u00d7 2,5 cm)<\/li>\n<li>Intonaco fissato:\n<ul>\n<li>4\u00d7 medicazione rapida per ferite (10 \u00d7 6 cm)<\/li>\n<li>2\u00d7 benda per le dita<\/li>\n<li>2\u00d7 benda per le dita (12 \u00d7 2 cm)<\/li>\n<li>2\u00d7 strisce di gesso (1,9 \u00d7 7,2 cm)<\/li>\n<li>4\u00d7 strisce di gesso (2,5 \u00d7 7,2 cm)<\/li>\n<\/ul>\n<\/li>\n<li>Panno per medicazione sterile (40 \u00d7 60 cm)<\/li>\n<li>2\u00d7 paio di guanti monouso<\/li>\n<li>Istruzioni per il primo soccorso<\/li>\n<\/ul>\n<p><strong>Dati tecnici<\/strong><\/p>\n<ul>\n<li>Materiale (borsa): 100 poliestere %<\/li>\n<li>Farbe: Dark Coyote<\/li>\n<li>Sistema: MOLLE-compatibile con velcro e bottone a pressione<\/li>\n<li>Portata: 25 pezzi<\/li>\n<\/ul>\n<p><strong>Campo di applicazione<\/strong><\/p>\n<p>Das MIL-TEC\u00ae First Aid Kit PRO 25 \u201eLeina\u201c Dark Coyote ist die ideale Wahl f\u00fcr taktische Eins\u00e4tze, Outdoor-Aktivit\u00e4ten, Dienstfahrzeuge oder Reisen. Dank MOLLE-System l\u00e4sst sich das Set sicher und griffbereit an Ihrer Ausr\u00fcstung befestigen.<\/p>\n<p>Kompakt, zuverl\u00e4ssig und taktisch durchdacht \u2013 ein unverzichtbares Element jeder professionellen Ausr\u00fcstung f\u00fcr den Ernstfall.<\/p>","protected":false},"excerpt":{"rendered":"<p>Das MIL-TEC\u00ae Leina Pro 25-tlg. First Aid Set in der Farbe Dark Coyote bietet eine umfassende Erste-Hilfe-Ausstattung f\u00fcr Einsatzkr\u00e4fte, Outdoor-Enthusiasten<\/p>","protected":false},"featured_media":29590,"comment_status":"open","ping_status":"closed","template":"","meta":[],"product_brand":[125],"product_cat":[77],"product_tag":[],"class_list":{"0":"post-29589","1":"product","2":"type-product","3":"status-publish","4":"has-post-thumbnail","6":"product_brand-mil-tec","7":"product_cat-medic","9":"first","10":"instock","11":"taxable","12":"shipping-taxable","13":"purchasable","14":"product-type-simple"},"_links":{"self":[{"href":"https:\/\/defendgear.ch\/it\/wp-json\/wp\/v2\/product\/29589","targetHints":{"allow":["GET"]}}],"collection":[{"href":"https:\/\/defendgear.ch\/it\/wp-json\/wp\/v2\/product"}],"about":[{"href":"https:\/\/defendgear.ch\/it\/wp-json\/wp\/v2\/types\/product"}],"replies":[{"embeddable":true,"href":"https:\/\/defendgear.ch\/it\/wp-json\/wp\/v2\/comments?post=29589"}],"version-history":[{"count":4,"href":"https:\/\/defendgear.ch\/it\/wp-json\/wp\/v2\/product\/29589\/revisions"}],"predecessor-version":[{"id":29973,"href":"https:\/\/defendgear.ch\/it\/wp-json\/wp\/v2\/product\/29589\/revisions\/29973"}],"wp:featuredmedia":[{"embeddable":true,"href":"https:\/\/defendgear.ch\/it\/wp-json\/wp\/v2\/media\/29590"}],"wp:attachment":[{"href":"https:\/\/defendgear.ch\/it\/wp-json\/wp\/v2\/media?parent=29589"}],"wp:term":[{"taxonomy":"product_brand","embeddable":true,"href":"https:\/\/defendgear.ch\/it\/wp-json\/wp\/v2\/product_brand?post=29589"},{"taxonomy":"product_cat","embeddable":true,"href":"https:\/\/defendgear.ch\/it\/wp-json\/wp\/v2\/product_cat?post=29589"},{"taxonomy":"product_tag","embeddable":true,"href":"https:\/\/defendgear.ch\/it\/wp-json\/wp\/v2\/product_tag?post=29589"}],"curies":[{"name":"wp","href":"https:\/\/api.w.org\/{rel}","templated":true}]}}