{"id":29611,"date":"2025-11-06T18:36:45","date_gmt":"2025-11-06T17:36:45","guid":{"rendered":"https:\/\/defendgear.ch\/?post_type=product&#038;p=29611"},"modified":"2026-02-04T12:10:35","modified_gmt":"2026-02-04T11:10:35","slug":"kit-di-pronto-soccorso-tattico-rothco-breakaway","status":"publish","type":"product","link":"https:\/\/defendgear.ch\/it\/kit-di-pronto-soccorso-tattico-rothco-breakaway\/","title":{"rendered":"ROTHCO Kit di pronto soccorso tattico BREAKAWAY - IFAK completo con sistema MOLLE (nero)"},"content":{"rendered":"<p>Il kit di pronto soccorso ROTHCO Breakaway \u00e8 un kit di pronto soccorso tattico (IFAK) sviluppato appositamente per i servizi di emergenza, militari, polizia, servizi di soccorso e appassionati di outdoor.<\/p>\n<p>Colpisce per il design ben studiato, la robustezza dei materiali e la rapidit\u00e0 di accesso in caso di emergenza.<\/p>\n<p>Grazie al sistema di fissaggio compatibile con il sistema MOLLE, il kit pu\u00f2 essere fissato in modo sicuro a portapiatti, chest rig, zaini o cinture.<\/p>\n<p>In caso di emergenza, la borsa pu\u00f2 essere rimossa in un attimo grazie alla chiusura a strappo in velcro o lanciata a un compagno: l'ideale per l'auto-aiuto o l'aiuto del compagno in condizioni di stress.<\/p>\n<p>Il set comprende una borsa interna separata e completamente fornita di attrezzature mediche di base per l'uso immediato.<\/p>\n<p><strong>Dettagli tecnici:<\/strong><\/p>\n<ul>\n<li>Dimensioni (chiuso): 19 \u00d7 16,5 \u00d7 8,3 cm<\/li>\n<li>Dimensioni (aperto): 68 cm di lunghezza<\/li>\n<li>Materiale: poliestere 600D resistente<\/li>\n<li>Colore: nero<\/li>\n<li>Sistema: compatibile MOLLE<\/li>\n<li>Particolarit\u00e0: borsa staccabile (breakaway) con sistema a velcro<\/li>\n<li>Contenuto della fornitura: Borsa con attrezzatura medica di base.<\/li>\n<\/ul>\n<p><strong>Attrezzature (contenuto del campione):<\/strong><\/p>\n<ul>\n<li>Bende e cerotti<\/li>\n<li>Bende e impacchi di garza<\/li>\n<li>Forbici, pinzette e spille di sicurezza<\/li>\n<li>Guanti di primo soccorso<\/li>\n<li>Maschera CPR e salviette disinfettanti<\/li>\n<\/ul>\n<p>(L'attrezzatura pu\u00f2 variare leggermente a seconda della versione)<\/p>\n<p><strong>I vantaggi in sintesi:<\/strong><\/p>\n<ul>\n<li>Accesso rapido grazie al sistema di velcro a strappo<\/li>\n<li>Completamente compatibile con il sistema MOLLE: aggancio versatile ad armature, gilet o zaini.<\/li>\n<li>Robusto poliestere 600D per un'elevata durata<\/li>\n<li>Compatto e funzionale: ideale per missioni tattiche e avventure all'aperto<\/li>\n<li>Completamente attrezzato - pronto per l'uso immediato<\/li>\n<\/ul>\n<p><strong>Conclusione:<\/strong><\/p>\n<p>Il kit di pronto soccorso ROTHCO Breakaway \u00e8 la combinazione perfetta di tattica, funzionalit\u00e0 e affidabilit\u00e0.<\/p>\n<p>Al poligono di tiro, sul campo o in un'avventura all'aperto, questo IFAK assicura che possiate agire immediatamente in caso di emergenza.<\/p>","protected":false},"excerpt":{"rendered":"<p>Das ROTHCO Breakaway First Aid Kit ist ein taktisches Erste-Hilfe-Set (IFAK), das speziell f\u00fcr Einsatzkr\u00e4fte, Milit\u00e4r, Polizei, Rettungsdienste und Outdoor-Enthusiasten<\/p>","protected":false},"featured_media":29614,"comment_status":"open","ping_status":"closed","template":"","meta":[],"product_brand":[130],"product_cat":[77],"product_tag":[],"class_list":{"0":"post-29611","1":"product","2":"type-product","3":"status-publish","4":"has-post-thumbnail","6":"product_brand-rotcho","7":"product_cat-medic","9":"first","10":"outofstock","11":"taxable","12":"shipping-taxable","13":"purchasable","14":"product-type-simple"},"_links":{"self":[{"href":"https:\/\/defendgear.ch\/it\/wp-json\/wp\/v2\/product\/29611","targetHints":{"allow":["GET"]}}],"collection":[{"href":"https:\/\/defendgear.ch\/it\/wp-json\/wp\/v2\/product"}],"about":[{"href":"https:\/\/defendgear.ch\/it\/wp-json\/wp\/v2\/types\/product"}],"replies":[{"embeddable":true,"href":"https:\/\/defendgear.ch\/it\/wp-json\/wp\/v2\/comments?post=29611"}],"version-history":[{"count":4,"href":"https:\/\/defendgear.ch\/it\/wp-json\/wp\/v2\/product\/29611\/revisions"}],"predecessor-version":[{"id":29957,"href":"https:\/\/defendgear.ch\/it\/wp-json\/wp\/v2\/product\/29611\/revisions\/29957"}],"wp:featuredmedia":[{"embeddable":true,"href":"https:\/\/defendgear.ch\/it\/wp-json\/wp\/v2\/media\/29614"}],"wp:attachment":[{"href":"https:\/\/defendgear.ch\/it\/wp-json\/wp\/v2\/media?parent=29611"}],"wp:term":[{"taxonomy":"product_brand","embeddable":true,"href":"https:\/\/defendgear.ch\/it\/wp-json\/wp\/v2\/product_brand?post=29611"},{"taxonomy":"product_cat","embeddable":true,"href":"https:\/\/defendgear.ch\/it\/wp-json\/wp\/v2\/product_cat?post=29611"},{"taxonomy":"product_tag","embeddable":true,"href":"https:\/\/defendgear.ch\/it\/wp-json\/wp\/v2\/product_tag?post=29611"}],"curies":[{"name":"wp","href":"https:\/\/api.w.org\/{rel}","templated":true}]}}