{"id":29640,"date":"2025-11-06T18:31:52","date_gmt":"2025-11-06T17:31:52","guid":{"rendered":"https:\/\/defendgear.ch\/?post_type=product&#038;p=29640"},"modified":"2025-11-21T23:16:13","modified_gmt":"2025-11-21T22:16:13","slug":"set-di-3-termostrisce-steele-per-il-raffreddamento-della-batteria","status":"publish","type":"product","link":"https:\/\/defendgear.ch\/it\/set-di-3-termostrisce-steele-per-il-raffreddamento-della-batteria\/","title":{"rendered":"STEELE\u00ae Thermostrips\u2122 cool pack set di 3 - Cool pack riutilizzabili secondo lo standard militare statunitense"},"content":{"rendered":"<p>Gli STEELE\u00ae Thermostrips\u2122 sono impacchi freddi riutilizzabili di alta qualit\u00e0, prodotti secondo le specifiche militari statunitensi e in grado di fornire prestazioni di raffreddamento costanti e affidabili.<\/p>\n<p>Con oltre 14 anni di test di successo in applicazioni militari e in centinaia di settori industriali, sono considerati lo standard industriale per un'efficace dissipazione del calore e il raffreddamento del corpo.<\/p>\n<p>Che si tratti di prevenire danni da calore, di lenire muscoli affaticati o di raffreddare cibi e bevande, gli impacchi freddi STEELE\u00ae sono versatili, resistenti e sicuri.<\/p>\n<p><strong>Dettagli tecnici:<\/strong><\/p>\n<ul>\n<li>Modello: STEELE\u00ae Thermostrips\u2122<\/li>\n<li>Contenuto della fornitura: 3 pezzi<\/li>\n<li>Dimensioni (per confezione): 13 \u00d7 13,5 cm<\/li>\n<li>Peso totale: 660 g<\/li>\n<li>Colore: Trasparente \/ Bianco<\/li>\n<li>Origine: Prodotto negli Stati Uniti<\/li>\n<li>Propriet\u00e0 del materiale:\n<ul>\n<li>Non tossico<\/li>\n<li>Biodegradabile<\/li>\n<li>Non infiammabile<\/li>\n<li>Durevole e a prova di perdite<\/li>\n<\/ul>\n<\/li>\n<\/ul>\n<p><strong>Caratteristiche e vantaggi:<\/strong><\/p>\n<ul>\n<li>Raffreddamento costante - testato secondo le specifiche militari statunitensi<\/li>\n<li>Rimane fresco per 3-4 ore - ideale per un uso continuo<\/li>\n<li>Riutilizzabile e robusto - basta congelare e riutilizzare<\/li>\n<li>Leggero e sicuro - non tossico, biodegradabile e non infiammabile<\/li>\n<li>Versatile nell'uso:\n<ul>\n<li>Raffreddamento del corpo in caso di calore o sovraccarico<\/li>\n<li>Primo soccorso per contusioni e lesioni muscolari<\/li>\n<li>Raffreddamento di cibi e bevande<\/li>\n<li>Utilizzare in scatole o sacchetti termici<\/li>\n<\/ul>\n<\/li>\n<li>Testato dalle forze armate americane - oltre 14 anni di test<\/li>\n<\/ul>\n<p><strong>Conclusione:<\/strong><\/p>\n<p>Gli impacchi freddi STEELE\u00ae Thermostrips\u2122 sono la scelta affidabile per le operazioni tattiche, le attivit\u00e0 all'aperto, il primo soccorso o l'uso quotidiano.<\/p>\n<p>Combinano qualit\u00e0 militare, sostenibilit\u00e0 e versatilit\u00e0 e offrono un raffreddamento efficace fino a 4 ore.<\/p>\n<div id=\"gtx-trans\" style=\"position: absolute;left: 176px;top: 232.909px\">\n<div class=\"gtx-trans-icon\"><\/div>\n<\/div>","protected":false},"excerpt":{"rendered":"<p>Die STEELE\u00ae Thermostrips\u2122 sind hochwertige, wiederverwendbare K\u00fchlakkus, die nach US-Milit\u00e4rspezifikationen gefertigt werden und eine konstante, zuverl\u00e4ssige K\u00fchlleistung bieten. Mit \u00fcber<\/p>","protected":false},"featured_media":29642,"comment_status":"open","ping_status":"closed","template":"","meta":[],"product_brand":[133],"product_cat":[77],"product_tag":[],"class_list":{"0":"post-29640","1":"product","2":"type-product","3":"status-publish","4":"has-post-thumbnail","6":"product_brand-us-army","7":"product_cat-medic","9":"first","10":"instock","11":"taxable","12":"shipping-taxable","13":"purchasable","14":"product-type-simple"},"_links":{"self":[{"href":"https:\/\/defendgear.ch\/it\/wp-json\/wp\/v2\/product\/29640","targetHints":{"allow":["GET"]}}],"collection":[{"href":"https:\/\/defendgear.ch\/it\/wp-json\/wp\/v2\/product"}],"about":[{"href":"https:\/\/defendgear.ch\/it\/wp-json\/wp\/v2\/types\/product"}],"replies":[{"embeddable":true,"href":"https:\/\/defendgear.ch\/it\/wp-json\/wp\/v2\/comments?post=29640"}],"version-history":[{"count":4,"href":"https:\/\/defendgear.ch\/it\/wp-json\/wp\/v2\/product\/29640\/revisions"}],"predecessor-version":[{"id":29974,"href":"https:\/\/defendgear.ch\/it\/wp-json\/wp\/v2\/product\/29640\/revisions\/29974"}],"wp:featuredmedia":[{"embeddable":true,"href":"https:\/\/defendgear.ch\/it\/wp-json\/wp\/v2\/media\/29642"}],"wp:attachment":[{"href":"https:\/\/defendgear.ch\/it\/wp-json\/wp\/v2\/media?parent=29640"}],"wp:term":[{"taxonomy":"product_brand","embeddable":true,"href":"https:\/\/defendgear.ch\/it\/wp-json\/wp\/v2\/product_brand?post=29640"},{"taxonomy":"product_cat","embeddable":true,"href":"https:\/\/defendgear.ch\/it\/wp-json\/wp\/v2\/product_cat?post=29640"},{"taxonomy":"product_tag","embeddable":true,"href":"https:\/\/defendgear.ch\/it\/wp-json\/wp\/v2\/product_tag?post=29640"}],"curies":[{"name":"wp","href":"https:\/\/api.w.org\/{rel}","templated":true}]}}