{"id":29644,"date":"2025-11-06T18:31:29","date_gmt":"2025-11-06T17:31:29","guid":{"rendered":"https:\/\/defendgear.ch\/?post_type=product&#038;p=29644"},"modified":"2026-02-06T12:11:16","modified_gmt":"2026-02-06T11:11:16","slug":"benda-modulare-olaes-4-tattico","status":"publish","type":"product","link":"https:\/\/defendgear.ch\/it\/benda-modulare-olaes-4-tattico\/","title":{"rendered":"Olaes\u00ae Modular Bandage 4\u201d - Benda tattica a compressione (TacMed Solutions, USA)"},"content":{"rendered":"<p>Il bendaggio modulare Olaes\u00ae 4\u201d \u00e8 uno dei bendaggi compressivi tattici pi\u00f9 avanzati sul mercato. Sviluppata da TacMed Solutions (USA), \u00e8 stata appositamente progettata per l'uso in condizioni estreme, dalle operazioni militari al primo soccorso civile.<\/p>\n<p>Questo bendaggio combina diverse funzioni salvavita in un design compatto e sottovuoto. \u00c8 rapido, efficiente e sicuro da usare, anche sotto stress o in un ambiente ostile.<\/p>\n<p><strong>Caratteristiche e vantaggi:<\/strong><\/p>\n<ul>\n<li>\ud83d\udca5 Funzione 4 in 1: benda di pressione, garza compressiva, copertura occlusiva per lesioni al torace e copertura per gli occhi.<\/li>\n<li>Garza compressiva integrata (3 m, piegata a Z): Ideale per il tamponamento della ferita e l'emostasi in caso di ferite profonde o fortemente sanguinanti.<\/li>\n<li>\ud83d\udd12Segmento di pressione semicircolare: crea una pressione mirata sulla ferita o serve come protezione per gli occhi.<\/li>\n<li>\ud83d\udca8Film occlusivo (foglio di plastica): Per il trattamento temporaneo di lesioni toraciche aperte.<\/li>\n<li>\u2699\ufe0fKlettverschl\u00fcsse: Fissa in modo affidabile il bendaggio e previene lo srotolamento involontario o la contaminazione.<\/li>\n<li>\ud83d\udce6 Sterile e sottovuoto: minimo ingombro - ideale per IFAK, kit di traumatologia e attrezzature tattiche di primo soccorso.<\/li>\n<li>\ud83c\uddfa\ud83c\uddf8Hergestellt secondo gli standard militari di TacMed Solutions (USA).<\/li>\n<\/ul>\n<p><strong>Dati tecnici:<\/strong><\/p>\n<ul>\n<li>Larghezza: 4\u201d (circa 10 cm)<\/li>\n<li>Lunghezza della garza: 3 m (piega a Z)<\/li>\n<li>NSN: 6510-01-558-3342<\/li>\n<li>Produttore: TacMed Solutions, USA<\/li>\n<li>Sterile, confezionato singolarmente sottovuoto<\/li>\n<\/ul>\n<p><strong>Aree di applicazione:<\/strong><\/p>\n<p>Perfetto per i militari, la polizia, i servizi di emergenza, le forze di sicurezza, gli avventurieri all'aperto e tutti coloro che necessitano di un'emostasi rapida ed efficace in caso di emergenza.<\/p>","protected":false},"excerpt":{"rendered":"<p>Die Olaes\u00ae Modular Bandage 4\u201d ist eine der fortschrittlichsten taktischen Kompressionsbandagen auf dem Markt. Entwickelt von TacMed Solutions (USA), wurde<\/p>","protected":false},"featured_media":29646,"comment_status":"open","ping_status":"closed","template":"","meta":[],"product_brand":[134],"product_cat":[77],"product_tag":[],"class_list":{"0":"post-29644","1":"product","2":"type-product","3":"status-publish","4":"has-post-thumbnail","6":"product_brand-tacmed-solutions-usa","7":"product_cat-medic","9":"first","10":"instock","11":"taxable","12":"shipping-taxable","13":"purchasable","14":"product-type-simple"},"_links":{"self":[{"href":"https:\/\/defendgear.ch\/it\/wp-json\/wp\/v2\/product\/29644","targetHints":{"allow":["GET"]}}],"collection":[{"href":"https:\/\/defendgear.ch\/it\/wp-json\/wp\/v2\/product"}],"about":[{"href":"https:\/\/defendgear.ch\/it\/wp-json\/wp\/v2\/types\/product"}],"replies":[{"embeddable":true,"href":"https:\/\/defendgear.ch\/it\/wp-json\/wp\/v2\/comments?post=29644"}],"version-history":[{"count":3,"href":"https:\/\/defendgear.ch\/it\/wp-json\/wp\/v2\/product\/29644\/revisions"}],"predecessor-version":[{"id":29942,"href":"https:\/\/defendgear.ch\/it\/wp-json\/wp\/v2\/product\/29644\/revisions\/29942"}],"wp:featuredmedia":[{"embeddable":true,"href":"https:\/\/defendgear.ch\/it\/wp-json\/wp\/v2\/media\/29646"}],"wp:attachment":[{"href":"https:\/\/defendgear.ch\/it\/wp-json\/wp\/v2\/media?parent=29644"}],"wp:term":[{"taxonomy":"product_brand","embeddable":true,"href":"https:\/\/defendgear.ch\/it\/wp-json\/wp\/v2\/product_brand?post=29644"},{"taxonomy":"product_cat","embeddable":true,"href":"https:\/\/defendgear.ch\/it\/wp-json\/wp\/v2\/product_cat?post=29644"},{"taxonomy":"product_tag","embeddable":true,"href":"https:\/\/defendgear.ch\/it\/wp-json\/wp\/v2\/product_tag?post=29644"}],"curies":[{"name":"wp","href":"https:\/\/api.w.org\/{rel}","templated":true}]}}